{"id":6174,"date":"2023-12-19T09:18:38","date_gmt":"2023-12-19T08:18:38","guid":{"rendered":"https:\/\/food-zone.eu\/o-projektu\/what-is-regenerative-food-tourism\/"},"modified":"2024-08-25T00:24:22","modified_gmt":"2024-08-24T22:24:22","slug":"sta-je-regenerativni-gastro-turizam","status":"publish","type":"page","link":"https:\/\/food-zone.eu\/bs\/o-projektu\/sta-je-regenerativni-gastro-turizam\/","title":{"rendered":"\u0160ta je regenerativni gastro-turizam"},"content":{"rendered":"\t\t<div data-elementor-type=\"wp-page\" data-elementor-id=\"6174\" class=\"elementor elementor-6174 elementor-2274\" data-elementor-post-type=\"page\">\n\t\t\t\t\t\t<section class=\"elementor-section elementor-top-section elementor-element elementor-element-3cd6dce elementor-section-full_width elementor-section-height-default elementor-section-height-default\" data-id=\"3cd6dce\" data-element_type=\"section\" data-e-type=\"section\" data-settings=\"{&quot;jet_parallax_layout_list&quot;:[]}\">\n\t\t\t\t\t\t<div class=\"elementor-container elementor-column-gap-default\">\n\t\t\t\t\t<div class=\"elementor-column elementor-col-100 elementor-top-column elementor-element elementor-element-2ce1a61\" data-id=\"2ce1a61\" data-element_type=\"column\" data-e-type=\"column\">\n\t\t\t<div class=\"elementor-widget-wrap elementor-element-populated\">\n\t\t\t\t\t\t<div class=\"elementor-element elementor-element-f460138 animated-fast elementor-invisible elementor-widget elementor-widget-heading\" data-id=\"f460138\" data-element_type=\"widget\" data-e-type=\"widget\" data-settings=\"{&quot;_animation&quot;:&quot;fadeInRight&quot;,&quot;_animation_delay&quot;:200}\" data-widget_type=\"heading.default\">\n\t\t\t\t<div class=\"elementor-widget-container\">\n\t\t\t\t\t<h2 class=\"elementor-heading-title elementor-size-default\">O projektu<\/h2>\t\t\t\t<\/div>\n\t\t\t\t<\/div>\n\t\t\t\t<div class=\"elementor-element elementor-element-4a7c319 animated-fast elementor-invisible elementor-widget elementor-widget-heading\" data-id=\"4a7c319\" data-element_type=\"widget\" data-e-type=\"widget\" data-settings=\"{&quot;_animation&quot;:&quot;fadeInRight&quot;,&quot;_animation_delay&quot;:200,&quot;_animation_tablet&quot;:&quot;fadeInUp&quot;}\" data-widget_type=\"heading.default\">\n\t\t\t\t<div class=\"elementor-widget-container\">\n\t\t\t\t\t<h3 class=\"elementor-heading-title elementor-size-default\">\u0160ta je regenerativni gastro-turizam?<\/h3>\t\t\t\t<\/div>\n\t\t\t\t<\/div>\n\t\t\t\t<div class=\"elementor-element elementor-element-6255ea8 animated-fast elementor-invisible elementor-widget elementor-widget-text-editor\" data-id=\"6255ea8\" data-element_type=\"widget\" data-e-type=\"widget\" data-settings=\"{&quot;_animation&quot;:&quot;fadeInRight&quot;,&quot;_animation_tablet&quot;:&quot;fadeInUp&quot;,&quot;_animation_delay&quot;:&quot;300&quot;}\" data-widget_type=\"text-editor.default\">\n\t\t\t\t<div class=\"elementor-widget-container\">\n\t\t\t\t\t\t\t\t\t<p><span data-sheets-root=\"1\">Trenutno ne postoji zvani\u010dna definicija \u0161ta ta\u010dno podrazumjeva iskustvo regenerativnog gastro-turizma. Pregled koji je sproveo Univerzitet u Aveiru otkrio je da univerzalna definicija regenerativnog turizma tek treba da bude razvijena ili usvojena. Ipak, u literaturi koja poti\u010de od ni\u0161nih inovatora mo\u017ee se identifikovati i destilovati nekoliko atributa regenerativnog turizma koji \u010dine konceptualno jezgro i omoguc\u0301avaju dalji konceptualni razvoj.<\/span><\/p><p><strong>Dakle, \u0161ta je regenerativni gastro-turizam?<\/strong><\/p><p><span data-sheets-root=\"1\">Regenerativni turizam odstupa od paradigme odr\u017eivog razvoja pozicionirajuc\u0301i turisti\u010dke aktivnosti kao intervencije koje razvijaju kapacitete mjesta, zajednica i njihovih gostiju da funkcioni\u0161u u skladu sa me\u0111usobno povezanim dru\u0161tveno-ekolo\u0161kim sistemima. Stoga je regenerativni turizam uskla\u0111en sa paradigmom regenerativnog razvoja uprkos tome \u0161to li\u010di na pristupe odr\u017eivog razvoja.<\/span><\/p><p><em><strong>Regenerativni turizam je transformacioni pristup koji ima za cilj da ispuni potencijal turisti\u010dkih mjesta za procvat i stvori neto pozitivne efekte kroz povec\u0301anje regenerativnog kapaciteta ljudskih dru\u0161tava i ekosistema. Proizveden iz ekolo\u0161kog pogleda na svet, on plete autohtone i zapadne nau\u010dne perspektive i znanja. Turisti\u010dki sistemi se smatraju neodvojivim od prirode i obavezni su da po\u0161tuju zemaljske principe i zakone. Pored toga, pristupi regenerativnom turizmu evoluiraju i variraju u razli\u010ditim mestima tokom dugoro\u010dnog perioda, \u010dime se uskla\u0111uju prakse sa regeneracijom ugne\u017e\u0111enih \u017eivih sistema.<\/strong><\/em><\/p><p><span data-sheets-root=\"1\">Usvajanjem regenerativne paradigme, regenerativni turizam nastoji da transformi\u0161e turizam i predvi\u0111a: Turisti\u010dki \u017eivi sistem koji olak\u0161ava susrete, stvara veze i razvija recipro\u010dne i obostrano korisne odnose kroz prakse i iskustva putovanja, jedinstveno odra\u017eavajuc\u0301i turisti\u010dka mjesta. Regeneracija se de\u0161ava mentalno, fizi\u010dki, emocionalno, duhovno, kulturno, socijalno, ekolo\u0161ki i ekonomski.<\/span><\/p><p>Ekonomija posetilaca se mo\u017ee osloniti na regenerativni turizam kako bi osigurala svoju otpornost na buduc\u0301e krize. Regenerativni turizam stvara smislenu ravnote\u017eu izme\u0111u lokalne kulture, prirodnih ekosistema, domac\u0301ina i gostiju. Cilj mu je da holisti\u010dki unapredi zajednicu, umesto da smanji uticaj turizma na minimum. Ideja je da se mesto ostavi bolje nego \u0161to je prona\u0111eno.<\/p><p><span data-sheets-root=\"1\">U tom pogledu, hrana igra zna\u010dajnu ulogu. Svaka destinacija ima posebno kulinarsko nasle\u0111e iza jedinstvenih gastronomskih iskustava.Gastro-turizam omoguc\u0301ava putnicima da otkriju mesto kroz svoje kuhinje uz izgradnju zna\u010dajnih veza i dubljeg razumevanja lokalne kulture.<\/span><\/p><p><span data-sheets-root=\"1\">Iskustva regenerativnog turizma u hrani uklju\u010duju ljude sa lokalnim kulturama, na primer, u\u010dec\u0301i kako da kuvaju autohtone recepte i sa prirodom, uklju\u010dujuc\u0301i i branje sopstvenih sastojaka iz \u0161ume. Pored toga, mnogi restorani gledaju na prirodu kao na izvor kulinarske inspiracije, sa jelovnicima koji su sezonske i kulturno zna\u010dajne lokacije.<\/span><\/p><p><span data-sheets-root=\"1\">Klimatske promene su uticale na lokalnu poljoprivredu i ishranu. Mo\u017eemo se bolje prilagoditi konzumiranjem sezonskih lokalnih proizvoda. Lokalni kuvari igraju zna\u010dajnu ulogu u ovom pomeranju sa oslanjanja na uvoznu robu.<\/span><\/p><p><span data-sheets-root=\"1\">Me\u0111utim, postoji \u0161irok spektar iskustava u hrani gde svako mo\u017ee doprineti osnovama regenerativnog turizma. Na primer, kupovina na farmerskoj pijaci ili degustacija uli\u010dne hrane tako\u0111e mo\u017ee dovesti do opipljivih (ekonomskih i ekolo\u0161kih) i nematerijalnih (kulturnih i dru\u0161tvenih) uticaja.<\/span><\/p><p><span data-sheets-root=\"1\">Odr\u017eiva proizvodnja i razvoj potro\u0161nje hrane doprinose regenerativnom turizmu i buduc\u0301nosti na\u0161e planete.<\/span><\/p><p><span data-sheets-root=\"1\">Primarni cilj regenerativnog turizma je da posetioci pozitivno uti\u010du na svoju destinaciju za odmor, \u0161to zna\u010di da je ostave u boljem stanju nego \u0161to su je zatekli. Koncept koji prevazilazi \u201eneo\u0161tec\u0301ivanje\u201c \u017eivotne sredine i koji ima za cilj da ga aktivno revitalizuje i regeneri\u0161e, \u0161to rezultira pozitivnim ciklusom uticaja na lokalne zajednice i privrede: odr\u017eiva regeneracija. \u201eRegenerativni turizam\u201c sugeri\u0161e da bi turizam trebalo da napusti mesto bolje nego ranije. (Pore\u0111enja radi, odr\u017eivost je ostavljanje ne\u010dega onako kako jeste, tako da ostane isto; drugim re\u010dima, ne uzrokuje dodatnu \u0161tetu). Dakle, to prevazilazi praksu odr\u017eivosti. Regenerativni turizam nudi va\u017ean skup re\u0161enja za preispitivanje i obnovu turisti\u010dke industrije. Tako\u0111e pobolj\u0161ava lokalnu ekonomiju i \u010duva lokalne kulture i biodiverzitet dok gostima nudi nezaboravna i autenti\u010dna iskustva koja menjaju \u017eivot i omoguc\u0301avajuc\u0301i destinacijama da se unaprede.<\/span><\/p>\t\t\t\t\t\t\t\t<\/div>\n\t\t\t\t<\/div>\n\t\t\t\t\t<\/div>\n\t\t<\/div>\n\t\t\t\t\t<\/div>\n\t\t<\/section>\n\t\t\t\t<\/div>\n\t\t","protected":false},"excerpt":{"rendered":"<p>O projektu \u0160ta je regenerativni gastro-turizam? Trenutno ne postoji zvani\u010dna definicija \u0161ta ta\u010dno podrazumjeva iskustvo regenerativnog gastro-turizma. Pregled koji je sproveo Univerzitet u Aveiru otkrio je da univerzalna definicija regenerativnog turizma tek treba da bude razvijena ili usvojena. Ipak, u literaturi koja poti\u010de od ni\u0161nih inovatora mo\u017ee se identifikovati i destilovati nekoliko atributa regenerativnog turizma [&hellip;]<\/p>\n","protected":false},"author":2,"featured_media":0,"parent":6136,"menu_order":0,"comment_status":"closed","ping_status":"closed","template":"","meta":{"footnotes":""},"class_list":["post-6174","page","type-page","status-publish","hentry"],"_links":{"self":[{"href":"https:\/\/food-zone.eu\/bs\/wp-json\/wp\/v2\/pages\/6174","targetHints":{"allow":["GET"]}}],"collection":[{"href":"https:\/\/food-zone.eu\/bs\/wp-json\/wp\/v2\/pages"}],"about":[{"href":"https:\/\/food-zone.eu\/bs\/wp-json\/wp\/v2\/types\/page"}],"author":[{"embeddable":true,"href":"https:\/\/food-zone.eu\/bs\/wp-json\/wp\/v2\/users\/2"}],"replies":[{"embeddable":true,"href":"https:\/\/food-zone.eu\/bs\/wp-json\/wp\/v2\/comments?post=6174"}],"version-history":[{"count":7,"href":"https:\/\/food-zone.eu\/bs\/wp-json\/wp\/v2\/pages\/6174\/revisions"}],"predecessor-version":[{"id":6212,"href":"https:\/\/food-zone.eu\/bs\/wp-json\/wp\/v2\/pages\/6174\/revisions\/6212"}],"up":[{"embeddable":true,"href":"https:\/\/food-zone.eu\/bs\/wp-json\/wp\/v2\/pages\/6136"}],"wp:attachment":[{"href":"https:\/\/food-zone.eu\/bs\/wp-json\/wp\/v2\/media?parent=6174"}],"curies":[{"name":"wp","href":"https:\/\/api.w.org\/{rel}","templated":true}]}}