{"id":6618,"date":"2023-12-19T13:23:20","date_gmt":"2023-12-19T12:23:20","guid":{"rendered":"https:\/\/food-zone.eu\/challenges-and-barriers\/"},"modified":"2025-04-26T00:41:43","modified_gmt":"2025-04-25T22:41:43","slug":"izazovi-i-prepreke","status":"publish","type":"page","link":"https:\/\/food-zone.eu\/bs\/izazovi-i-prepreke\/","title":{"rendered":"Izazovi i prepreke"},"content":{"rendered":"\t\t<div data-elementor-type=\"wp-page\" data-elementor-id=\"6618\" class=\"elementor elementor-6618 elementor-2324\" data-elementor-post-type=\"page\">\n\t\t\t\t\t\t<section class=\"elementor-section elementor-top-section elementor-element elementor-element-4e5fb90 elementor-section-boxed elementor-section-height-default elementor-section-height-default\" data-id=\"4e5fb90\" data-element_type=\"section\" data-e-type=\"section\" data-settings=\"{&quot;jet_parallax_layout_list&quot;:[],&quot;background_background&quot;:&quot;classic&quot;}\">\n\t\t\t\t\t\t\t<div class=\"elementor-background-overlay\"><\/div>\n\t\t\t\t\t\t\t<div class=\"elementor-container elementor-column-gap-default\">\n\t\t\t\t\t<div class=\"elementor-column elementor-col-100 elementor-top-column elementor-element elementor-element-86c92fa\" data-id=\"86c92fa\" data-element_type=\"column\" data-e-type=\"column\">\n\t\t\t<div class=\"elementor-widget-wrap elementor-element-populated\">\n\t\t\t\t\t\t<div class=\"elementor-element elementor-element-b55354f animated-fast elementor-invisible elementor-widget elementor-widget-heading\" data-id=\"b55354f\" data-element_type=\"widget\" data-e-type=\"widget\" data-settings=\"{&quot;_animation&quot;:&quot;fadeInRight&quot;,&quot;_animation_delay&quot;:200}\" data-widget_type=\"heading.default\">\n\t\t\t\t<div class=\"elementor-widget-container\">\n\t\t\t\t\t<h2 class=\"elementor-heading-title elementor-size-default\">Inkubator<\/h2>\t\t\t\t<\/div>\n\t\t\t\t<\/div>\n\t\t\t\t<div class=\"elementor-element elementor-element-33c50c0 animated-fast elementor-invisible elementor-widget elementor-widget-heading\" data-id=\"33c50c0\" data-element_type=\"widget\" data-e-type=\"widget\" data-settings=\"{&quot;_animation&quot;:&quot;fadeInRight&quot;,&quot;_animation_delay&quot;:200,&quot;_animation_tablet&quot;:&quot;fadeInUp&quot;}\" data-widget_type=\"heading.default\">\n\t\t\t\t<div class=\"elementor-widget-container\">\n\t\t\t\t\t<h3 class=\"elementor-heading-title elementor-size-default\">Izazovi i prepreke<\/h3>\t\t\t\t<\/div>\n\t\t\t\t<\/div>\n\t\t\t\t<div class=\"elementor-element elementor-element-e63e969 animated-fast elementor-invisible elementor-widget elementor-widget-text-editor\" data-id=\"e63e969\" data-element_type=\"widget\" data-e-type=\"widget\" data-settings=\"{&quot;_animation&quot;:&quot;fadeInRight&quot;,&quot;_animation_tablet&quot;:&quot;fadeInUp&quot;,&quot;_animation_delay&quot;:&quot;300&quot;}\" data-widget_type=\"text-editor.default\">\n\t\t\t\t<div class=\"elementor-widget-container\">\n\t\t\t\t\t\t\t\t\t<p>Mala i srednja preduze\u0107a u gastronomskom turizmu suo\u010davaju se s finansijskim, regulatornim i kapacitetskim izazovima koji ograni\u010davaju njihovu sposobnost za inovacije. Na osnovu intervjua i anketa sa proizvo\u0111a\u010dima, ovaj resurs mapira klju\u010dne prepreke, uklju\u010duju\u0107i pristup finansiranju, administrativne optere\u0107enja i nedostatak vje\u0161tina (npr. digitalne i ekolo\u0161ke vje\u0161tine). Kroz mapiranje ekosistema i povratne informacije relevantnih aktera, istra\u017euje prakti\u010dna rje\u0161enja koja poma\u017eu MSP-ovima da prevazi\u0111u ove prepreke i uspje\u0161no razviju turisti\u010dke do\u017eivljaje koji su ekonomski odr\u017eivi i dugoro\u010dno isplativi.<\/p>\t\t\t\t\t\t\t\t<\/div>\n\t\t\t\t<\/div>\n\t\t\t\t<div class=\"elementor-element elementor-element-1e84774 elementor-widget elementor-widget-shortcode\" data-id=\"1e84774\" data-element_type=\"widget\" data-e-type=\"widget\" data-widget_type=\"shortcode.default\">\n\t\t\t\t<div class=\"elementor-widget-container\">\n\t\t\t\t\t\t\t<div class=\"elementor-shortcode\"><div class=\"_df_book df-lite\" id=\"df_6603\"  _slug=\"challenges-and-barriers-bs\" data-title=\"challenges-and-barriers-bs\" wpoptions=\"true\" thumbtype=\"\" ><\/div><script class=\"df-shortcode-script\" nowprocket type=\"application\/javascript\">window.option_df_6603 = {\"outline\":[],\"autoEnableOutline\":\"false\",\"autoEnableThumbnail\":\"false\",\"overwritePDFOutline\":\"false\",\"direction\":\"1\",\"pageSize\":\"0\",\"source\":\"https:\\\/\\\/food-zone.eu\\\/wp-content\\\/uploads\\\/2025\\\/04\\\/CB-BS.pdf\",\"wpOptions\":\"true\"}; if(window.DFLIP && window.DFLIP.parseBooks){window.DFLIP.parseBooks();}<\/script><\/div>\n\t\t\t\t\t\t<\/div>\n\t\t\t\t<\/div>\n\t\t\t\t\t<\/div>\n\t\t<\/div>\n\t\t\t\t\t<\/div>\n\t\t<\/section>\n\t\t\t\t<\/div>\n\t\t","protected":false},"excerpt":{"rendered":"<p>Inkubator Mala i srednja preduze\u0107a u gastronomskom turizmu suo\u010davaju se s finansijskim, regulatornim i kapacitetskim izazovima koji ograni\u010davaju njihovu sposobnost za inovacije. Na osnovu intervjua i anketa sa proizvo\u0111a\u010dima, ovaj resurs mapira klju\u010dne prepreke, uklju\u010duju\u0107i pristup finansiranju, administrativne optere\u0107enja i nedostatak vje\u0161tina (npr. digitalne i ekolo\u0161ke vje\u0161tine). Kroz mapiranje ekosistema i povratne informacije relevantnih aktera, [&hellip;]<\/p>\n","protected":false},"author":2,"featured_media":0,"parent":0,"menu_order":0,"comment_status":"closed","ping_status":"closed","template":"","meta":{"footnotes":""},"class_list":["post-6618","page","type-page","status-publish","hentry"],"_links":{"self":[{"href":"https:\/\/food-zone.eu\/bs\/wp-json\/wp\/v2\/pages\/6618","targetHints":{"allow":["GET"]}}],"collection":[{"href":"https:\/\/food-zone.eu\/bs\/wp-json\/wp\/v2\/pages"}],"about":[{"href":"https:\/\/food-zone.eu\/bs\/wp-json\/wp\/v2\/types\/page"}],"author":[{"embeddable":true,"href":"https:\/\/food-zone.eu\/bs\/wp-json\/wp\/v2\/users\/2"}],"replies":[{"embeddable":true,"href":"https:\/\/food-zone.eu\/bs\/wp-json\/wp\/v2\/comments?post=6618"}],"version-history":[{"count":10,"href":"https:\/\/food-zone.eu\/bs\/wp-json\/wp\/v2\/pages\/6618\/revisions"}],"predecessor-version":[{"id":9557,"href":"https:\/\/food-zone.eu\/bs\/wp-json\/wp\/v2\/pages\/6618\/revisions\/9557"}],"wp:attachment":[{"href":"https:\/\/food-zone.eu\/bs\/wp-json\/wp\/v2\/media?parent=6618"}],"curies":[{"name":"wp","href":"https:\/\/api.w.org\/{rel}","templated":true}]}}