{"id":6698,"date":"2023-12-19T13:23:31","date_gmt":"2023-12-19T12:23:31","guid":{"rendered":"https:\/\/food-zone.eu\/regenerative-guide\/"},"modified":"2025-03-18T11:01:10","modified_gmt":"2025-03-18T10:01:10","slug":"regenerativni-vodic","status":"publish","type":"page","link":"https:\/\/food-zone.eu\/bs\/regenerativni-vodic\/","title":{"rendered":"Regenerativni vodi\u010d"},"content":{"rendered":"\t\t<div data-elementor-type=\"wp-page\" data-elementor-id=\"6698\" class=\"elementor elementor-6698 elementor-2327\" data-elementor-post-type=\"page\">\n\t\t\t\t\t\t<section class=\"elementor-section elementor-top-section elementor-element elementor-element-7ce0eb9 elementor-section-boxed elementor-section-height-default elementor-section-height-default\" data-id=\"7ce0eb9\" data-element_type=\"section\" data-e-type=\"section\" data-settings=\"{&quot;jet_parallax_layout_list&quot;:[],&quot;background_background&quot;:&quot;classic&quot;}\">\n\t\t\t\t\t\t\t<div class=\"elementor-background-overlay\"><\/div>\n\t\t\t\t\t\t\t<div class=\"elementor-container elementor-column-gap-default\">\n\t\t\t\t\t<div class=\"elementor-column elementor-col-100 elementor-top-column elementor-element elementor-element-9288248\" data-id=\"9288248\" data-element_type=\"column\" data-e-type=\"column\">\n\t\t\t<div class=\"elementor-widget-wrap elementor-element-populated\">\n\t\t\t\t\t\t<div class=\"elementor-element elementor-element-064f07d animated-fast elementor-invisible elementor-widget elementor-widget-heading\" data-id=\"064f07d\" data-element_type=\"widget\" data-e-type=\"widget\" data-settings=\"{&quot;_animation&quot;:&quot;fadeInRight&quot;,&quot;_animation_delay&quot;:200}\" data-widget_type=\"heading.default\">\n\t\t\t\t<div class=\"elementor-widget-container\">\n\t\t\t\t\t<h2 class=\"elementor-heading-title elementor-size-default\">Inkubator<\/h2>\t\t\t\t<\/div>\n\t\t\t\t<\/div>\n\t\t\t\t<div class=\"elementor-element elementor-element-c55d1ca animated-fast elementor-invisible elementor-widget elementor-widget-heading\" data-id=\"c55d1ca\" data-element_type=\"widget\" data-e-type=\"widget\" data-settings=\"{&quot;_animation&quot;:&quot;fadeInRight&quot;,&quot;_animation_delay&quot;:200,&quot;_animation_tablet&quot;:&quot;fadeInUp&quot;}\" data-widget_type=\"heading.default\">\n\t\t\t\t<div class=\"elementor-widget-container\">\n\t\t\t\t\t<h3 class=\"elementor-heading-title elementor-size-default\">Regenerativni vodi\u010d<\/h3>\t\t\t\t<\/div>\n\t\t\t\t<\/div>\n\t\t\t\t<div class=\"elementor-element elementor-element-96340f7 animated-fast elementor-invisible elementor-widget elementor-widget-text-editor\" data-id=\"96340f7\" data-element_type=\"widget\" data-e-type=\"widget\" data-settings=\"{&quot;_animation&quot;:&quot;fadeInRight&quot;,&quot;_animation_tablet&quot;:&quot;fadeInUp&quot;,&quot;_animation_delay&quot;:&quot;300&quot;}\" data-widget_type=\"text-editor.default\">\n\t\t\t\t<div class=\"elementor-widget-container\">\n\t\t\t\t\t\t\t\t\t<p>Regenerativni vodi\u010d za kreiranje do\u017eivljaja ruralnog gastronomskog turizma je razvijen sa jakim naglaskom na stvaranju regenerativnih i odr\u017eivih iskustava koja imaju pozitivan uticaj na lokalnu zajednicu i planetu. Ako ste proizvo\u0111a\u010d hrane, turisti\u010dki ili kulturni profesionalac, edukator ili student i \u017eelite da saznate vi\u0161e o razvoju iskustava odr\u017eivog turizma, ovaj vodi\u010d je za vas!<\/p>\t\t\t\t\t\t\t\t<\/div>\n\t\t\t\t<\/div>\n\t\t\t\t<div class=\"elementor-element elementor-element-8679a9a elementor-widget elementor-widget-shortcode\" data-id=\"8679a9a\" data-element_type=\"widget\" data-e-type=\"widget\" data-widget_type=\"shortcode.default\">\n\t\t\t\t<div class=\"elementor-widget-container\">\n\t\t\t\t\t\t\t<div class=\"elementor-shortcode\"><div class=\"_df_book df-lite\" id=\"df_7394\"  _slug=\"regenerative-guide-bn\" data-title=\"regenerative-guide-bn\" wpoptions=\"true\" thumbtype=\"\" ><\/div><script class=\"df-shortcode-script\" nowprocket type=\"application\/javascript\">window.option_df_7394 = {\"outline\":[],\"autoEnableOutline\":\"false\",\"autoEnableThumbnail\":\"false\",\"overwritePDFOutline\":\"false\",\"direction\":\"1\",\"pageSize\":\"0\",\"source\":\"https:\\\/\\\/food-zone.eu\\\/wp-content\\\/uploads\\\/2025\\\/03\\\/Regenerative-Guide-BN.pdf\",\"wpOptions\":\"true\"}; if(window.DFLIP && window.DFLIP.parseBooks){window.DFLIP.parseBooks();}<\/script><\/div>\n\t\t\t\t\t\t<\/div>\n\t\t\t\t<\/div>\n\t\t\t\t\t<\/div>\n\t\t<\/div>\n\t\t\t\t\t<\/div>\n\t\t<\/section>\n\t\t\t\t<\/div>\n\t\t","protected":false},"excerpt":{"rendered":"<p>Inkubator Regenerativni vodi\u010d za kreiranje do\u017eivljaja ruralnog gastronomskog turizma je razvijen sa jakim naglaskom na stvaranju regenerativnih i odr\u017eivih iskustava koja imaju pozitivan uticaj na lokalnu zajednicu i planetu. Ako ste proizvo\u0111a\u010d hrane, turisti\u010dki ili kulturni profesionalac, edukator ili student i \u017eelite da saznate vi\u0161e o razvoju iskustava odr\u017eivog turizma, ovaj vodi\u010d je za vas!<\/p>\n","protected":false},"author":2,"featured_media":0,"parent":0,"menu_order":0,"comment_status":"closed","ping_status":"closed","template":"","meta":{"footnotes":""},"class_list":["post-6698","page","type-page","status-publish","hentry"],"_links":{"self":[{"href":"https:\/\/food-zone.eu\/bs\/wp-json\/wp\/v2\/pages\/6698","targetHints":{"allow":["GET"]}}],"collection":[{"href":"https:\/\/food-zone.eu\/bs\/wp-json\/wp\/v2\/pages"}],"about":[{"href":"https:\/\/food-zone.eu\/bs\/wp-json\/wp\/v2\/types\/page"}],"author":[{"embeddable":true,"href":"https:\/\/food-zone.eu\/bs\/wp-json\/wp\/v2\/users\/2"}],"replies":[{"embeddable":true,"href":"https:\/\/food-zone.eu\/bs\/wp-json\/wp\/v2\/comments?post=6698"}],"version-history":[{"count":10,"href":"https:\/\/food-zone.eu\/bs\/wp-json\/wp\/v2\/pages\/6698\/revisions"}],"predecessor-version":[{"id":7437,"href":"https:\/\/food-zone.eu\/bs\/wp-json\/wp\/v2\/pages\/6698\/revisions\/7437"}],"wp:attachment":[{"href":"https:\/\/food-zone.eu\/bs\/wp-json\/wp\/v2\/media?parent=6698"}],"curies":[{"name":"wp","href":"https:\/\/api.w.org\/{rel}","templated":true}]}}