{"id":7072,"date":"2023-12-19T13:24:36","date_gmt":"2023-12-19T12:24:36","guid":{"rendered":"https:\/\/food-zone.eu\/call-to-action\/"},"modified":"2025-04-26T00:36:39","modified_gmt":"2025-04-25T22:36:39","slug":"poziv-na-akciju","status":"publish","type":"page","link":"https:\/\/food-zone.eu\/bs\/poziv-na-akciju\/","title":{"rendered":"Poziv na akciju"},"content":{"rendered":"\t\t<div data-elementor-type=\"wp-page\" data-elementor-id=\"7072\" class=\"elementor elementor-7072 elementor-2335\" data-elementor-post-type=\"page\">\n\t\t\t\t\t\t<section class=\"elementor-section elementor-top-section elementor-element elementor-element-5098ac2 elementor-section-boxed elementor-section-height-default elementor-section-height-default\" data-id=\"5098ac2\" data-element_type=\"section\" data-e-type=\"section\" data-settings=\"{&quot;jet_parallax_layout_list&quot;:[],&quot;background_background&quot;:&quot;classic&quot;}\">\n\t\t\t\t\t\t\t<div class=\"elementor-background-overlay\"><\/div>\n\t\t\t\t\t\t\t<div class=\"elementor-container elementor-column-gap-default\">\n\t\t\t\t\t<div class=\"elementor-column elementor-col-100 elementor-top-column elementor-element elementor-element-ab80263\" data-id=\"ab80263\" data-element_type=\"column\" data-e-type=\"column\">\n\t\t\t<div class=\"elementor-widget-wrap elementor-element-populated\">\n\t\t\t\t\t\t<div class=\"elementor-element elementor-element-0665dbf animated-fast elementor-invisible elementor-widget elementor-widget-heading\" data-id=\"0665dbf\" data-element_type=\"widget\" data-e-type=\"widget\" data-settings=\"{&quot;_animation&quot;:&quot;fadeInRight&quot;,&quot;_animation_delay&quot;:200}\" data-widget_type=\"heading.default\">\n\t\t\t\t<div class=\"elementor-widget-container\">\n\t\t\t\t\t<h2 class=\"elementor-heading-title elementor-size-default\">Inkubator<\/h2>\t\t\t\t<\/div>\n\t\t\t\t<\/div>\n\t\t\t\t<div class=\"elementor-element elementor-element-af229c0 animated-fast elementor-invisible elementor-widget elementor-widget-heading\" data-id=\"af229c0\" data-element_type=\"widget\" data-e-type=\"widget\" data-settings=\"{&quot;_animation&quot;:&quot;fadeInRight&quot;,&quot;_animation_delay&quot;:200,&quot;_animation_tablet&quot;:&quot;fadeInUp&quot;}\" data-widget_type=\"heading.default\">\n\t\t\t\t<div class=\"elementor-widget-container\">\n\t\t\t\t\t<h3 class=\"elementor-heading-title elementor-size-default\">Poziv na akciju<\/h3>\t\t\t\t<\/div>\n\t\t\t\t<\/div>\n\t\t\t\t<div class=\"elementor-element elementor-element-c3b9633 animated-fast elementor-invisible elementor-widget elementor-widget-text-editor\" data-id=\"c3b9633\" data-element_type=\"widget\" data-e-type=\"widget\" data-settings=\"{&quot;_animation&quot;:&quot;fadeInRight&quot;,&quot;_animation_tablet&quot;:&quot;fadeInUp&quot;,&quot;_animation_delay&quot;:&quot;300&quot;}\" data-widget_type=\"text-editor.default\">\n\t\t\t\t<div class=\"elementor-widget-container\">\n\t\t\t\t\t\t\t\t\t<p>Kako bi se promovisao regenerativni gastronomski turizam, projekat je pokrenuo kampanju zagovaranja, uklju\u010duju\u0107i nacionalne i regionalne vebinare, kao i me\u0111unarodni doga\u0111aj (25. mart 2025). Ove inicijative isti\u010du prednosti kulinarskog turizma za ruralni razvoj i otpornost zajednica. Kampanja podsti\u010de saradnju izme\u0111u kreatora politika, malih i srednjih preduze\u0107a (MSP) i drugih aktera, zagovaraju\u0107i podr\u017eavaju\u0107e politike, pristupa\u010dno finansiranje i ja\u010da partnerstva za odr\u017eivu transformaciju gastronomskog turizma.<\/p>\t\t\t\t\t\t\t\t<\/div>\n\t\t\t\t<\/div>\n\t\t\t\t<div class=\"elementor-element elementor-element-9c41e0f elementor-widget elementor-widget-shortcode\" data-id=\"9c41e0f\" data-element_type=\"widget\" data-e-type=\"widget\" data-widget_type=\"shortcode.default\">\n\t\t\t\t<div class=\"elementor-widget-container\">\n\t\t\t\t\t\t\t<div class=\"elementor-shortcode\"><div class=\"_df_book df-lite\" id=\"df_7265\"  _slug=\"call-to-action-bn\" data-title=\"call-to-action-bn\" wpoptions=\"true\" thumbtype=\"\" ><\/div><script class=\"df-shortcode-script\" nowprocket type=\"application\/javascript\">window.option_df_7265 = {\"outline\":[],\"autoEnableOutline\":\"false\",\"autoEnableThumbnail\":\"false\",\"overwritePDFOutline\":\"false\",\"direction\":\"1\",\"pageSize\":\"0\",\"source\":\"https:\\\/\\\/food-zone.eu\\\/wp-content\\\/uploads\\\/2025\\\/03\\\/Call-to-Action-BN.pdf\",\"wpOptions\":\"true\"}; if(window.DFLIP && window.DFLIP.parseBooks){window.DFLIP.parseBooks();}<\/script><\/div>\n\t\t\t\t\t\t<\/div>\n\t\t\t\t<\/div>\n\t\t\t\t<div class=\"elementor-element elementor-element-fb51594 animated-fast elementor-invisible elementor-widget elementor-widget-text-editor\" data-id=\"fb51594\" data-element_type=\"widget\" data-e-type=\"widget\" data-settings=\"{&quot;_animation&quot;:&quot;fadeInRight&quot;,&quot;_animation_tablet&quot;:&quot;fadeInUp&quot;,&quot;_animation_delay&quot;:&quot;300&quot;}\" data-widget_type=\"text-editor.default\">\n\t\t\t\t<div class=\"elementor-widget-container\">\n\t\t\t\t\t\t\t\t\t<p>Dana 25. marta odr\u017eali smo na\u0161 zavr\u0161ni me\u0111unarodni vebinar, fokusiran na saradnju, obrazovanje i politike u oblasti regenerativnog gastronomskog turizma. Partneri iz LANARA Consulting, DomSpain, Universidade de Aveiro, Op\u0161tine Tivat, Privredne komore C\u00e1ceres i EURAKOM-a podijelili su uvide, dobre prakse i preporuke za politiku.<\/p>\t\t\t\t\t\t\t\t<\/div>\n\t\t\t\t<\/div>\n\t\t\t\t<div class=\"elementor-element elementor-element-578dc3a elementor-widget elementor-widget-video\" data-id=\"578dc3a\" data-element_type=\"widget\" data-e-type=\"widget\" data-settings=\"{&quot;youtube_url&quot;:&quot;https:\\\/\\\/www.youtube.com\\\/embed\\\/bBN9FkBtJYw?si=AM3tf16sSJ_zQXoX&quot;,&quot;yt_privacy&quot;:&quot;yes&quot;,&quot;video_type&quot;:&quot;youtube&quot;,&quot;controls&quot;:&quot;yes&quot;}\" data-widget_type=\"video.default\">\n\t\t\t\t<div class=\"elementor-widget-container\">\n\t\t\t\t\t\t\t<div class=\"elementor-wrapper elementor-open-inline\">\n\t\t\t<div class=\"elementor-video\"><\/div>\t\t<\/div>\n\t\t\t\t\t\t<\/div>\n\t\t\t\t<\/div>\n\t\t\t\t<div class=\"elementor-element elementor-element-d6f1ae2 animated-fast elementor-invisible elementor-widget elementor-widget-text-editor\" data-id=\"d6f1ae2\" data-element_type=\"widget\" data-e-type=\"widget\" data-settings=\"{&quot;_animation&quot;:&quot;fadeInRight&quot;,&quot;_animation_tablet&quot;:&quot;fadeInUp&quot;,&quot;_animation_delay&quot;:&quot;300&quot;}\" data-widget_type=\"text-editor.default\">\n\t\t\t\t<div class=\"elementor-widget-container\">\n\t\t\t\t\t\t\t\t\t<p>Vjerujemo da je potrebno jo\u0161 mnogo toga da se uradi na ru\u0161enju barijera, suo\u010davanju sa izazovima i podr\u0161ci razvoju regenerativnog turizma. Zalagac\u0301emo se za obuku i podr\u0161ku u sektoru gastro-turizma, povec\u0301anu saradnju izme\u0111u sektora kako bismo bili sigurni da su proizvo\u0111a\u010di hrane i MSP integrisani u turisti\u010dki ekosistem.<\/p>\t\t\t\t\t\t\t\t<\/div>\n\t\t\t\t<\/div>\n\t\t\t\t\t<\/div>\n\t\t<\/div>\n\t\t\t\t\t<\/div>\n\t\t<\/section>\n\t\t\t\t<\/div>\n\t\t","protected":false},"excerpt":{"rendered":"<p>Inkubator Kako bi se promovisao regenerativni gastronomski turizam, projekat je pokrenuo kampanju zagovaranja, uklju\u010duju\u0107i nacionalne i regionalne vebinare, kao i me\u0111unarodni doga\u0111aj (25. mart 2025). Ove inicijative isti\u010du prednosti kulinarskog turizma za ruralni razvoj i otpornost zajednica. Kampanja podsti\u010de saradnju izme\u0111u kreatora politika, malih i srednjih preduze\u0107a (MSP) i drugih aktera, zagovaraju\u0107i podr\u017eavaju\u0107e politike, pristupa\u010dno [&hellip;]<\/p>\n","protected":false},"author":2,"featured_media":0,"parent":0,"menu_order":0,"comment_status":"closed","ping_status":"closed","template":"","meta":{"footnotes":""},"class_list":["post-7072","page","type-page","status-publish","hentry"],"_links":{"self":[{"href":"https:\/\/food-zone.eu\/bs\/wp-json\/wp\/v2\/pages\/7072","targetHints":{"allow":["GET"]}}],"collection":[{"href":"https:\/\/food-zone.eu\/bs\/wp-json\/wp\/v2\/pages"}],"about":[{"href":"https:\/\/food-zone.eu\/bs\/wp-json\/wp\/v2\/types\/page"}],"author":[{"embeddable":true,"href":"https:\/\/food-zone.eu\/bs\/wp-json\/wp\/v2\/users\/2"}],"replies":[{"embeddable":true,"href":"https:\/\/food-zone.eu\/bs\/wp-json\/wp\/v2\/comments?post=7072"}],"version-history":[{"count":13,"href":"https:\/\/food-zone.eu\/bs\/wp-json\/wp\/v2\/pages\/7072\/revisions"}],"predecessor-version":[{"id":9542,"href":"https:\/\/food-zone.eu\/bs\/wp-json\/wp\/v2\/pages\/7072\/revisions\/9542"}],"wp:attachment":[{"href":"https:\/\/food-zone.eu\/bs\/wp-json\/wp\/v2\/media?parent=7072"}],"curies":[{"name":"wp","href":"https:\/\/api.w.org\/{rel}","templated":true}]}}