{"id":7123,"date":"2023-12-19T13:24:05","date_gmt":"2023-12-19T12:24:05","guid":{"rendered":"https:\/\/food-zone.eu\/guide-for-educators\/"},"modified":"2025-04-26T00:36:22","modified_gmt":"2025-04-25T22:36:22","slug":"vodic-za-edukatore","status":"publish","type":"page","link":"https:\/\/food-zone.eu\/bs\/vodic-za-edukatore\/","title":{"rendered":"Vodi\u010d za edukatore"},"content":{"rendered":"\t\t<div data-elementor-type=\"wp-page\" data-elementor-id=\"7123\" class=\"elementor elementor-7123 elementor-2330\" data-elementor-post-type=\"page\">\n\t\t\t\t\t\t<section class=\"elementor-section elementor-top-section elementor-element elementor-element-3af8d41 elementor-section-boxed elementor-section-height-default elementor-section-height-default\" data-id=\"3af8d41\" data-element_type=\"section\" data-e-type=\"section\" data-settings=\"{&quot;jet_parallax_layout_list&quot;:[],&quot;background_background&quot;:&quot;classic&quot;}\">\n\t\t\t\t\t\t\t<div class=\"elementor-background-overlay\"><\/div>\n\t\t\t\t\t\t\t<div class=\"elementor-container elementor-column-gap-default\">\n\t\t\t\t\t<div class=\"elementor-column elementor-col-100 elementor-top-column elementor-element elementor-element-fe4c5a4\" data-id=\"fe4c5a4\" data-element_type=\"column\" data-e-type=\"column\">\n\t\t\t<div class=\"elementor-widget-wrap elementor-element-populated\">\n\t\t\t\t\t\t<div class=\"elementor-element elementor-element-e983225 animated-fast elementor-invisible elementor-widget elementor-widget-heading\" data-id=\"e983225\" data-element_type=\"widget\" data-e-type=\"widget\" data-settings=\"{&quot;_animation&quot;:&quot;fadeInRight&quot;,&quot;_animation_delay&quot;:200}\" data-widget_type=\"heading.default\">\n\t\t\t\t<div class=\"elementor-widget-container\">\n\t\t\t\t\t<h2 class=\"elementor-heading-title elementor-size-default\">Inkubator<\/h2>\t\t\t\t<\/div>\n\t\t\t\t<\/div>\n\t\t\t\t<div class=\"elementor-element elementor-element-88a5633 animated-fast elementor-invisible elementor-widget elementor-widget-heading\" data-id=\"88a5633\" data-element_type=\"widget\" data-e-type=\"widget\" data-settings=\"{&quot;_animation&quot;:&quot;fadeInRight&quot;,&quot;_animation_delay&quot;:200,&quot;_animation_tablet&quot;:&quot;fadeInUp&quot;}\" data-widget_type=\"heading.default\">\n\t\t\t\t<div class=\"elementor-widget-container\">\n\t\t\t\t\t<h3 class=\"elementor-heading-title elementor-size-default\">Vodi\u010d za edukatore<\/h3>\t\t\t\t<\/div>\n\t\t\t\t<\/div>\n\t\t\t\t<div class=\"elementor-element elementor-element-3d218d9 animated-fast elementor-invisible elementor-widget elementor-widget-text-editor\" data-id=\"3d218d9\" data-element_type=\"widget\" data-e-type=\"widget\" data-settings=\"{&quot;_animation&quot;:&quot;fadeInRight&quot;,&quot;_animation_tablet&quot;:&quot;fadeInUp&quot;,&quot;_animation_delay&quot;:&quot;300&quot;}\" data-widget_type=\"text-editor.default\">\n\t\t\t\t<div class=\"elementor-widget-container\">\n\t\t\t\t\t\t\t\t\t<p>Obrazovni radnici imaju klju\u010dnu ulogu u pripremi budu\u0107ih profesionalaca za regenerativni turizam. Ove smjernice podr\u017eavaju institucije visokog obrazovanja i stru\u010dnog obrazovanja i obuke u integraciji sadr\u017eaja usmjerenog na odr\u017eivost u njihove nastavne planove. One pru\u017eaju pregled klju\u010dnih nastavnih materijala, o\u010dekivanih ishoda i metodologija za aktivno u\u010denje. Tako\u0111e, vodi\u010d nudi preporuke za razvoj interaktivnih, prakti\u010dnih iskustava u\u010denja koja poma\u017eu studentima da se suo\u010de s izazovima odr\u017eivosti u sektorima ishrane i turizma.<\/p>\t\t\t\t\t\t\t\t<\/div>\n\t\t\t\t<\/div>\n\t\t\t\t<div class=\"elementor-element elementor-element-2089176 elementor-widget elementor-widget-shortcode\" data-id=\"2089176\" data-element_type=\"widget\" data-e-type=\"widget\" data-widget_type=\"shortcode.default\">\n\t\t\t\t<div class=\"elementor-widget-container\">\n\t\t\t\t\t\t\t<div class=\"elementor-shortcode\"><div class=\"_df_book df-lite\" id=\"df_7178\"  _slug=\"guide-for-educators-bn\" data-title=\"guide-for-educators-bn\" wpoptions=\"true\" thumbtype=\"\" ><\/div><script class=\"df-shortcode-script\" nowprocket type=\"application\/javascript\">window.option_df_7178 = {\"outline\":[],\"autoEnableOutline\":\"false\",\"autoEnableThumbnail\":\"false\",\"overwritePDFOutline\":\"false\",\"direction\":\"1\",\"pageSize\":\"0\",\"source\":\"https:\\\/\\\/food-zone.eu\\\/wp-content\\\/uploads\\\/2025\\\/03\\\/Guide-for-Educators-BN.pdf\",\"wpOptions\":\"true\"}; if(window.DFLIP && window.DFLIP.parseBooks){window.DFLIP.parseBooks();}<\/script><\/div>\n\t\t\t\t\t\t<\/div>\n\t\t\t\t<\/div>\n\t\t\t\t\t<\/div>\n\t\t<\/div>\n\t\t\t\t\t<\/div>\n\t\t<\/section>\n\t\t\t\t<\/div>\n\t\t","protected":false},"excerpt":{"rendered":"<p>Inkubator Obrazovni radnici imaju klju\u010dnu ulogu u pripremi budu\u0107ih profesionalaca za regenerativni turizam. Ove smjernice podr\u017eavaju institucije visokog obrazovanja i stru\u010dnog obrazovanja i obuke u integraciji sadr\u017eaja usmjerenog na odr\u017eivost u njihove nastavne planove. One pru\u017eaju pregled klju\u010dnih nastavnih materijala, o\u010dekivanih ishoda i metodologija za aktivno u\u010denje. Tako\u0111e, vodi\u010d nudi preporuke za razvoj interaktivnih, prakti\u010dnih [&hellip;]<\/p>\n","protected":false},"author":2,"featured_media":0,"parent":0,"menu_order":0,"comment_status":"closed","ping_status":"closed","template":"","meta":{"footnotes":""},"class_list":["post-7123","page","type-page","status-publish","hentry"],"_links":{"self":[{"href":"https:\/\/food-zone.eu\/bs\/wp-json\/wp\/v2\/pages\/7123","targetHints":{"allow":["GET"]}}],"collection":[{"href":"https:\/\/food-zone.eu\/bs\/wp-json\/wp\/v2\/pages"}],"about":[{"href":"https:\/\/food-zone.eu\/bs\/wp-json\/wp\/v2\/types\/page"}],"author":[{"embeddable":true,"href":"https:\/\/food-zone.eu\/bs\/wp-json\/wp\/v2\/users\/2"}],"replies":[{"embeddable":true,"href":"https:\/\/food-zone.eu\/bs\/wp-json\/wp\/v2\/comments?post=7123"}],"version-history":[{"count":7,"href":"https:\/\/food-zone.eu\/bs\/wp-json\/wp\/v2\/pages\/7123\/revisions"}],"predecessor-version":[{"id":9533,"href":"https:\/\/food-zone.eu\/bs\/wp-json\/wp\/v2\/pages\/7123\/revisions\/9533"}],"wp:attachment":[{"href":"https:\/\/food-zone.eu\/bs\/wp-json\/wp\/v2\/media?parent=7123"}],"curies":[{"name":"wp","href":"https:\/\/api.w.org\/{rel}","templated":true}]}}