{"id":6178,"date":"2023-12-19T09:18:38","date_gmt":"2023-12-19T08:18:38","guid":{"rendered":"https:\/\/food-zone.eu\/acerca\/what-is-regenerative-food-tourism\/"},"modified":"2024-08-25T00:18:56","modified_gmt":"2024-08-24T22:18:56","slug":"que-es-el-turismo-gastronomico-regenerativo","status":"publish","type":"page","link":"https:\/\/food-zone.eu\/es\/acerca-de\/que-es-el-turismo-gastronomico-regenerativo\/","title":{"rendered":"Qu\u00e9 es el Turismo Gastron\u00f3mico Regenerativo"},"content":{"rendered":"\t\t<div data-elementor-type=\"wp-page\" data-elementor-id=\"6178\" class=\"elementor elementor-6178 elementor-2274\" data-elementor-post-type=\"page\">\n\t\t\t\t\t\t<section class=\"elementor-section elementor-top-section elementor-element elementor-element-3cd6dce elementor-section-full_width elementor-section-height-default elementor-section-height-default\" data-id=\"3cd6dce\" data-element_type=\"section\" data-e-type=\"section\" data-settings=\"{&quot;jet_parallax_layout_list&quot;:[]}\">\n\t\t\t\t\t\t<div class=\"elementor-container elementor-column-gap-default\">\n\t\t\t\t\t<div class=\"elementor-column elementor-col-100 elementor-top-column elementor-element elementor-element-2ce1a61\" data-id=\"2ce1a61\" data-element_type=\"column\" data-e-type=\"column\">\n\t\t\t<div class=\"elementor-widget-wrap elementor-element-populated\">\n\t\t\t\t\t\t<div class=\"elementor-element elementor-element-f460138 animated-fast elementor-invisible elementor-widget elementor-widget-heading\" data-id=\"f460138\" data-element_type=\"widget\" data-e-type=\"widget\" data-settings=\"{&quot;_animation&quot;:&quot;fadeInRight&quot;,&quot;_animation_delay&quot;:200}\" data-widget_type=\"heading.default\">\n\t\t\t\t<div class=\"elementor-widget-container\">\n\t\t\t\t\t<h2 class=\"elementor-heading-title elementor-size-default\">Acerca<\/h2>\t\t\t\t<\/div>\n\t\t\t\t<\/div>\n\t\t\t\t<div class=\"elementor-element elementor-element-4a7c319 animated-fast elementor-invisible elementor-widget elementor-widget-heading\" data-id=\"4a7c319\" data-element_type=\"widget\" data-e-type=\"widget\" data-settings=\"{&quot;_animation&quot;:&quot;fadeInRight&quot;,&quot;_animation_delay&quot;:200,&quot;_animation_tablet&quot;:&quot;fadeInUp&quot;}\" data-widget_type=\"heading.default\">\n\t\t\t\t<div class=\"elementor-widget-container\">\n\t\t\t\t\t<h3 class=\"elementor-heading-title elementor-size-default\">\u00bfQu\u00e9 es el Turismo Gastron\u00f3mico Regenerativo?<\/h3>\t\t\t\t<\/div>\n\t\t\t\t<\/div>\n\t\t\t\t<div class=\"elementor-element elementor-element-6255ea8 animated-fast elementor-invisible elementor-widget elementor-widget-text-editor\" data-id=\"6255ea8\" data-element_type=\"widget\" data-e-type=\"widget\" data-settings=\"{&quot;_animation&quot;:&quot;fadeInRight&quot;,&quot;_animation_tablet&quot;:&quot;fadeInUp&quot;,&quot;_animation_delay&quot;:&quot;300&quot;}\" data-widget_type=\"text-editor.default\">\n\t\t\t\t<div class=\"elementor-widget-container\">\n\t\t\t\t\t\t\t\t\t<p>La meta del proyecto FOOD ZONE es mejorar las competencias verdes, azules, digitales, y emprendedores de los duention y gestores de PYME para desarrollar emprendimientos m\u00e1s sostenibles, regenerativos, inclusivos, y resilientes, que en su turno contribuyen a un ecosistema de turismo y gastronom\u00eda rural m\u00e1s regenerativo y resiliente. El desarrollo tangible de experiencias de turismo gastron\u00f3mico regenerativas requiere establecer v\u00ednculos entre los sectores de educaci\u00f3n, agricultura, gastronom\u00eda, y turismo y poner en vigencia el conocimiento adquirido. Adem\u00e1s de desarrollar destrezas, el proyecto busca enlazar el ecosistema pleno de turismo y gastronom\u00eda y as\u00ed fomentar innovaci\u00f3n y cambio sostenible en el sector del turismo gastron\u00f3mico.<\/p><p><strong>Entonces, \u00bfqu\u00e9 es el turismo gastron\u00f3mico regenerativo?<\/strong><\/p><p><span data-sheets-root=\"1\">El turismo regenerativo de aparta del paradigma del desarrollo sostenible al ubicar actividades tur\u00edsticas como intervenciones que fomentan las capacidades de lugares, comunidades, y sus visitantes para funcionar en armon\u00eda con sistemas socioecol\u00f3gicos intercomunicados. As\u00ed que el turismo regenerativo se conforme al paradigma de desarrollo regenerativo a pesar de tener semejanzas a los abordamientos de desarrollo sostenible. <\/span><\/p><p><em><strong>El turismo regenerativo es un abordamiento transformativo que busca realizar la plena potencial de prosperar y crear efectos positivos en los sitios tur\u00edsticos al aumentar la capacidad regenerativa de ecosistemas y sociedades humanas. Bas\u00e1ndose en la cosmovisi\u00f3n ecol\u00f3gica, entrelaza perspectivas y conocimientos ind\u00edgenas con los de la ciencia occidental. Se consideran a los sistemas de turismo como indisociables de la naturaleza, y que estos se encuentran obligados a respetar los principios y leyes de la tierra. Adem\u00e1s, los abordamientos del turismo regenerativo se evolucionan y var\u00edan en distintas zonas a largo plazo, y as\u00ed armonizan sus costumbres con la regeneraci\u00f3n de sistemas de vida entrelazados.<\/strong> <\/em><\/p><p><span data-sheets-root=\"1\">Al adoptar un paradigma regenerativo, el turismo regenerativo busca transformar el turismo y visualiza: Sistemas vivos de turismo que facilitan encuentros, crean conexiones, y desarrollan v\u00ednculos rec\u00edprocos y de beneficio mutuo a trav\u00e9s de costumbres y experiencias de viaje; sitios de turismo que reflejan su singularidad. La regeneraci\u00f3n que ocurre es mental, f\u00edsica, emocional, espiritual, cultural, social,ecol\u00f3gica y econ\u00f3mica. <\/span><\/p><p><span data-sheets-root=\"1\">La econom\u00eda tur\u00edstica puede depender del turismo regenerativo para asegurar su resiliencia ante futuros crisis. El turismo regenerativo crea un equilibro significativo entre cultura local, ecosistemas naturales, receptores, y visitas. Busca mejorar la comunidad en forma integral, en vez de minimizar el impacto del turismo. La idea dejar al sitio mejor de como se encontr\u00f3. <\/span><\/p><p><span data-sheets-root=\"1\">En ese aspecto la comida tiene un papel considerable. Casta destino tiene una herencia gastron\u00f3mica distinta que respalda experiencias gastron\u00f3micas \u00fanicas. El turismo gastron\u00f3mico permite que los viajeros descubran un sitio mediante la cocina al elaborar conexiones significativas y un entendimiento m\u00e1s profundo de la cultura local. <\/span><\/p><p><span data-sheets-root=\"1\">Las experiencias del turismo gastron\u00f3mico regenerativo involucran a los participantes en las culturas locales, por ejemplo al aprender a preparar recetas ind\u00edgenas, y con la naturaleza, incluso el cosechar los mismos ingredientes de un bosque. Adem\u00e1s, muchos restaurantes miran a la naturaleza como fuente de inspiraci\u00f3n culinaria, con men\u00fas que var\u00edan seg\u00fan la estaci\u00f3n del a\u00f1o y ubicaciones con significado cultural. <\/span><\/p><p><span data-sheets-root=\"1\">El cambio clim\u00e1tico ha afectado a la agricultura y las dietas locales. Podemos adaptarnos mejor al consumir productos locales seg\u00fan la temporada. Los cocineros locales tienen un papel clave en el cambio de una dependencia en bienes importados. <\/span><\/p><p><span data-sheets-root=\"1\">Sin embargo, hay una gama de experiencias gastron\u00f3micas en los cuales uno puede contribuir a los fundamentos del turismo regenerativo. Por ejemplo, al comprar en un mercado de productores o degustar la comida callejera tambi\u00e9n puede resultar en impactos tangibles (econ\u00f3micos y ambientales) y non tangibles (culturales y sociales). <\/span><\/p><p><span data-sheets-root=\"1\">La producci\u00f3n y consumo de comida sostenible contribuyen al turismo generativo y el futuro de nuestra planeta<\/span><\/p><p><span data-sheets-root=\"1\">La meta central del turismo regenerativo es que los visitas tengan un impacto positivo en su destino de vacaciones, en medida que lo dejan en mejores condicioned de cuando llegaron. Un concepto que va m\u00e1s alla de \u00abno da\u00f1ar\u00bb en medioambiente, y busca revitalizar activamente y regenerarlo, resultando en un ciclo de impactos positivos en la comunidades y econom\u00edas localed: la regeneraci\u00f3n sostenible. El \u00abturismo regenerativo\u00bb sugierre que el turismo debe dejar un lugar en mejores condiciones de ante. (En comparasion, la sostenibilidad es dejar las cosas tal como son pare que sigue igual, en otras palabras, no causa mayores da\u00f1os.) Por ende, va m\u00e1s all\u00e1 de la sostenibilidad. El turismo regenerativo ofrece un conjunto importante de soluciones para replantear y reconstruir la industr\u00eda tur\u00edstica. Tambi\u00e9n mejora las econom\u00edas locales y preserva las biodiversidad y culturas locales mienstras brinde experiencias autenticas y tansformadoras a los visitar y permite que los destinos se mejoran. <\/span><\/p>\t\t\t\t\t\t\t\t<\/div>\n\t\t\t\t<\/div>\n\t\t\t\t\t<\/div>\n\t\t<\/div>\n\t\t\t\t\t<\/div>\n\t\t<\/section>\n\t\t\t\t<\/div>\n\t\t","protected":false},"excerpt":{"rendered":"<p>Acerca \u00bfQu\u00e9 es el Turismo Gastron\u00f3mico Regenerativo? La meta del proyecto FOOD ZONE es mejorar las competencias verdes, azules, digitales, y emprendedores de los duention y gestores de PYME para desarrollar emprendimientos m\u00e1s sostenibles, regenerativos, inclusivos, y resilientes, que en su turno contribuyen a un ecosistema de turismo y gastronom\u00eda rural m\u00e1s regenerativo y resiliente. [&hellip;]<\/p>\n","protected":false},"author":2,"featured_media":0,"parent":6049,"menu_order":0,"comment_status":"closed","ping_status":"closed","template":"","meta":{"footnotes":""},"class_list":["post-6178","page","type-page","status-publish","hentry"],"_links":{"self":[{"href":"https:\/\/food-zone.eu\/es\/wp-json\/wp\/v2\/pages\/6178","targetHints":{"allow":["GET"]}}],"collection":[{"href":"https:\/\/food-zone.eu\/es\/wp-json\/wp\/v2\/pages"}],"about":[{"href":"https:\/\/food-zone.eu\/es\/wp-json\/wp\/v2\/types\/page"}],"author":[{"embeddable":true,"href":"https:\/\/food-zone.eu\/es\/wp-json\/wp\/v2\/users\/2"}],"replies":[{"embeddable":true,"href":"https:\/\/food-zone.eu\/es\/wp-json\/wp\/v2\/comments?post=6178"}],"version-history":[{"count":5,"href":"https:\/\/food-zone.eu\/es\/wp-json\/wp\/v2\/pages\/6178\/revisions"}],"predecessor-version":[{"id":6200,"href":"https:\/\/food-zone.eu\/es\/wp-json\/wp\/v2\/pages\/6178\/revisions\/6200"}],"up":[{"embeddable":true,"href":"https:\/\/food-zone.eu\/es\/wp-json\/wp\/v2\/pages\/6049"}],"wp:attachment":[{"href":"https:\/\/food-zone.eu\/es\/wp-json\/wp\/v2\/media?parent=6178"}],"curies":[{"name":"wp","href":"https:\/\/api.w.org\/{rel}","templated":true}]}}