{"id":6703,"date":"2023-12-19T13:23:31","date_gmt":"2023-12-19T12:23:31","guid":{"rendered":"https:\/\/food-zone.eu\/regenerative-guide\/"},"modified":"2025-03-18T11:02:18","modified_gmt":"2025-03-18T10:02:18","slug":"guia-regenerativa","status":"publish","type":"page","link":"https:\/\/food-zone.eu\/es\/guia-regenerativa\/","title":{"rendered":"Gu\u00eda Regenerativa"},"content":{"rendered":"\t\t<div data-elementor-type=\"wp-page\" data-elementor-id=\"6703\" class=\"elementor elementor-6703 elementor-2327\" data-elementor-post-type=\"page\">\n\t\t\t\t\t\t<section class=\"elementor-section elementor-top-section elementor-element elementor-element-7ce0eb9 elementor-section-boxed elementor-section-height-default elementor-section-height-default\" data-id=\"7ce0eb9\" data-element_type=\"section\" data-e-type=\"section\" data-settings=\"{&quot;jet_parallax_layout_list&quot;:[],&quot;background_background&quot;:&quot;classic&quot;}\">\n\t\t\t\t\t\t\t<div class=\"elementor-background-overlay\"><\/div>\n\t\t\t\t\t\t\t<div class=\"elementor-container elementor-column-gap-default\">\n\t\t\t\t\t<div class=\"elementor-column elementor-col-100 elementor-top-column elementor-element elementor-element-9288248\" data-id=\"9288248\" data-element_type=\"column\" data-e-type=\"column\">\n\t\t\t<div class=\"elementor-widget-wrap elementor-element-populated\">\n\t\t\t\t\t\t<div class=\"elementor-element elementor-element-064f07d animated-fast elementor-invisible elementor-widget elementor-widget-heading\" data-id=\"064f07d\" data-element_type=\"widget\" data-e-type=\"widget\" data-settings=\"{&quot;_animation&quot;:&quot;fadeInRight&quot;,&quot;_animation_delay&quot;:200}\" data-widget_type=\"heading.default\">\n\t\t\t\t<div class=\"elementor-widget-container\">\n\t\t\t\t\t<h2 class=\"elementor-heading-title elementor-size-default\">Incubadora<\/h2>\t\t\t\t<\/div>\n\t\t\t\t<\/div>\n\t\t\t\t<div class=\"elementor-element elementor-element-c55d1ca animated-fast elementor-invisible elementor-widget elementor-widget-heading\" data-id=\"c55d1ca\" data-element_type=\"widget\" data-e-type=\"widget\" data-settings=\"{&quot;_animation&quot;:&quot;fadeInRight&quot;,&quot;_animation_delay&quot;:200,&quot;_animation_tablet&quot;:&quot;fadeInUp&quot;}\" data-widget_type=\"heading.default\">\n\t\t\t\t<div class=\"elementor-widget-container\">\n\t\t\t\t\t<h3 class=\"elementor-heading-title elementor-size-default\">Gu\u00eda Regenerativa<\/h3>\t\t\t\t<\/div>\n\t\t\t\t<\/div>\n\t\t\t\t<div class=\"elementor-element elementor-element-96340f7 animated-fast elementor-invisible elementor-widget elementor-widget-text-editor\" data-id=\"96340f7\" data-element_type=\"widget\" data-e-type=\"widget\" data-settings=\"{&quot;_animation&quot;:&quot;fadeInRight&quot;,&quot;_animation_tablet&quot;:&quot;fadeInUp&quot;,&quot;_animation_delay&quot;:&quot;300&quot;}\" data-widget_type=\"text-editor.default\">\n\t\t\t\t<div class=\"elementor-widget-container\">\n\t\t\t\t\t\t\t\t\t<p>La gu\u00eda regenerativa para la creaci\u00f3n de experiencias de turismo gastron\u00f3mico rural se ha desarrollado con una \u00e9nfasis fuerte en crear experiencias regenerativas y sostenibles que realizan un impacto positivo en la comunidad local y el planeta. <\/p><p>Si usted es productor de comestibles, profesional de turismo o cultura, o un estudiante y desea aprender m\u00e1s acerca del desarrollo de experiencias de turismo sostenible, \u00a1esta gu\u00eda es para usted!<\/p>\t\t\t\t\t\t\t\t<\/div>\n\t\t\t\t<\/div>\n\t\t\t\t<div class=\"elementor-element elementor-element-8679a9a elementor-widget elementor-widget-shortcode\" data-id=\"8679a9a\" data-element_type=\"widget\" data-e-type=\"widget\" data-widget_type=\"shortcode.default\">\n\t\t\t\t<div class=\"elementor-widget-container\">\n\t\t\t\t\t\t\t<div class=\"elementor-shortcode\"><div class=\"_df_book df-lite\" id=\"df_7389\"  _slug=\"regenerative-guide-es\" data-title=\"regenerative-guide-es\" wpoptions=\"true\" thumbtype=\"\" ><\/div><script class=\"df-shortcode-script\" nowprocket type=\"application\/javascript\">window.option_df_7389 = {\"outline\":[],\"autoEnableOutline\":\"false\",\"autoEnableThumbnail\":\"false\",\"overwritePDFOutline\":\"false\",\"direction\":\"1\",\"pageSize\":\"0\",\"source\":\"https:\\\/\\\/food-zone.eu\\\/wp-content\\\/uploads\\\/2025\\\/03\\\/Regenerative-Guide-ES.pdf\",\"wpOptions\":\"true\"}; if(window.DFLIP && window.DFLIP.parseBooks){window.DFLIP.parseBooks();}<\/script><\/div>\n\t\t\t\t\t\t<\/div>\n\t\t\t\t<\/div>\n\t\t\t\t\t<\/div>\n\t\t<\/div>\n\t\t\t\t\t<\/div>\n\t\t<\/section>\n\t\t\t\t<\/div>\n\t\t","protected":false},"excerpt":{"rendered":"<p>Incubadora La gu\u00eda regenerativa para la creaci\u00f3n de experiencias de turismo gastron\u00f3mico rural se ha desarrollado con una \u00e9nfasis fuerte en crear experiencias regenerativas y sostenibles que realizan un impacto positivo en la comunidad local y el planeta. Si usted es productor de comestibles, profesional de turismo o cultura, o un estudiante y desea aprender [&hellip;]<\/p>\n","protected":false},"author":2,"featured_media":0,"parent":0,"menu_order":0,"comment_status":"closed","ping_status":"closed","template":"","meta":{"footnotes":""},"class_list":["post-6703","page","type-page","status-publish","hentry"],"_links":{"self":[{"href":"https:\/\/food-zone.eu\/es\/wp-json\/wp\/v2\/pages\/6703","targetHints":{"allow":["GET"]}}],"collection":[{"href":"https:\/\/food-zone.eu\/es\/wp-json\/wp\/v2\/pages"}],"about":[{"href":"https:\/\/food-zone.eu\/es\/wp-json\/wp\/v2\/types\/page"}],"author":[{"embeddable":true,"href":"https:\/\/food-zone.eu\/es\/wp-json\/wp\/v2\/users\/2"}],"replies":[{"embeddable":true,"href":"https:\/\/food-zone.eu\/es\/wp-json\/wp\/v2\/comments?post=6703"}],"version-history":[{"count":7,"href":"https:\/\/food-zone.eu\/es\/wp-json\/wp\/v2\/pages\/6703\/revisions"}],"predecessor-version":[{"id":7451,"href":"https:\/\/food-zone.eu\/es\/wp-json\/wp\/v2\/pages\/6703\/revisions\/7451"}],"wp:attachment":[{"href":"https:\/\/food-zone.eu\/es\/wp-json\/wp\/v2\/media?parent=6703"}],"curies":[{"name":"wp","href":"https:\/\/api.w.org\/{rel}","templated":true}]}}