{"id":6970,"date":"2023-12-19T13:24:43","date_gmt":"2023-12-19T12:24:43","guid":{"rendered":"https:\/\/food-zone.eu\/policy-recommendations\/"},"modified":"2025-04-26T00:22:55","modified_gmt":"2025-04-25T22:22:55","slug":"recomendaciones-de-politica-publica","status":"publish","type":"page","link":"https:\/\/food-zone.eu\/es\/recomendaciones-de-politica-publica\/","title":{"rendered":"Recomendaciones de pol\u00edtica p\u00fablica"},"content":{"rendered":"\t\t<div data-elementor-type=\"wp-page\" data-elementor-id=\"6970\" class=\"elementor elementor-6970 elementor-2336\" data-elementor-post-type=\"page\">\n\t\t\t\t\t\t<section class=\"elementor-section elementor-top-section elementor-element elementor-element-cce5e3b elementor-section-boxed elementor-section-height-default elementor-section-height-default\" data-id=\"cce5e3b\" data-element_type=\"section\" data-e-type=\"section\" data-settings=\"{&quot;jet_parallax_layout_list&quot;:[],&quot;background_background&quot;:&quot;classic&quot;}\">\n\t\t\t\t\t\t\t<div class=\"elementor-background-overlay\"><\/div>\n\t\t\t\t\t\t\t<div class=\"elementor-container elementor-column-gap-default\">\n\t\t\t\t\t<div class=\"elementor-column elementor-col-100 elementor-top-column elementor-element elementor-element-da689b9\" data-id=\"da689b9\" data-element_type=\"column\" data-e-type=\"column\">\n\t\t\t<div class=\"elementor-widget-wrap elementor-element-populated\">\n\t\t\t\t\t\t<div class=\"elementor-element elementor-element-64ecf4e animated-fast elementor-invisible elementor-widget elementor-widget-heading\" data-id=\"64ecf4e\" data-element_type=\"widget\" data-e-type=\"widget\" data-settings=\"{&quot;_animation&quot;:&quot;fadeInRight&quot;,&quot;_animation_delay&quot;:200}\" data-widget_type=\"heading.default\">\n\t\t\t\t<div class=\"elementor-widget-container\">\n\t\t\t\t\t<h2 class=\"elementor-heading-title elementor-size-default\">Incubadora<\/h2>\t\t\t\t<\/div>\n\t\t\t\t<\/div>\n\t\t\t\t<div class=\"elementor-element elementor-element-d65244d animated-fast elementor-invisible elementor-widget elementor-widget-heading\" data-id=\"d65244d\" data-element_type=\"widget\" data-e-type=\"widget\" data-settings=\"{&quot;_animation&quot;:&quot;fadeInRight&quot;,&quot;_animation_delay&quot;:200,&quot;_animation_tablet&quot;:&quot;fadeInUp&quot;}\" data-widget_type=\"heading.default\">\n\t\t\t\t<div class=\"elementor-widget-container\">\n\t\t\t\t\t<h3 class=\"elementor-heading-title elementor-size-default\">Recomendaciones de pol\u00edtica p\u00fablica<\/h3>\t\t\t\t<\/div>\n\t\t\t\t<\/div>\n\t\t\t\t<div class=\"elementor-element elementor-element-81a37c2 animated-fast elementor-invisible elementor-widget elementor-widget-text-editor\" data-id=\"81a37c2\" data-element_type=\"widget\" data-e-type=\"widget\" data-settings=\"{&quot;_animation&quot;:&quot;fadeInRight&quot;,&quot;_animation_tablet&quot;:&quot;fadeInUp&quot;,&quot;_animation_delay&quot;:&quot;300&quot;}\" data-widget_type=\"text-editor.default\">\n\t\t\t\t<div class=\"elementor-widget-container\">\n\t\t\t\t\t\t\t\t\t<p>El turismo gastron\u00f3mico regenerativo requiere un cambio sist\u00e9mico y una alineaci\u00f3n de pol\u00edticas. Estas recomendaciones abordan las carencias en financiaci\u00f3n, desarrollo de competencias y apoyo normativo para las pymes del sector del turismo gastron\u00f3mico. Proponen medidas para fortalecer la conexi\u00f3n entre los ecosistemas alimentarios y tur\u00edsticos, fomentar la innovaci\u00f3n y promover una transformaci\u00f3n sostenible. Los responsables pol\u00edticos, los grupos de defensa y los actores del sector pueden utilizar este recurso para tomar decisiones informadas que respalden pr\u00e1cticas regenerativas a largo plazo.<\/p>\t\t\t\t\t\t\t\t<\/div>\n\t\t\t\t<\/div>\n\t\t\t\t<div class=\"elementor-element elementor-element-b7df8a7 elementor-widget elementor-widget-shortcode\" data-id=\"b7df8a7\" data-element_type=\"widget\" data-e-type=\"widget\" data-widget_type=\"shortcode.default\">\n\t\t\t\t<div class=\"elementor-widget-container\">\n\t\t\t\t\t\t\t<div class=\"elementor-shortcode\"><div class=\"_df_book df-lite\" id=\"df_6913\"  _slug=\"policy-recommendation-es\" data-title=\"policy-recommendation-es\" wpoptions=\"true\" thumbtype=\"\" ><\/div><script class=\"df-shortcode-script\" nowprocket type=\"application\/javascript\">window.option_df_6913 = {\"outline\":[],\"autoEnableOutline\":\"false\",\"autoEnableThumbnail\":\"false\",\"overwritePDFOutline\":\"false\",\"direction\":\"1\",\"pageSize\":\"0\",\"source\":\"https:\\\/\\\/food-zone.eu\\\/wp-content\\\/uploads\\\/2025\\\/03\\\/Policy-recommendation-ES.pdf\",\"wpOptions\":\"true\"}; if(window.DFLIP && window.DFLIP.parseBooks){window.DFLIP.parseBooks();}<\/script><\/div>\n\t\t\t\t\t\t<\/div>\n\t\t\t\t<\/div>\n\t\t\t\t\t<\/div>\n\t\t<\/div>\n\t\t\t\t\t<\/div>\n\t\t<\/section>\n\t\t\t\t<\/div>\n\t\t","protected":false},"excerpt":{"rendered":"<p>Incubadora El turismo gastron\u00f3mico regenerativo requiere un cambio sist\u00e9mico y una alineaci\u00f3n de pol\u00edticas. Estas recomendaciones abordan las carencias en financiaci\u00f3n, desarrollo de competencias y apoyo normativo para las pymes del sector del turismo gastron\u00f3mico. Proponen medidas para fortalecer la conexi\u00f3n entre los ecosistemas alimentarios y tur\u00edsticos, fomentar la innovaci\u00f3n y promover una transformaci\u00f3n sostenible. [&hellip;]<\/p>\n","protected":false},"author":2,"featured_media":0,"parent":0,"menu_order":0,"comment_status":"closed","ping_status":"closed","template":"","meta":{"footnotes":""},"class_list":["post-6970","page","type-page","status-publish","hentry"],"_links":{"self":[{"href":"https:\/\/food-zone.eu\/es\/wp-json\/wp\/v2\/pages\/6970","targetHints":{"allow":["GET"]}}],"collection":[{"href":"https:\/\/food-zone.eu\/es\/wp-json\/wp\/v2\/pages"}],"about":[{"href":"https:\/\/food-zone.eu\/es\/wp-json\/wp\/v2\/types\/page"}],"author":[{"embeddable":true,"href":"https:\/\/food-zone.eu\/es\/wp-json\/wp\/v2\/users\/2"}],"replies":[{"embeddable":true,"href":"https:\/\/food-zone.eu\/es\/wp-json\/wp\/v2\/comments?post=6970"}],"version-history":[{"count":7,"href":"https:\/\/food-zone.eu\/es\/wp-json\/wp\/v2\/pages\/6970\/revisions"}],"predecessor-version":[{"id":9446,"href":"https:\/\/food-zone.eu\/es\/wp-json\/wp\/v2\/pages\/6970\/revisions\/9446"}],"wp:attachment":[{"href":"https:\/\/food-zone.eu\/es\/wp-json\/wp\/v2\/media?parent=6970"}],"curies":[{"name":"wp","href":"https:\/\/api.w.org\/{rel}","templated":true}]}}