{"id":7077,"date":"2023-12-19T13:24:36","date_gmt":"2023-12-19T12:24:36","guid":{"rendered":"https:\/\/food-zone.eu\/call-to-action\/"},"modified":"2025-04-26T00:22:51","modified_gmt":"2025-04-25T22:22:51","slug":"llamada-a-la-accion","status":"publish","type":"page","link":"https:\/\/food-zone.eu\/es\/llamada-a-la-accion\/","title":{"rendered":"Llamada a la acci\u00f3n"},"content":{"rendered":"\t\t<div data-elementor-type=\"wp-page\" data-elementor-id=\"7077\" class=\"elementor elementor-7077 elementor-2335\" data-elementor-post-type=\"page\">\n\t\t\t\t\t\t<section class=\"elementor-section elementor-top-section elementor-element elementor-element-5098ac2 elementor-section-boxed elementor-section-height-default elementor-section-height-default\" data-id=\"5098ac2\" data-element_type=\"section\" data-e-type=\"section\" data-settings=\"{&quot;jet_parallax_layout_list&quot;:[],&quot;background_background&quot;:&quot;classic&quot;}\">\n\t\t\t\t\t\t\t<div class=\"elementor-background-overlay\"><\/div>\n\t\t\t\t\t\t\t<div class=\"elementor-container elementor-column-gap-default\">\n\t\t\t\t\t<div class=\"elementor-column elementor-col-100 elementor-top-column elementor-element elementor-element-ab80263\" data-id=\"ab80263\" data-element_type=\"column\" data-e-type=\"column\">\n\t\t\t<div class=\"elementor-widget-wrap elementor-element-populated\">\n\t\t\t\t\t\t<div class=\"elementor-element elementor-element-0665dbf animated-fast elementor-invisible elementor-widget elementor-widget-heading\" data-id=\"0665dbf\" data-element_type=\"widget\" data-e-type=\"widget\" data-settings=\"{&quot;_animation&quot;:&quot;fadeInRight&quot;,&quot;_animation_delay&quot;:200}\" data-widget_type=\"heading.default\">\n\t\t\t\t<div class=\"elementor-widget-container\">\n\t\t\t\t\t<h2 class=\"elementor-heading-title elementor-size-default\">Incubadora<\/h2>\t\t\t\t<\/div>\n\t\t\t\t<\/div>\n\t\t\t\t<div class=\"elementor-element elementor-element-af229c0 animated-fast elementor-invisible elementor-widget elementor-widget-heading\" data-id=\"af229c0\" data-element_type=\"widget\" data-e-type=\"widget\" data-settings=\"{&quot;_animation&quot;:&quot;fadeInRight&quot;,&quot;_animation_delay&quot;:200,&quot;_animation_tablet&quot;:&quot;fadeInUp&quot;}\" data-widget_type=\"heading.default\">\n\t\t\t\t<div class=\"elementor-widget-container\">\n\t\t\t\t\t<h3 class=\"elementor-heading-title elementor-size-default\">Llamada a la acci\u00f3n<\/h3>\t\t\t\t<\/div>\n\t\t\t\t<\/div>\n\t\t\t\t<div class=\"elementor-element elementor-element-c3b9633 animated-fast elementor-invisible elementor-widget elementor-widget-text-editor\" data-id=\"c3b9633\" data-element_type=\"widget\" data-e-type=\"widget\" data-settings=\"{&quot;_animation&quot;:&quot;fadeInRight&quot;,&quot;_animation_tablet&quot;:&quot;fadeInUp&quot;,&quot;_animation_delay&quot;:&quot;300&quot;}\" data-widget_type=\"text-editor.default\">\n\t\t\t\t<div class=\"elementor-widget-container\">\n\t\t\t\t\t\t\t\t\t<p>Para promover el Turismo Gastron\u00f3mico Regenerativo, el proyecto lanz\u00f3 una campa\u00f1a de sensibilizaci\u00f3n que incluye seminarios web a nivel nacional y regional, as\u00ed como un evento internacional (25 de marzo de 2025). Estas iniciativas destacan los beneficios del turismo culinario para el desarrollo rural y la resiliencia. La campa\u00f1a fomenta la colaboraci\u00f3n entre responsables pol\u00edticos, pymes y otros actores, abogando por pol\u00edticas de apoyo, financiaci\u00f3n accesible y alianzas m\u00e1s s\u00f3lidas para impulsar la transformaci\u00f3n sostenible del turismo gastron\u00f3mico.<\/p>\t\t\t\t\t\t\t\t<\/div>\n\t\t\t\t<\/div>\n\t\t\t\t<div class=\"elementor-element elementor-element-2781067 elementor-widget elementor-widget-shortcode\" data-id=\"2781067\" data-element_type=\"widget\" data-e-type=\"widget\" data-widget_type=\"shortcode.default\">\n\t\t\t\t<div class=\"elementor-widget-container\">\n\t\t\t\t\t\t\t<div class=\"elementor-shortcode\"><div class=\"_df_book df-lite\" id=\"df_7264\"  _slug=\"call-to-action-es\" data-title=\"call-to-action-es\" wpoptions=\"true\" thumbtype=\"\" ><\/div><script class=\"df-shortcode-script\" nowprocket type=\"application\/javascript\">window.option_df_7264 = {\"outline\":[],\"autoEnableOutline\":\"false\",\"autoEnableThumbnail\":\"false\",\"overwritePDFOutline\":\"false\",\"direction\":\"1\",\"pageSize\":\"0\",\"source\":\"https:\\\/\\\/food-zone.eu\\\/wp-content\\\/uploads\\\/2025\\\/03\\\/Call-to-Action-ES.pdf\",\"wpOptions\":\"true\"}; if(window.DFLIP && window.DFLIP.parseBooks){window.DFLIP.parseBooks();}<\/script><\/div>\n\t\t\t\t\t\t<\/div>\n\t\t\t\t<\/div>\n\t\t\t\t<div class=\"elementor-element elementor-element-a199fe9 animated-fast elementor-invisible elementor-widget elementor-widget-text-editor\" data-id=\"a199fe9\" data-element_type=\"widget\" data-e-type=\"widget\" data-settings=\"{&quot;_animation&quot;:&quot;fadeInRight&quot;,&quot;_animation_tablet&quot;:&quot;fadeInUp&quot;,&quot;_animation_delay&quot;:&quot;300&quot;}\" data-widget_type=\"text-editor.default\">\n\t\t\t\t<div class=\"elementor-widget-container\">\n\t\t\t\t\t\t\t\t\t<p>El 25 de marzo celebramos nuestro \u00faltimo seminario web internacional, centrado en la colaboraci\u00f3n, la educaci\u00f3n y las pol\u00edticas en el \u00e1mbito del turismo gastron\u00f3mico regenerativo. Los socios de LANARA Consulting, DomSpain, Universidade de Aveiro, el Municipio de Tivat, la C\u00e1mara de Comercio de C\u00e1ceres y EURAKOM compartieron ideas, buenas pr\u00e1cticas y recomendaciones pol\u00edticas.<\/p>\t\t\t\t\t\t\t\t<\/div>\n\t\t\t\t<\/div>\n\t\t\t\t<div class=\"elementor-element elementor-element-e58e44e elementor-widget elementor-widget-video\" data-id=\"e58e44e\" data-element_type=\"widget\" data-e-type=\"widget\" data-settings=\"{&quot;youtube_url&quot;:&quot;https:\\\/\\\/www.youtube.com\\\/embed\\\/bBN9FkBtJYw?si=AM3tf16sSJ_zQXoX&quot;,&quot;yt_privacy&quot;:&quot;yes&quot;,&quot;video_type&quot;:&quot;youtube&quot;,&quot;controls&quot;:&quot;yes&quot;}\" data-widget_type=\"video.default\">\n\t\t\t\t<div class=\"elementor-widget-container\">\n\t\t\t\t\t\t\t<div class=\"elementor-wrapper elementor-open-inline\">\n\t\t\t<div class=\"elementor-video\"><\/div>\t\t<\/div>\n\t\t\t\t\t\t<\/div>\n\t\t\t\t<\/div>\n\t\t\t\t<div class=\"elementor-element elementor-element-38b21f8 animated-fast elementor-invisible elementor-widget elementor-widget-text-editor\" data-id=\"38b21f8\" data-element_type=\"widget\" data-e-type=\"widget\" data-settings=\"{&quot;_animation&quot;:&quot;fadeInRight&quot;,&quot;_animation_tablet&quot;:&quot;fadeInUp&quot;,&quot;_animation_delay&quot;:&quot;300&quot;}\" data-widget_type=\"text-editor.default\">\n\t\t\t\t<div class=\"elementor-widget-container\">\n\t\t\t\t\t\t\t\t\t<p>Creemos que es necesario hacer mucho m\u00e1s para tumbar barreras, enfrentar desaf\u00edos, y apoyar el desarollo del turismo regenerativo. Promoveremos fromaci\u00f3n y apoyo en el sector del turismo gastron\u00f3mico, mayor colaboraci\u00f3n entre sectores mara asegurar que los productores de alimentos y PYME estan integrados al ecosistema tur\u00edstico.<\/p>\t\t\t\t\t\t\t\t<\/div>\n\t\t\t\t<\/div>\n\t\t\t\t\t<\/div>\n\t\t<\/div>\n\t\t\t\t\t<\/div>\n\t\t<\/section>\n\t\t\t\t<\/div>\n\t\t","protected":false},"excerpt":{"rendered":"<p>Incubadora Para promover el Turismo Gastron\u00f3mico Regenerativo, el proyecto lanz\u00f3 una campa\u00f1a de sensibilizaci\u00f3n que incluye seminarios web a nivel nacional y regional, as\u00ed como un evento internacional (25 de marzo de 2025). Estas iniciativas destacan los beneficios del turismo culinario para el desarrollo rural y la resiliencia. La campa\u00f1a fomenta la colaboraci\u00f3n entre responsables [&hellip;]<\/p>\n","protected":false},"author":2,"featured_media":0,"parent":0,"menu_order":0,"comment_status":"closed","ping_status":"closed","template":"","meta":{"footnotes":""},"class_list":["post-7077","page","type-page","status-publish","hentry"],"_links":{"self":[{"href":"https:\/\/food-zone.eu\/es\/wp-json\/wp\/v2\/pages\/7077","targetHints":{"allow":["GET"]}}],"collection":[{"href":"https:\/\/food-zone.eu\/es\/wp-json\/wp\/v2\/pages"}],"about":[{"href":"https:\/\/food-zone.eu\/es\/wp-json\/wp\/v2\/types\/page"}],"author":[{"embeddable":true,"href":"https:\/\/food-zone.eu\/es\/wp-json\/wp\/v2\/users\/2"}],"replies":[{"embeddable":true,"href":"https:\/\/food-zone.eu\/es\/wp-json\/wp\/v2\/comments?post=7077"}],"version-history":[{"count":13,"href":"https:\/\/food-zone.eu\/es\/wp-json\/wp\/v2\/pages\/7077\/revisions"}],"predecessor-version":[{"id":9443,"href":"https:\/\/food-zone.eu\/es\/wp-json\/wp\/v2\/pages\/7077\/revisions\/9443"}],"wp:attachment":[{"href":"https:\/\/food-zone.eu\/es\/wp-json\/wp\/v2\/media?parent=7077"}],"curies":[{"name":"wp","href":"https:\/\/api.w.org\/{rel}","templated":true}]}}