{"id":6168,"date":"2023-12-19T09:18:38","date_gmt":"2023-12-19T08:18:38","guid":{"rendered":"https:\/\/food-zone.eu\/a-propos\/what-is-regenerative-food-tourism\/"},"modified":"2024-08-25T00:13:55","modified_gmt":"2024-08-24T22:13:55","slug":"quest-ce-que-le-tourisme-alimentaire-regeneratif","status":"publish","type":"page","link":"https:\/\/food-zone.eu\/fr\/a-propos\/quest-ce-que-le-tourisme-alimentaire-regeneratif\/","title":{"rendered":"Qu&rsquo;est-ce que le Tourisme Alimentaire R\u00e9g\u00e9n\u00e9ratif"},"content":{"rendered":"\t\t<div data-elementor-type=\"wp-page\" data-elementor-id=\"6168\" class=\"elementor elementor-6168 elementor-2274\" data-elementor-post-type=\"page\">\n\t\t\t\t\t\t<section class=\"elementor-section elementor-top-section elementor-element elementor-element-3cd6dce elementor-section-full_width elementor-section-height-default elementor-section-height-default\" data-id=\"3cd6dce\" data-element_type=\"section\" data-e-type=\"section\" data-settings=\"{&quot;jet_parallax_layout_list&quot;:[]}\">\n\t\t\t\t\t\t<div class=\"elementor-container elementor-column-gap-default\">\n\t\t\t\t\t<div class=\"elementor-column elementor-col-100 elementor-top-column elementor-element elementor-element-2ce1a61\" data-id=\"2ce1a61\" data-element_type=\"column\" data-e-type=\"column\">\n\t\t\t<div class=\"elementor-widget-wrap elementor-element-populated\">\n\t\t\t\t\t\t<div class=\"elementor-element elementor-element-f460138 animated-fast elementor-invisible elementor-widget elementor-widget-heading\" data-id=\"f460138\" data-element_type=\"widget\" data-e-type=\"widget\" data-settings=\"{&quot;_animation&quot;:&quot;fadeInRight&quot;,&quot;_animation_delay&quot;:200}\" data-widget_type=\"heading.default\">\n\t\t\t\t<div class=\"elementor-widget-container\">\n\t\t\t\t\t<h2 class=\"elementor-heading-title elementor-size-default\">A propos<\/h2>\t\t\t\t<\/div>\n\t\t\t\t<\/div>\n\t\t\t\t<div class=\"elementor-element elementor-element-4a7c319 animated-fast elementor-invisible elementor-widget elementor-widget-heading\" data-id=\"4a7c319\" data-element_type=\"widget\" data-e-type=\"widget\" data-settings=\"{&quot;_animation&quot;:&quot;fadeInRight&quot;,&quot;_animation_delay&quot;:200,&quot;_animation_tablet&quot;:&quot;fadeInUp&quot;}\" data-widget_type=\"heading.default\">\n\t\t\t\t<div class=\"elementor-widget-container\">\n\t\t\t\t\t<h3 class=\"elementor-heading-title elementor-size-default\">Qu'est-ce que le Tourisme Alimentaire R\u00e9g\u00e9n\u00e9ratif?<\/h3>\t\t\t\t<\/div>\n\t\t\t\t<\/div>\n\t\t\t\t<div class=\"elementor-element elementor-element-6255ea8 animated-fast elementor-invisible elementor-widget elementor-widget-text-editor\" data-id=\"6255ea8\" data-element_type=\"widget\" data-e-type=\"widget\" data-settings=\"{&quot;_animation&quot;:&quot;fadeInRight&quot;,&quot;_animation_tablet&quot;:&quot;fadeInUp&quot;,&quot;_animation_delay&quot;:&quot;300&quot;}\" data-widget_type=\"text-editor.default\">\n\t\t\t\t<div class=\"elementor-widget-container\">\n\t\t\t\t\t\t\t\t\t<p>Il n&rsquo;existe actuellement aucune d\u00e9finition officielle de ce qu&rsquo;implique exactement une exp\u00e9rience de tourisme alimentaire r\u00e9g\u00e9n\u00e9ratif. Une \u00e9tude men\u00e9e par l&rsquo;Universit\u00e9 d&rsquo;Aveiro a r\u00e9v\u00e9l\u00e9 qu&rsquo;une d\u00e9finition universelle du tourisme r\u00e9g\u00e9n\u00e9ratif n&rsquo;a pas encore \u00e9t\u00e9 \u00e9labor\u00e9e ou adopt\u00e9e. N\u00e9anmoins, chez les innovateurs de niche, plusieurs attributs du tourisme r\u00e9g\u00e9n\u00e9ratif peuvent \u00eatre identifi\u00e9s formant un noyau conceptuel et permettent un d\u00e9veloppement plus pouss\u00e9.<\/p><p><strong>Qu&rsquo;est-ce que le tourisme alimentaire r\u00e9g\u00e9n\u00e9ratif ?<\/strong><\/p><p><span data-sheets-root=\"1\">Le tourisme r\u00e9g\u00e9n\u00e9ratif transcende le paradigme du d\u00e9veloppement durable en positionnant les activit\u00e9s touristiques comme des interventions qui d\u00e9veloppent les capacit\u00e9s des lieux, des communaut\u00e9s et de leurs h\u00f4tes \u00e0 fonctionner en harmonie avec des syst\u00e8mes socio-\u00e9cologiques interconnect\u00e9s. Par cons\u00e9quent, le tourisme r\u00e9g\u00e9n\u00e9ratif s&rsquo;aligne sur le paradigme du d\u00e9veloppement r\u00e9g\u00e9n\u00e9ratif bien qu&rsquo;il ressemble aux approches du d\u00e9veloppement durable.<\/span><\/p><p><em><strong>Le tourisme r\u00e9g\u00e9n\u00e9ratif est une approche transformationnelle visant \u00e0 r\u00e9aliser la pleine capacit\u00e9 des lieux touristiques \u00e0 se r\u00e9g\u00e9n\u00e9rer et \u00e0 cr\u00e9er des effets positifs nets pour les soci\u00e9t\u00e9s humaines et des \u00e9cosyst\u00e8mes. D\u00e9riv\u00e9 de la vision \u00e9cologique du monde, il associe des perspectives et des connaissances autochtones et occidentales. Les syst\u00e8mes touristiques sont consid\u00e9r\u00e9s comme ins\u00e9parables de la nature et tenus de respecter les principes et les lois de la Terre. En outre, les approches du tourisme r\u00e9g\u00e9n\u00e9ratif \u00e9voluent et varient d&rsquo;un endroit \u00e0 l&rsquo;autre sur le long terme, harmonisant ainsi les pratiques avec la r\u00e9g\u00e9n\u00e9ration des syst\u00e8mes vivants imbriqu\u00e9s.<\/strong><\/em><\/p><p><span data-sheets-root=\"1\">En adoptant un paradigme r\u00e9g\u00e9n\u00e9ratif, le tourisme r\u00e9g\u00e9n\u00e9ratif cherche \u00e0 transformer le tourisme et envisage des syst\u00e8mes de vie touristiques qui facilitent les rencontres, cr\u00e9ent des liens et d\u00e9veloppent des relations r\u00e9ciproques et mutuellement b\u00e9n\u00e9fiques \u00e0 travers des pratiques et des exp\u00e9riences de voyage qui refl\u00e8tent de mani\u00e8re unique les lieux touristiques : Des syst\u00e8mes touristiques vivants qui facilitent les rencontres, cr\u00e9ent des liens et d\u00e9veloppent des relations r\u00e9ciproques et mutuellement b\u00e9n\u00e9fiques par le biais de pratiques et d&rsquo;exp\u00e9riences de voyage, refl\u00e9tant de mani\u00e8re unique les lieux touristiques. La r\u00e9g\u00e9n\u00e9ration se produit sur les plans mental, physique, \u00e9motionnel, spirituel, culturel, social, environnemental et \u00e9conomique.<\/span><\/p><p><span data-sheets-root=\"1\">L&rsquo;\u00e9conomie du tourisme peut s&rsquo;appuyer sur le tourisme r\u00e9g\u00e9n\u00e9ratif pour assurer sa r\u00e9silience face aux crises futures. Le tourisme r\u00e9g\u00e9n\u00e9ratif cr\u00e9e un \u00e9quilibre significatif entre la culture locale, les \u00e9cosyst\u00e8mes naturels, les h\u00f4tes et les visiteurs. Il vise \u00e0 am\u00e9liorer la communaut\u00e9 de mani\u00e8re globale, plut\u00f4t que de minimiser l&rsquo;impact du tourisme. L&rsquo;id\u00e9e est de laisser l&rsquo;endroit en meilleur \u00e9tat qu&rsquo;il ne l&rsquo;a \u00e9t\u00e9.<\/span><\/p><p><span data-sheets-root=\"1\">\u00c0 cet \u00e9gard, la nourriture joue un r\u00f4le important. Chaque destination poss\u00e8de un patrimoine culinaire distinct, \u00e0 l&rsquo;origine d&rsquo;exp\u00e9riences gastronomiques uniques. Le tourisme alimentaire permet aux voyageurs de d\u00e9couvrir un lieu par le biais de sa cuisine, tout en \u00e9tablissant des liens significatifs et en approfondissant leur compr\u00e9hension de la culture locale.<\/span><\/p><p><span data-sheets-root=\"1\">Les exp\u00e9riences de tourisme alimentaire r\u00e9g\u00e9n\u00e9ratif engagent les gens avec les cultures locales, par exemple en apprenant \u00e0 cuisiner des recettes indig\u00e8nes, et avec la nature, notamment en cueillant leurs propres ingr\u00e9dients dans une for\u00eat. En outre, de nombreux restaurants consid\u00e8rent la nature comme une source d&rsquo;inspiration culinaire, avec des menus saisonniers et des lieux culturellement significatifs.<\/span><\/p><p><span data-sheets-root=\"1\">Le changement climatique a eu un impact sur l&rsquo;agriculture et les r\u00e9gimes alimentaires locaux. Nous pouvons mieux nous adapter en consommant des produits locaux de saison. Les chefs cuisiniers locaux jouent un r\u00f4le important dans ce changement de d\u00e9pendance \u00e0 l&rsquo;\u00e9gard des produits import\u00e9s.<\/span><\/p><p><span data-sheets-root=\"1\">Cependant, il existe un large \u00e9ventail d&rsquo;exp\u00e9riences alimentaires o\u00f9 chacune peut contribuer aux fondements du tourisme r\u00e9g\u00e9n\u00e9ratif. Par exemple, acheter sur un march\u00e9 de producteurs ou go\u00fbter \u00e0 la cuisine de rue peut \u00e9galement avoir des effets tangibles (\u00e9conomiques et environnementaux) et intangibles (culturels et sociaux).<\/span><\/p><p><span data-sheets-root=\"1\">La production alimentaire durable et le d\u00e9veloppement de la consommation contribuent au tourisme r\u00e9g\u00e9n\u00e9ratif et \u00e0 l&rsquo;avenir de notre plan\u00e8te.<\/span><\/p><p><span data-sheets-root=\"1\">L&rsquo;objectif premier du tourisme r\u00e9g\u00e9n\u00e9ratif est que les visiteurs aient un impact positif sur leur destination de vacances, c&rsquo;est-\u00e0-dire qu&rsquo;ils la laissent dans un meilleur \u00e9tat qu&rsquo;ils ne l&rsquo;ont trouv\u00e9e. Un concept qui va au-del\u00e0 de \u00ab\u00a0ne pas endommager\u00a0\u00bb l&rsquo;environnement et qui vise \u00e0 le revitaliser et \u00e0 le r\u00e9g\u00e9n\u00e9rer activement, entra\u00eenant un cycle positif d&rsquo;impacts sur les communaut\u00e9s et les \u00e9conomies locales : la r\u00e9g\u00e9n\u00e9ration durable. Le \u00ab\u00a0tourisme r\u00e9g\u00e9n\u00e9ratif\u00a0\u00bb sugg\u00e8re que le tourisme devrait laisser un endroit meilleur qu&rsquo;avant. (Par comparaison, la durabilit\u00e9 consiste \u00e0 laisser quelque chose en l&rsquo;\u00e9tat afin qu&rsquo;il ne change pas ; en d&rsquo;autres termes, elle ne cause pas de dommages suppl\u00e9mentaires). Le tourisme r\u00e9g\u00e9n\u00e9ratif va donc au-del\u00e0 des pratiques de durabilit\u00e9. Le tourisme r\u00e9g\u00e9n\u00e9ratif offre un ensemble important de solutions pour repenser et reconstruire l&rsquo;industrie du tourisme. Il am\u00e9liore \u00e9galement les \u00e9conomies locales et pr\u00e9serve les cultures locales et la biodiversit\u00e9 tout en offrant des exp\u00e9riences m\u00e9morables et authentiques qui changent la vie des visiteurs et en permettant aux destinations de s&rsquo;am\u00e9liorer.<\/span><\/p>\t\t\t\t\t\t\t\t<\/div>\n\t\t\t\t<\/div>\n\t\t\t\t\t<\/div>\n\t\t<\/div>\n\t\t\t\t\t<\/div>\n\t\t<\/section>\n\t\t\t\t<\/div>\n\t\t","protected":false},"excerpt":{"rendered":"<p>A propos Qu&rsquo;est-ce que le Tourisme Alimentaire R\u00e9g\u00e9n\u00e9ratif? Il n&rsquo;existe actuellement aucune d\u00e9finition officielle de ce qu&rsquo;implique exactement une exp\u00e9rience de tourisme alimentaire r\u00e9g\u00e9n\u00e9ratif. Une \u00e9tude men\u00e9e par l&rsquo;Universit\u00e9 d&rsquo;Aveiro a r\u00e9v\u00e9l\u00e9 qu&rsquo;une d\u00e9finition universelle du tourisme r\u00e9g\u00e9n\u00e9ratif n&rsquo;a pas encore \u00e9t\u00e9 \u00e9labor\u00e9e ou adopt\u00e9e. N\u00e9anmoins, chez les innovateurs de niche, plusieurs attributs du tourisme [&hellip;]<\/p>\n","protected":false},"author":2,"featured_media":0,"parent":6138,"menu_order":0,"comment_status":"closed","ping_status":"closed","template":"","meta":{"footnotes":""},"class_list":["post-6168","page","type-page","status-publish","hentry"],"_links":{"self":[{"href":"https:\/\/food-zone.eu\/fr\/wp-json\/wp\/v2\/pages\/6168","targetHints":{"allow":["GET"]}}],"collection":[{"href":"https:\/\/food-zone.eu\/fr\/wp-json\/wp\/v2\/pages"}],"about":[{"href":"https:\/\/food-zone.eu\/fr\/wp-json\/wp\/v2\/types\/page"}],"author":[{"embeddable":true,"href":"https:\/\/food-zone.eu\/fr\/wp-json\/wp\/v2\/users\/2"}],"replies":[{"embeddable":true,"href":"https:\/\/food-zone.eu\/fr\/wp-json\/wp\/v2\/comments?post=6168"}],"version-history":[{"count":4,"href":"https:\/\/food-zone.eu\/fr\/wp-json\/wp\/v2\/pages\/6168\/revisions"}],"predecessor-version":[{"id":6173,"href":"https:\/\/food-zone.eu\/fr\/wp-json\/wp\/v2\/pages\/6168\/revisions\/6173"}],"up":[{"embeddable":true,"href":"https:\/\/food-zone.eu\/fr\/wp-json\/wp\/v2\/pages\/6138"}],"wp:attachment":[{"href":"https:\/\/food-zone.eu\/fr\/wp-json\/wp\/v2\/media?parent=6168"}],"curies":[{"name":"wp","href":"https:\/\/api.w.org\/{rel}","templated":true}]}}