{"id":6619,"date":"2023-12-19T13:23:20","date_gmt":"2023-12-19T12:23:20","guid":{"rendered":"https:\/\/food-zone.eu\/challenges-and-barriers\/"},"modified":"2025-04-26T00:41:17","modified_gmt":"2025-04-25T22:41:17","slug":"defis-et-obstacles","status":"publish","type":"page","link":"https:\/\/food-zone.eu\/fr\/defis-et-obstacles\/","title":{"rendered":"D\u00e9fis et obstacles"},"content":{"rendered":"\t\t<div data-elementor-type=\"wp-page\" data-elementor-id=\"6619\" class=\"elementor elementor-6619 elementor-2324\" data-elementor-post-type=\"page\">\n\t\t\t\t\t\t<section class=\"elementor-section elementor-top-section elementor-element elementor-element-4e5fb90 elementor-section-boxed elementor-section-height-default elementor-section-height-default\" data-id=\"4e5fb90\" data-element_type=\"section\" data-e-type=\"section\" data-settings=\"{&quot;jet_parallax_layout_list&quot;:[],&quot;background_background&quot;:&quot;classic&quot;}\">\n\t\t\t\t\t\t\t<div class=\"elementor-background-overlay\"><\/div>\n\t\t\t\t\t\t\t<div class=\"elementor-container elementor-column-gap-default\">\n\t\t\t\t\t<div class=\"elementor-column elementor-col-100 elementor-top-column elementor-element elementor-element-86c92fa\" data-id=\"86c92fa\" data-element_type=\"column\" data-e-type=\"column\">\n\t\t\t<div class=\"elementor-widget-wrap elementor-element-populated\">\n\t\t\t\t\t\t<div class=\"elementor-element elementor-element-b55354f animated-fast elementor-invisible elementor-widget elementor-widget-heading\" data-id=\"b55354f\" data-element_type=\"widget\" data-e-type=\"widget\" data-settings=\"{&quot;_animation&quot;:&quot;fadeInRight&quot;,&quot;_animation_delay&quot;:200}\" data-widget_type=\"heading.default\">\n\t\t\t\t<div class=\"elementor-widget-container\">\n\t\t\t\t\t<h2 class=\"elementor-heading-title elementor-size-default\">Incubateur<\/h2>\t\t\t\t<\/div>\n\t\t\t\t<\/div>\n\t\t\t\t<div class=\"elementor-element elementor-element-33c50c0 animated-fast elementor-invisible elementor-widget elementor-widget-heading\" data-id=\"33c50c0\" data-element_type=\"widget\" data-e-type=\"widget\" data-settings=\"{&quot;_animation&quot;:&quot;fadeInRight&quot;,&quot;_animation_delay&quot;:200,&quot;_animation_tablet&quot;:&quot;fadeInUp&quot;}\" data-widget_type=\"heading.default\">\n\t\t\t\t<div class=\"elementor-widget-container\">\n\t\t\t\t\t<h3 class=\"elementor-heading-title elementor-size-default\">D\u00e9fis et obstacles<\/h3>\t\t\t\t<\/div>\n\t\t\t\t<\/div>\n\t\t\t\t<div class=\"elementor-element elementor-element-e63e969 animated-fast elementor-invisible elementor-widget elementor-widget-text-editor\" data-id=\"e63e969\" data-element_type=\"widget\" data-e-type=\"widget\" data-settings=\"{&quot;_animation&quot;:&quot;fadeInRight&quot;,&quot;_animation_tablet&quot;:&quot;fadeInUp&quot;,&quot;_animation_delay&quot;:&quot;300&quot;}\" data-widget_type=\"text-editor.default\">\n\t\t\t\t<div class=\"elementor-widget-container\">\n\t\t\t\t\t\t\t\t\t<p>Les PME du tourisme gastronomique font face \u00e0 des d\u00e9fis financiers, r\u00e9glementaires et li\u00e9s aux comp\u00e9tences, limitant ainsi leur capacit\u00e9 d\u2019innovation. Bas\u00e9e sur des entretiens et des enqu\u00eates aupr\u00e8s des producteurs, cette ressource cartographie les principaux obstacles, notamment l\u2019acc\u00e8s au financement, les lourdeurs administratives et les lacunes en comp\u00e9tences (par exemple, comp\u00e9tences num\u00e9riques et \u00e9cologiques). Gr\u00e2ce \u00e0 une cartographie de l\u2019\u00e9cosyst\u00e8me et aux retours des parties prenantes, elle explore des solutions pratiques pour aider les PME \u00e0 surmonter ces d\u00e9fis et \u00e0 d\u00e9velopper des exp\u00e9riences touristiques \u00e0 la fois viables \u00e9conomiquement et durables.<\/p>\t\t\t\t\t\t\t\t<\/div>\n\t\t\t\t<\/div>\n\t\t\t\t<div class=\"elementor-element elementor-element-1e84774 elementor-widget elementor-widget-shortcode\" data-id=\"1e84774\" data-element_type=\"widget\" data-e-type=\"widget\" data-widget_type=\"shortcode.default\">\n\t\t\t\t<div class=\"elementor-widget-container\">\n\t\t\t\t\t\t\t<div class=\"elementor-shortcode\"><div class=\"_df_book df-lite\" id=\"df_6606\"  _slug=\"challenges-and-barriers-fr\" data-title=\"challenges-and-barriers-fr\" wpoptions=\"true\" thumbtype=\"\" ><\/div><script class=\"df-shortcode-script\" nowprocket type=\"application\/javascript\">window.option_df_6606 = {\"outline\":[],\"autoEnableOutline\":\"false\",\"autoEnableThumbnail\":\"false\",\"overwritePDFOutline\":\"false\",\"direction\":\"1\",\"pageSize\":\"0\",\"source\":\"https:\\\/\\\/food-zone.eu\\\/wp-content\\\/uploads\\\/2025\\\/04\\\/CB-FR.pdf\",\"wpOptions\":\"true\"}; if(window.DFLIP && window.DFLIP.parseBooks){window.DFLIP.parseBooks();}<\/script><\/div>\n\t\t\t\t\t\t<\/div>\n\t\t\t\t<\/div>\n\t\t\t\t\t<\/div>\n\t\t<\/div>\n\t\t\t\t\t<\/div>\n\t\t<\/section>\n\t\t\t\t<\/div>\n\t\t","protected":false},"excerpt":{"rendered":"<p>Incubateur Les PME du tourisme gastronomique font face \u00e0 des d\u00e9fis financiers, r\u00e9glementaires et li\u00e9s aux comp\u00e9tences, limitant ainsi leur capacit\u00e9 d\u2019innovation. Bas\u00e9e sur des entretiens et des enqu\u00eates aupr\u00e8s des producteurs, cette ressource cartographie les principaux obstacles, notamment l\u2019acc\u00e8s au financement, les lourdeurs administratives et les lacunes en comp\u00e9tences (par exemple, comp\u00e9tences num\u00e9riques et [&hellip;]<\/p>\n","protected":false},"author":2,"featured_media":0,"parent":0,"menu_order":0,"comment_status":"closed","ping_status":"closed","template":"","meta":{"footnotes":""},"class_list":["post-6619","page","type-page","status-publish","hentry"],"_links":{"self":[{"href":"https:\/\/food-zone.eu\/fr\/wp-json\/wp\/v2\/pages\/6619","targetHints":{"allow":["GET"]}}],"collection":[{"href":"https:\/\/food-zone.eu\/fr\/wp-json\/wp\/v2\/pages"}],"about":[{"href":"https:\/\/food-zone.eu\/fr\/wp-json\/wp\/v2\/types\/page"}],"author":[{"embeddable":true,"href":"https:\/\/food-zone.eu\/fr\/wp-json\/wp\/v2\/users\/2"}],"replies":[{"embeddable":true,"href":"https:\/\/food-zone.eu\/fr\/wp-json\/wp\/v2\/comments?post=6619"}],"version-history":[{"count":10,"href":"https:\/\/food-zone.eu\/fr\/wp-json\/wp\/v2\/pages\/6619\/revisions"}],"predecessor-version":[{"id":9551,"href":"https:\/\/food-zone.eu\/fr\/wp-json\/wp\/v2\/pages\/6619\/revisions\/9551"}],"wp:attachment":[{"href":"https:\/\/food-zone.eu\/fr\/wp-json\/wp\/v2\/media?parent=6619"}],"curies":[{"name":"wp","href":"https:\/\/api.w.org\/{rel}","templated":true}]}}