{"id":6699,"date":"2023-12-19T13:23:31","date_gmt":"2023-12-19T12:23:31","guid":{"rendered":"https:\/\/food-zone.eu\/regenerative-guide\/"},"modified":"2025-03-18T11:00:38","modified_gmt":"2025-03-18T10:00:38","slug":"guide-regeneratif","status":"publish","type":"page","link":"https:\/\/food-zone.eu\/fr\/guide-regeneratif\/","title":{"rendered":"Guide r\u00e9g\u00e9n\u00e9ratif"},"content":{"rendered":"\t\t<div data-elementor-type=\"wp-page\" data-elementor-id=\"6699\" class=\"elementor elementor-6699 elementor-2327\" data-elementor-post-type=\"page\">\n\t\t\t\t\t\t<section class=\"elementor-section elementor-top-section elementor-element elementor-element-7ce0eb9 elementor-section-boxed elementor-section-height-default elementor-section-height-default\" data-id=\"7ce0eb9\" data-element_type=\"section\" data-e-type=\"section\" data-settings=\"{&quot;jet_parallax_layout_list&quot;:[],&quot;background_background&quot;:&quot;classic&quot;}\">\n\t\t\t\t\t\t\t<div class=\"elementor-background-overlay\"><\/div>\n\t\t\t\t\t\t\t<div class=\"elementor-container elementor-column-gap-default\">\n\t\t\t\t\t<div class=\"elementor-column elementor-col-100 elementor-top-column elementor-element elementor-element-9288248\" data-id=\"9288248\" data-element_type=\"column\" data-e-type=\"column\">\n\t\t\t<div class=\"elementor-widget-wrap elementor-element-populated\">\n\t\t\t\t\t\t<div class=\"elementor-element elementor-element-064f07d animated-fast elementor-invisible elementor-widget elementor-widget-heading\" data-id=\"064f07d\" data-element_type=\"widget\" data-e-type=\"widget\" data-settings=\"{&quot;_animation&quot;:&quot;fadeInRight&quot;,&quot;_animation_delay&quot;:200}\" data-widget_type=\"heading.default\">\n\t\t\t\t<div class=\"elementor-widget-container\">\n\t\t\t\t\t<h2 class=\"elementor-heading-title elementor-size-default\">Incubateur<\/h2>\t\t\t\t<\/div>\n\t\t\t\t<\/div>\n\t\t\t\t<div class=\"elementor-element elementor-element-c55d1ca animated-fast elementor-invisible elementor-widget elementor-widget-heading\" data-id=\"c55d1ca\" data-element_type=\"widget\" data-e-type=\"widget\" data-settings=\"{&quot;_animation&quot;:&quot;fadeInRight&quot;,&quot;_animation_delay&quot;:200,&quot;_animation_tablet&quot;:&quot;fadeInUp&quot;}\" data-widget_type=\"heading.default\">\n\t\t\t\t<div class=\"elementor-widget-container\">\n\t\t\t\t\t<h3 class=\"elementor-heading-title elementor-size-default\">Guide r\u00e9g\u00e9n\u00e9ratif<\/h3>\t\t\t\t<\/div>\n\t\t\t\t<\/div>\n\t\t\t\t<div class=\"elementor-element elementor-element-96340f7 animated-fast elementor-invisible elementor-widget elementor-widget-text-editor\" data-id=\"96340f7\" data-element_type=\"widget\" data-e-type=\"widget\" data-settings=\"{&quot;_animation&quot;:&quot;fadeInRight&quot;,&quot;_animation_tablet&quot;:&quot;fadeInUp&quot;,&quot;_animation_delay&quot;:&quot;300&quot;}\" data-widget_type=\"text-editor.default\">\n\t\t\t\t<div class=\"elementor-widget-container\">\n\t\t\t\t\t\t\t\t\t<p>Le Guide r\u00e9g\u00e9n\u00e9ratif pour la cr\u00e9ation d&rsquo;exp\u00e9riences de tourisme alimentaire rurales est un document qui a \u00e9t\u00e9 \u00e9labor\u00e9 en mettant l&rsquo;accent sur la cr\u00e9ation d&rsquo;exp\u00e9riences r\u00e9g\u00e9n\u00e9ratives et durables qui ont un impact positif sur la communaut\u00e9 locale et la plan\u00e8te. Si vous \u00eates un producteur de denr\u00e9es alimentaires, un professionnel du tourisme ou de la culture, un \u00e9ducateur ou un \u00e9tudiant et que vous souhaitez en savoir plus sur le d\u00e9veloppement d&rsquo;exp\u00e9riences de tourisme durable, ce guide est fait pour vous!<\/p>\t\t\t\t\t\t\t\t<\/div>\n\t\t\t\t<\/div>\n\t\t\t\t<div class=\"elementor-element elementor-element-8679a9a elementor-widget elementor-widget-shortcode\" data-id=\"8679a9a\" data-element_type=\"widget\" data-e-type=\"widget\" data-widget_type=\"shortcode.default\">\n\t\t\t\t<div class=\"elementor-widget-container\">\n\t\t\t\t\t\t\t<div class=\"elementor-shortcode\"><div class=\"_df_book df-lite\" id=\"df_7391\"  _slug=\"regenerative-guide-fr\" data-title=\"regenerative-guide-fr\" wpoptions=\"true\" thumbtype=\"\" ><\/div><script class=\"df-shortcode-script\" nowprocket type=\"application\/javascript\">window.option_df_7391 = {\"outline\":[],\"autoEnableOutline\":\"false\",\"autoEnableThumbnail\":\"false\",\"overwritePDFOutline\":\"false\",\"direction\":\"1\",\"pageSize\":\"0\",\"source\":\"https:\\\/\\\/food-zone.eu\\\/wp-content\\\/uploads\\\/2025\\\/03\\\/Regenerative-Guide-FR.pdf\",\"wpOptions\":\"true\"}; if(window.DFLIP && window.DFLIP.parseBooks){window.DFLIP.parseBooks();}<\/script><\/div>\n\t\t\t\t\t\t<\/div>\n\t\t\t\t<\/div>\n\t\t\t\t\t<\/div>\n\t\t<\/div>\n\t\t\t\t\t<\/div>\n\t\t<\/section>\n\t\t\t\t<\/div>\n\t\t","protected":false},"excerpt":{"rendered":"<p>Incubateur Le Guide r\u00e9g\u00e9n\u00e9ratif pour la cr\u00e9ation d&rsquo;exp\u00e9riences de tourisme alimentaire rurales est un document qui a \u00e9t\u00e9 \u00e9labor\u00e9 en mettant l&rsquo;accent sur la cr\u00e9ation d&rsquo;exp\u00e9riences r\u00e9g\u00e9n\u00e9ratives et durables qui ont un impact positif sur la communaut\u00e9 locale et la plan\u00e8te. Si vous \u00eates un producteur de denr\u00e9es alimentaires, un professionnel du tourisme ou de [&hellip;]<\/p>\n","protected":false},"author":2,"featured_media":0,"parent":0,"menu_order":0,"comment_status":"closed","ping_status":"closed","template":"","meta":{"footnotes":""},"class_list":["post-6699","page","type-page","status-publish","hentry"],"_links":{"self":[{"href":"https:\/\/food-zone.eu\/fr\/wp-json\/wp\/v2\/pages\/6699","targetHints":{"allow":["GET"]}}],"collection":[{"href":"https:\/\/food-zone.eu\/fr\/wp-json\/wp\/v2\/pages"}],"about":[{"href":"https:\/\/food-zone.eu\/fr\/wp-json\/wp\/v2\/types\/page"}],"author":[{"embeddable":true,"href":"https:\/\/food-zone.eu\/fr\/wp-json\/wp\/v2\/users\/2"}],"replies":[{"embeddable":true,"href":"https:\/\/food-zone.eu\/fr\/wp-json\/wp\/v2\/comments?post=6699"}],"version-history":[{"count":7,"href":"https:\/\/food-zone.eu\/fr\/wp-json\/wp\/v2\/pages\/6699\/revisions"}],"predecessor-version":[{"id":7426,"href":"https:\/\/food-zone.eu\/fr\/wp-json\/wp\/v2\/pages\/6699\/revisions\/7426"}],"wp:attachment":[{"href":"https:\/\/food-zone.eu\/fr\/wp-json\/wp\/v2\/media?parent=6699"}],"curies":[{"name":"wp","href":"https:\/\/api.w.org\/{rel}","templated":true}]}}