{"id":7073,"date":"2023-12-19T13:24:36","date_gmt":"2023-12-19T12:24:36","guid":{"rendered":"https:\/\/food-zone.eu\/call-to-action\/"},"modified":"2025-04-26T00:31:50","modified_gmt":"2025-04-25T22:31:50","slug":"appel-a-laction","status":"publish","type":"page","link":"https:\/\/food-zone.eu\/fr\/appel-a-laction\/","title":{"rendered":"Appel \u00e0 l&rsquo;action"},"content":{"rendered":"\t\t<div data-elementor-type=\"wp-page\" data-elementor-id=\"7073\" class=\"elementor elementor-7073 elementor-2335\" data-elementor-post-type=\"page\">\n\t\t\t\t\t\t<section class=\"elementor-section elementor-top-section elementor-element elementor-element-5098ac2 elementor-section-boxed elementor-section-height-default elementor-section-height-default\" data-id=\"5098ac2\" data-element_type=\"section\" data-e-type=\"section\" data-settings=\"{&quot;jet_parallax_layout_list&quot;:[],&quot;background_background&quot;:&quot;classic&quot;}\">\n\t\t\t\t\t\t\t<div class=\"elementor-background-overlay\"><\/div>\n\t\t\t\t\t\t\t<div class=\"elementor-container elementor-column-gap-default\">\n\t\t\t\t\t<div class=\"elementor-column elementor-col-100 elementor-top-column elementor-element elementor-element-ab80263\" data-id=\"ab80263\" data-element_type=\"column\" data-e-type=\"column\">\n\t\t\t<div class=\"elementor-widget-wrap elementor-element-populated\">\n\t\t\t\t\t\t<div class=\"elementor-element elementor-element-0665dbf animated-fast elementor-invisible elementor-widget elementor-widget-heading\" data-id=\"0665dbf\" data-element_type=\"widget\" data-e-type=\"widget\" data-settings=\"{&quot;_animation&quot;:&quot;fadeInRight&quot;,&quot;_animation_delay&quot;:200}\" data-widget_type=\"heading.default\">\n\t\t\t\t<div class=\"elementor-widget-container\">\n\t\t\t\t\t<h2 class=\"elementor-heading-title elementor-size-default\">Incubateur<\/h2>\t\t\t\t<\/div>\n\t\t\t\t<\/div>\n\t\t\t\t<div class=\"elementor-element elementor-element-af229c0 animated-fast elementor-invisible elementor-widget elementor-widget-heading\" data-id=\"af229c0\" data-element_type=\"widget\" data-e-type=\"widget\" data-settings=\"{&quot;_animation&quot;:&quot;fadeInRight&quot;,&quot;_animation_delay&quot;:200,&quot;_animation_tablet&quot;:&quot;fadeInUp&quot;}\" data-widget_type=\"heading.default\">\n\t\t\t\t<div class=\"elementor-widget-container\">\n\t\t\t\t\t<h3 class=\"elementor-heading-title elementor-size-default\">Appel \u00e0 l&rsquo;action<\/h3>\t\t\t\t<\/div>\n\t\t\t\t<\/div>\n\t\t\t\t<div class=\"elementor-element elementor-element-c3b9633 animated-fast elementor-invisible elementor-widget elementor-widget-text-editor\" data-id=\"c3b9633\" data-element_type=\"widget\" data-e-type=\"widget\" data-settings=\"{&quot;_animation&quot;:&quot;fadeInRight&quot;,&quot;_animation_tablet&quot;:&quot;fadeInUp&quot;,&quot;_animation_delay&quot;:&quot;300&quot;}\" data-widget_type=\"text-editor.default\">\n\t\t\t\t<div class=\"elementor-widget-container\">\n\t\t\t\t\t\t\t\t\t<p>Pour promouvoir le tourisme gastronomique r\u00e9g\u00e9n\u00e9ratif, le projet a lanc\u00e9 une campagne de sensibilisation comprenant des webinaires nationaux et r\u00e9gionaux ainsi qu&rsquo;un \u00e9v\u00e9nement international (25 mars 2025). Ces initiatives mettent en avant les avantages du tourisme culinaire pour le d\u00e9veloppement rural et la r\u00e9silience. La campagne encourage la collaboration entre les d\u00e9cideurs politiques, les PME et les parties prenantes, en plaidant pour des politiques de soutien, un financement accessible et des partenariats renforc\u00e9s afin de favoriser une transformation durable du tourisme gastronomique.<\/p>\t\t\t\t\t\t\t\t<\/div>\n\t\t\t\t<\/div>\n\t\t\t\t<div class=\"elementor-element elementor-element-03b9a6b elementor-widget elementor-widget-shortcode\" data-id=\"03b9a6b\" data-element_type=\"widget\" data-e-type=\"widget\" data-widget_type=\"shortcode.default\">\n\t\t\t\t<div class=\"elementor-widget-container\">\n\t\t\t\t\t\t\t<div class=\"elementor-shortcode\"><div class=\"_df_book df-lite\" id=\"df_7269\"  _slug=\"call-to-action-fr\" data-title=\"call-to-action-fr\" wpoptions=\"true\" thumbtype=\"\" ><\/div><script class=\"df-shortcode-script\" nowprocket type=\"application\/javascript\">window.option_df_7269 = {\"outline\":[],\"autoEnableOutline\":\"false\",\"autoEnableThumbnail\":\"false\",\"overwritePDFOutline\":\"false\",\"direction\":\"1\",\"pageSize\":\"0\",\"source\":\"https:\\\/\\\/food-zone.eu\\\/wp-content\\\/uploads\\\/2025\\\/03\\\/Call-to-Action-FR.pdf\",\"wpOptions\":\"true\"}; if(window.DFLIP && window.DFLIP.parseBooks){window.DFLIP.parseBooks();}<\/script><\/div>\n\t\t\t\t\t\t<\/div>\n\t\t\t\t<\/div>\n\t\t\t\t<div class=\"elementor-element elementor-element-b488bbc animated-fast elementor-invisible elementor-widget elementor-widget-text-editor\" data-id=\"b488bbc\" data-element_type=\"widget\" data-e-type=\"widget\" data-settings=\"{&quot;_animation&quot;:&quot;fadeInRight&quot;,&quot;_animation_tablet&quot;:&quot;fadeInUp&quot;,&quot;_animation_delay&quot;:&quot;300&quot;}\" data-widget_type=\"text-editor.default\">\n\t\t\t\t<div class=\"elementor-widget-container\">\n\t\t\t\t\t\t\t\t\t<p>Le 25 mars, nous avons organis\u00e9 notre dernier webinaire international, ax\u00e9 sur la collaboration, l\u2019\u00e9ducation et les politiques dans le domaine du tourisme gastronomique r\u00e9g\u00e9n\u00e9ratif. Les partenaires de LANARA Consulting, DomSpain, Universidade de Aveiro, la Municipalit\u00e9 de Tivat, la Chambre de Commerce de C\u00e1ceres et EURAKOM ont partag\u00e9 leurs id\u00e9es, bonnes pratiques et recommandations politiques.<\/p>\t\t\t\t\t\t\t\t<\/div>\n\t\t\t\t<\/div>\n\t\t\t\t<div class=\"elementor-element elementor-element-be14738 elementor-widget elementor-widget-video\" data-id=\"be14738\" data-element_type=\"widget\" data-e-type=\"widget\" data-settings=\"{&quot;youtube_url&quot;:&quot;https:\\\/\\\/www.youtube.com\\\/embed\\\/bBN9FkBtJYw?si=AM3tf16sSJ_zQXoX&quot;,&quot;yt_privacy&quot;:&quot;yes&quot;,&quot;video_type&quot;:&quot;youtube&quot;,&quot;controls&quot;:&quot;yes&quot;}\" data-widget_type=\"video.default\">\n\t\t\t\t<div class=\"elementor-widget-container\">\n\t\t\t\t\t\t\t<div class=\"elementor-wrapper elementor-open-inline\">\n\t\t\t<div class=\"elementor-video\"><\/div>\t\t<\/div>\n\t\t\t\t\t\t<\/div>\n\t\t\t\t<\/div>\n\t\t\t\t<div class=\"elementor-element elementor-element-008126c animated-fast elementor-invisible elementor-widget elementor-widget-text-editor\" data-id=\"008126c\" data-element_type=\"widget\" data-e-type=\"widget\" data-settings=\"{&quot;_animation&quot;:&quot;fadeInRight&quot;,&quot;_animation_tablet&quot;:&quot;fadeInUp&quot;,&quot;_animation_delay&quot;:&quot;300&quot;}\" data-widget_type=\"text-editor.default\">\n\t\t\t\t<div class=\"elementor-widget-container\">\n\t\t\t\t\t\t\t\t\t<p>Nous pensons qu&rsquo;il reste encore beaucoup \u00e0 faire pour faire tomber les barri\u00e8res, affronter les d\u00e9fis et soutenir le d\u00e9veloppement du tourisme r\u00e9g\u00e9n\u00e9ratif. Nous plaiderons en faveur de la formation et du soutien dans le secteur du tourisme alimentaire, d&rsquo;une collaboration accrue entre les secteurs pour s&rsquo;assurer que les producteurs alimentaires et les PME sont int\u00e9gr\u00e9s dans l&rsquo;\u00e9cosyst\u00e8me touristique.<\/p>\t\t\t\t\t\t\t\t<\/div>\n\t\t\t\t<\/div>\n\t\t\t\t\t<\/div>\n\t\t<\/div>\n\t\t\t\t\t<\/div>\n\t\t<\/section>\n\t\t\t\t<\/div>\n\t\t","protected":false},"excerpt":{"rendered":"<p>Incubateur Pour promouvoir le tourisme gastronomique r\u00e9g\u00e9n\u00e9ratif, le projet a lanc\u00e9 une campagne de sensibilisation comprenant des webinaires nationaux et r\u00e9gionaux ainsi qu&rsquo;un \u00e9v\u00e9nement international (25 mars 2025). Ces initiatives mettent en avant les avantages du tourisme culinaire pour le d\u00e9veloppement rural et la r\u00e9silience. La campagne encourage la collaboration entre les d\u00e9cideurs politiques, les [&hellip;]<\/p>\n","protected":false},"author":2,"featured_media":0,"parent":0,"menu_order":0,"comment_status":"closed","ping_status":"closed","template":"","meta":{"footnotes":""},"class_list":["post-7073","page","type-page","status-publish","hentry"],"_links":{"self":[{"href":"https:\/\/food-zone.eu\/fr\/wp-json\/wp\/v2\/pages\/7073","targetHints":{"allow":["GET"]}}],"collection":[{"href":"https:\/\/food-zone.eu\/fr\/wp-json\/wp\/v2\/pages"}],"about":[{"href":"https:\/\/food-zone.eu\/fr\/wp-json\/wp\/v2\/types\/page"}],"author":[{"embeddable":true,"href":"https:\/\/food-zone.eu\/fr\/wp-json\/wp\/v2\/users\/2"}],"replies":[{"embeddable":true,"href":"https:\/\/food-zone.eu\/fr\/wp-json\/wp\/v2\/comments?post=7073"}],"version-history":[{"count":13,"href":"https:\/\/food-zone.eu\/fr\/wp-json\/wp\/v2\/pages\/7073\/revisions"}],"predecessor-version":[{"id":9479,"href":"https:\/\/food-zone.eu\/fr\/wp-json\/wp\/v2\/pages\/7073\/revisions\/9479"}],"wp:attachment":[{"href":"https:\/\/food-zone.eu\/fr\/wp-json\/wp\/v2\/media?parent=7073"}],"curies":[{"name":"wp","href":"https:\/\/api.w.org\/{rel}","templated":true}]}}