{"id":7124,"date":"2023-12-19T13:24:05","date_gmt":"2023-12-19T12:24:05","guid":{"rendered":"https:\/\/food-zone.eu\/guide-for-educators\/"},"modified":"2025-04-26T00:31:37","modified_gmt":"2025-04-25T22:31:37","slug":"guide-pour-les-educateurs","status":"publish","type":"page","link":"https:\/\/food-zone.eu\/fr\/guide-pour-les-educateurs\/","title":{"rendered":"Guide pour les \u00e9ducateurs"},"content":{"rendered":"\t\t<div data-elementor-type=\"wp-page\" data-elementor-id=\"7124\" class=\"elementor elementor-7124 elementor-2330\" data-elementor-post-type=\"page\">\n\t\t\t\t\t\t<section class=\"elementor-section elementor-top-section elementor-element elementor-element-3af8d41 elementor-section-boxed elementor-section-height-default elementor-section-height-default\" data-id=\"3af8d41\" data-element_type=\"section\" data-e-type=\"section\" data-settings=\"{&quot;jet_parallax_layout_list&quot;:[],&quot;background_background&quot;:&quot;classic&quot;}\">\n\t\t\t\t\t\t\t<div class=\"elementor-background-overlay\"><\/div>\n\t\t\t\t\t\t\t<div class=\"elementor-container elementor-column-gap-default\">\n\t\t\t\t\t<div class=\"elementor-column elementor-col-100 elementor-top-column elementor-element elementor-element-fe4c5a4\" data-id=\"fe4c5a4\" data-element_type=\"column\" data-e-type=\"column\">\n\t\t\t<div class=\"elementor-widget-wrap elementor-element-populated\">\n\t\t\t\t\t\t<div class=\"elementor-element elementor-element-e983225 animated-fast elementor-invisible elementor-widget elementor-widget-heading\" data-id=\"e983225\" data-element_type=\"widget\" data-e-type=\"widget\" data-settings=\"{&quot;_animation&quot;:&quot;fadeInRight&quot;,&quot;_animation_delay&quot;:200}\" data-widget_type=\"heading.default\">\n\t\t\t\t<div class=\"elementor-widget-container\">\n\t\t\t\t\t<h2 class=\"elementor-heading-title elementor-size-default\">Incubateur<\/h2>\t\t\t\t<\/div>\n\t\t\t\t<\/div>\n\t\t\t\t<div class=\"elementor-element elementor-element-88a5633 animated-fast elementor-invisible elementor-widget elementor-widget-heading\" data-id=\"88a5633\" data-element_type=\"widget\" data-e-type=\"widget\" data-settings=\"{&quot;_animation&quot;:&quot;fadeInRight&quot;,&quot;_animation_delay&quot;:200,&quot;_animation_tablet&quot;:&quot;fadeInUp&quot;}\" data-widget_type=\"heading.default\">\n\t\t\t\t<div class=\"elementor-widget-container\">\n\t\t\t\t\t<h3 class=\"elementor-heading-title elementor-size-default\">Guide pour les \u00e9ducateurs<\/h3>\t\t\t\t<\/div>\n\t\t\t\t<\/div>\n\t\t\t\t<div class=\"elementor-element elementor-element-3d218d9 animated-fast elementor-invisible elementor-widget elementor-widget-text-editor\" data-id=\"3d218d9\" data-element_type=\"widget\" data-e-type=\"widget\" data-settings=\"{&quot;_animation&quot;:&quot;fadeInRight&quot;,&quot;_animation_tablet&quot;:&quot;fadeInUp&quot;,&quot;_animation_delay&quot;:&quot;300&quot;}\" data-widget_type=\"text-editor.default\">\n\t\t\t\t<div class=\"elementor-widget-container\">\n\t\t\t\t\t\t\t\t\t<p>Les \u00e9ducateurs jouent un r\u00f4le essentiel dans la pr\u00e9paration des futurs professionnels au tourisme r\u00e9g\u00e9n\u00e9ratif. Ces lignes directrices soutiennent les \u00e9tablissements d&rsquo;enseignement sup\u00e9rieur et de formation professionnelle dans l\u2019int\u00e9gration de contenus ax\u00e9s sur la durabilit\u00e9 dans leurs programmes. Elles offrent un aper\u00e7u des principaux supports d\u2019apprentissage, des r\u00e9sultats attendus et des m\u00e9thodologies favorisant l\u2019apprentissage actif. De plus, le guide propose des recommandations pour d\u00e9velopper des exp\u00e9riences d\u2019apprentissage interactives et ancr\u00e9es dans la r\u00e9alit\u00e9, aidant les \u00e9tudiants \u00e0 relever les d\u00e9fis de la durabilit\u00e9 dans les secteurs de l\u2019alimentation et du tourisme.<\/p>\t\t\t\t\t\t\t\t<\/div>\n\t\t\t\t<\/div>\n\t\t\t\t<div class=\"elementor-element elementor-element-12fe4e7 elementor-widget elementor-widget-shortcode\" data-id=\"12fe4e7\" data-element_type=\"widget\" data-e-type=\"widget\" data-widget_type=\"shortcode.default\">\n\t\t\t\t<div class=\"elementor-widget-container\">\n\t\t\t\t\t\t\t<div class=\"elementor-shortcode\"><div class=\"_df_book df-lite\" id=\"df_7177\"  _slug=\"guide-for-educators-fr\" data-title=\"guide-for-educators-fr\" wpoptions=\"true\" thumbtype=\"\" ><\/div><script class=\"df-shortcode-script\" nowprocket type=\"application\/javascript\">window.option_df_7177 = {\"outline\":[],\"autoEnableOutline\":\"false\",\"autoEnableThumbnail\":\"false\",\"overwritePDFOutline\":\"false\",\"direction\":\"1\",\"pageSize\":\"0\",\"source\":\"https:\\\/\\\/food-zone.eu\\\/wp-content\\\/uploads\\\/2025\\\/03\\\/Guide-for-Educators-FR.pdf\",\"wpOptions\":\"true\"}; if(window.DFLIP && window.DFLIP.parseBooks){window.DFLIP.parseBooks();}<\/script><\/div>\n\t\t\t\t\t\t<\/div>\n\t\t\t\t<\/div>\n\t\t\t\t\t<\/div>\n\t\t<\/div>\n\t\t\t\t\t<\/div>\n\t\t<\/section>\n\t\t\t\t<\/div>\n\t\t","protected":false},"excerpt":{"rendered":"<p>Incubateur Les \u00e9ducateurs jouent un r\u00f4le essentiel dans la pr\u00e9paration des futurs professionnels au tourisme r\u00e9g\u00e9n\u00e9ratif. Ces lignes directrices soutiennent les \u00e9tablissements d&rsquo;enseignement sup\u00e9rieur et de formation professionnelle dans l\u2019int\u00e9gration de contenus ax\u00e9s sur la durabilit\u00e9 dans leurs programmes. Elles offrent un aper\u00e7u des principaux supports d\u2019apprentissage, des r\u00e9sultats attendus et des m\u00e9thodologies favorisant l\u2019apprentissage [&hellip;]<\/p>\n","protected":false},"author":2,"featured_media":0,"parent":0,"menu_order":0,"comment_status":"closed","ping_status":"closed","template":"","meta":{"footnotes":""},"class_list":["post-7124","page","type-page","status-publish","hentry"],"_links":{"self":[{"href":"https:\/\/food-zone.eu\/fr\/wp-json\/wp\/v2\/pages\/7124","targetHints":{"allow":["GET"]}}],"collection":[{"href":"https:\/\/food-zone.eu\/fr\/wp-json\/wp\/v2\/pages"}],"about":[{"href":"https:\/\/food-zone.eu\/fr\/wp-json\/wp\/v2\/types\/page"}],"author":[{"embeddable":true,"href":"https:\/\/food-zone.eu\/fr\/wp-json\/wp\/v2\/users\/2"}],"replies":[{"embeddable":true,"href":"https:\/\/food-zone.eu\/fr\/wp-json\/wp\/v2\/comments?post=7124"}],"version-history":[{"count":7,"href":"https:\/\/food-zone.eu\/fr\/wp-json\/wp\/v2\/pages\/7124\/revisions"}],"predecessor-version":[{"id":9470,"href":"https:\/\/food-zone.eu\/fr\/wp-json\/wp\/v2\/pages\/7124\/revisions\/9470"}],"wp:attachment":[{"href":"https:\/\/food-zone.eu\/fr\/wp-json\/wp\/v2\/media?parent=7124"}],"curies":[{"name":"wp","href":"https:\/\/api.w.org\/{rel}","templated":true}]}}