{"id":7343,"date":"2023-12-19T13:23:57","date_gmt":"2023-12-19T12:23:57","guid":{"rendered":"https:\/\/food-zone.eu\/pilot-workshops\/"},"modified":"2025-04-26T00:24:48","modified_gmt":"2025-04-25T22:24:48","slug":"ateliers-pilotes","status":"publish","type":"page","link":"https:\/\/food-zone.eu\/fr\/ateliers-pilotes\/","title":{"rendered":"Ateliers pilotes"},"content":{"rendered":"\t\t<div data-elementor-type=\"wp-page\" data-elementor-id=\"7343\" class=\"elementor elementor-7343 elementor-2329\" data-elementor-post-type=\"page\">\n\t\t\t\t\t\t<section class=\"elementor-section elementor-top-section elementor-element elementor-element-7d9e4eb elementor-section-boxed elementor-section-height-default elementor-section-height-default\" data-id=\"7d9e4eb\" data-element_type=\"section\" data-e-type=\"section\" data-settings=\"{&quot;jet_parallax_layout_list&quot;:[],&quot;background_background&quot;:&quot;classic&quot;}\">\n\t\t\t\t\t\t\t<div class=\"elementor-background-overlay\"><\/div>\n\t\t\t\t\t\t\t<div class=\"elementor-container elementor-column-gap-default\">\n\t\t\t\t\t<div class=\"elementor-column elementor-col-100 elementor-top-column elementor-element elementor-element-e4bea8d\" data-id=\"e4bea8d\" data-element_type=\"column\" data-e-type=\"column\">\n\t\t\t<div class=\"elementor-widget-wrap elementor-element-populated\">\n\t\t\t\t\t\t<div class=\"elementor-element elementor-element-d9b5b28 animated-fast elementor-invisible elementor-widget elementor-widget-heading\" data-id=\"d9b5b28\" data-element_type=\"widget\" data-e-type=\"widget\" data-settings=\"{&quot;_animation&quot;:&quot;fadeInRight&quot;,&quot;_animation_delay&quot;:200}\" data-widget_type=\"heading.default\">\n\t\t\t\t<div class=\"elementor-widget-container\">\n\t\t\t\t\t<h2 class=\"elementor-heading-title elementor-size-default\">Incubateur<\/h2>\t\t\t\t<\/div>\n\t\t\t\t<\/div>\n\t\t\t\t<div class=\"elementor-element elementor-element-9d13894 animated-fast elementor-invisible elementor-widget elementor-widget-heading\" data-id=\"9d13894\" data-element_type=\"widget\" data-e-type=\"widget\" data-settings=\"{&quot;_animation&quot;:&quot;fadeInRight&quot;,&quot;_animation_delay&quot;:200,&quot;_animation_tablet&quot;:&quot;fadeInUp&quot;}\" data-widget_type=\"heading.default\">\n\t\t\t\t<div class=\"elementor-widget-container\">\n\t\t\t\t\t<h3 class=\"elementor-heading-title elementor-size-default\">Ateliers pilotes<\/h3>\t\t\t\t<\/div>\n\t\t\t\t<\/div>\n\t\t\t\t<div class=\"elementor-element elementor-element-ee47435 animated-fast elementor-invisible elementor-widget elementor-widget-text-editor\" data-id=\"ee47435\" data-element_type=\"widget\" data-e-type=\"widget\" data-settings=\"{&quot;_animation&quot;:&quot;fadeInRight&quot;,&quot;_animation_tablet&quot;:&quot;fadeInUp&quot;,&quot;_animation_delay&quot;:&quot;300&quot;}\" data-widget_type=\"text-editor.default\">\n\t\t\t\t<div class=\"elementor-widget-container\">\n\t\t\t\t\t\t\t\t\t<p>Dans le cadre du projet, des ateliers pilotes ont \u00e9t\u00e9 organis\u00e9s en Espagne, en Slov\u00e9nie, \u00e0 Chypre, en France, au Portugal et au Mont\u00e9n\u00e9gro avec des producteurs locaux et des acteurs cl\u00e9s du secteur touristique. Lors de ces sessions, les partenaires du projet ont pr\u00e9sent\u00e9 le cours en ligne sur le tourisme r\u00e9g\u00e9n\u00e9ratif.<\/p>\t\t\t\t\t\t\t\t<\/div>\n\t\t\t\t<\/div>\n\t\t\t\t<section class=\"elementor-section elementor-inner-section elementor-element elementor-element-d0b47ed elementor-section-boxed elementor-section-height-default elementor-section-height-default\" data-id=\"d0b47ed\" data-element_type=\"section\" data-e-type=\"section\" data-settings=\"{&quot;jet_parallax_layout_list&quot;:[]}\">\n\t\t\t\t\t\t<div class=\"elementor-container elementor-column-gap-default\">\n\t\t\t\t\t<div class=\"elementor-column elementor-col-50 elementor-inner-column elementor-element elementor-element-7cbbdc0\" data-id=\"7cbbdc0\" data-element_type=\"column\" data-e-type=\"column\">\n\t\t\t<div class=\"elementor-widget-wrap elementor-element-populated\">\n\t\t\t\t\t\t<div class=\"elementor-element elementor-element-1a86a36 elementor-widget elementor-widget-heading\" data-id=\"1a86a36\" data-element_type=\"widget\" data-e-type=\"widget\" data-widget_type=\"heading.default\">\n\t\t\t\t<div class=\"elementor-widget-container\">\n\t\t\t\t\t<h2 class=\"elementor-heading-title elementor-size-default\">Dom Spain<\/h2>\t\t\t\t<\/div>\n\t\t\t\t<\/div>\n\t\t\t\t<div class=\"elementor-element elementor-element-e8064d1 elementor-widget elementor-widget-image\" data-id=\"e8064d1\" data-element_type=\"widget\" data-e-type=\"widget\" data-widget_type=\"image.default\">\n\t\t\t\t<div class=\"elementor-widget-container\">\n\t\t\t\t\t\t\t\t\t\t\t\t\t\t\t<img fetchpriority=\"high\" decoding=\"async\" width=\"2048\" height=\"1536\" src=\"https:\/\/food-zone.eu\/wp-content\/uploads\/2025\/04\/Piloting-DomSpain-1.jpeg\" class=\"attachment-full size-full wp-image-9198\" alt=\"\" srcset=\"https:\/\/food-zone.eu\/wp-content\/uploads\/2025\/04\/Piloting-DomSpain-1.jpeg 2048w, https:\/\/food-zone.eu\/wp-content\/uploads\/2025\/04\/Piloting-DomSpain-1-300x225.jpeg 300w, https:\/\/food-zone.eu\/wp-content\/uploads\/2025\/04\/Piloting-DomSpain-1-1024x768.jpeg 1024w, https:\/\/food-zone.eu\/wp-content\/uploads\/2025\/04\/Piloting-DomSpain-1-768x576.jpeg 768w, https:\/\/food-zone.eu\/wp-content\/uploads\/2025\/04\/Piloting-DomSpain-1-1536x1152.jpeg 1536w\" sizes=\"(max-width: 2048px) 100vw, 2048px\" \/>\t\t\t\t\t\t\t\t\t\t\t\t\t\t\t<\/div>\n\t\t\t\t<\/div>\n\t\t\t\t<div class=\"elementor-element elementor-element-a2c90aa elementor-widget elementor-widget-text-editor\" data-id=\"a2c90aa\" data-element_type=\"widget\" data-e-type=\"widget\" data-settings=\"{&quot;_animation_tablet&quot;:&quot;fadeInUp&quot;}\" data-widget_type=\"text-editor.default\">\n\t\t\t\t<div class=\"elementor-widget-container\">\n\t\t\t\t\t\t\t\t\t<p>Le 24 janvier 2025, Espai Boule (Reus, Espagne) a accueilli un \u00e9v\u00e9nement pilote pour tester les supports de formation sur le tourisme alimentaire r\u00e9g\u00e9n\u00e9ratif destin\u00e9s aux petites et moyennes entreprises. 24 \u00e9tudiants de l&rsquo;EFP et 2 enseignants ont particip\u00e9 \u00e0 l&rsquo;\u00e9v\u00e9nement. Les discussions avec les participants ont confirm\u00e9 la pertinence du tourisme alimentaire r\u00e9g\u00e9n\u00e9ratif dans l&rsquo;EFP, en soulignant son potentiel \u00e0 renforcer la formation ax\u00e9e sur la durabilit\u00e9.<\/p>\t\t\t\t\t\t\t\t<\/div>\n\t\t\t\t<\/div>\n\t\t\t\t\t<\/div>\n\t\t<\/div>\n\t\t\t\t<div class=\"elementor-column elementor-col-50 elementor-inner-column elementor-element elementor-element-8515e39\" data-id=\"8515e39\" data-element_type=\"column\" data-e-type=\"column\">\n\t\t\t<div class=\"elementor-widget-wrap elementor-element-populated\">\n\t\t\t\t\t\t<div class=\"elementor-element elementor-element-0618e64 elementor-widget elementor-widget-heading\" data-id=\"0618e64\" data-element_type=\"widget\" data-e-type=\"widget\" data-widget_type=\"heading.default\">\n\t\t\t\t<div class=\"elementor-widget-container\">\n\t\t\t\t\t<h2 class=\"elementor-heading-title elementor-size-default\">C\u00e1mara de Comercio de C\u00e1ceres<\/h2>\t\t\t\t<\/div>\n\t\t\t\t<\/div>\n\t\t\t\t<div class=\"elementor-element elementor-element-467e138 elementor-widget elementor-widget-image\" data-id=\"467e138\" data-element_type=\"widget\" data-e-type=\"widget\" data-widget_type=\"image.default\">\n\t\t\t\t<div class=\"elementor-widget-container\">\n\t\t\t\t\t\t\t\t\t\t\t\t\t\t\t<img decoding=\"async\" width=\"1600\" height=\"1200\" src=\"https:\/\/food-zone.eu\/wp-content\/uploads\/2025\/04\/Piloting_CCIC-2-1.jpeg\" class=\"attachment-full size-full wp-image-9233\" alt=\"\" srcset=\"https:\/\/food-zone.eu\/wp-content\/uploads\/2025\/04\/Piloting_CCIC-2-1.jpeg 1600w, https:\/\/food-zone.eu\/wp-content\/uploads\/2025\/04\/Piloting_CCIC-2-1-300x225.jpeg 300w, https:\/\/food-zone.eu\/wp-content\/uploads\/2025\/04\/Piloting_CCIC-2-1-1024x768.jpeg 1024w, https:\/\/food-zone.eu\/wp-content\/uploads\/2025\/04\/Piloting_CCIC-2-1-768x576.jpeg 768w, https:\/\/food-zone.eu\/wp-content\/uploads\/2025\/04\/Piloting_CCIC-2-1-1536x1152.jpeg 1536w\" sizes=\"(max-width: 1600px) 100vw, 1600px\" \/>\t\t\t\t\t\t\t\t\t\t\t\t\t\t\t<\/div>\n\t\t\t\t<\/div>\n\t\t\t\t<div class=\"elementor-element elementor-element-4f4d661 elementor-widget elementor-widget-text-editor\" data-id=\"4f4d661\" data-element_type=\"widget\" data-e-type=\"widget\" data-settings=\"{&quot;_animation_tablet&quot;:&quot;fadeInUp&quot;}\" data-widget_type=\"text-editor.default\">\n\t\t\t\t<div class=\"elementor-widget-container\">\n\t\t\t\t\t\t\t\t\t<p>Le 16 janvier, l\u2019\u00e9v\u00e9nement r\u00e9gional pilote \u00e0 l\u2019ESHAEX de M\u00e9rida, en Estr\u00e9madure, s\u2019est concentr\u00e9 sur les projets europ\u00e9ens et le tourisme alimentaire r\u00e9g\u00e9n\u00e9ratif. Luis Gonz\u00e1lez et Mar\u00eda M\u00e1rquez ont anim\u00e9 une session interactive autour du r\u00f4le de la Chambre de Commerce de C\u00e1ceres dans le d\u00e9veloppement des entreprises locales et des d\u00e9fis li\u00e9s au tourisme alimentaire durable. Les participants ont \u00e9t\u00e9 tr\u00e8s impliqu\u00e9s et ont appr\u00e9ci\u00e9 un quiz sur Kahoot.<\/p>\t\t\t\t\t\t\t\t<\/div>\n\t\t\t\t<\/div>\n\t\t\t\t\t<\/div>\n\t\t<\/div>\n\t\t\t\t\t<\/div>\n\t\t<\/section>\n\t\t\t\t<section class=\"elementor-section elementor-inner-section elementor-element elementor-element-1acc98f elementor-section-boxed elementor-section-height-default elementor-section-height-default\" data-id=\"1acc98f\" data-element_type=\"section\" data-e-type=\"section\" data-settings=\"{&quot;jet_parallax_layout_list&quot;:[]}\">\n\t\t\t\t\t\t<div class=\"elementor-container elementor-column-gap-default\">\n\t\t\t\t\t<div class=\"elementor-column elementor-col-50 elementor-inner-column elementor-element elementor-element-5f247ad\" data-id=\"5f247ad\" data-element_type=\"column\" data-e-type=\"column\">\n\t\t\t<div class=\"elementor-widget-wrap elementor-element-populated\">\n\t\t\t\t\t\t<div class=\"elementor-element elementor-element-e484894 elementor-widget elementor-widget-heading\" data-id=\"e484894\" data-element_type=\"widget\" data-e-type=\"widget\" data-widget_type=\"heading.default\">\n\t\t\t\t<div class=\"elementor-widget-container\">\n\t\t\t\t\t<h2 class=\"elementor-heading-title elementor-size-default\">EURAKOM<\/h2>\t\t\t\t<\/div>\n\t\t\t\t<\/div>\n\t\t\t\t<div class=\"elementor-element elementor-element-59afefc elementor-widget elementor-widget-image\" data-id=\"59afefc\" data-element_type=\"widget\" data-e-type=\"widget\" data-widget_type=\"image.default\">\n\t\t\t\t<div class=\"elementor-widget-container\">\n\t\t\t\t\t\t\t\t\t\t\t\t\t\t\t<img decoding=\"async\" width=\"535\" height=\"425\" src=\"https:\/\/food-zone.eu\/wp-content\/uploads\/2025\/04\/Eurakom_Piloting-2-e1745618104404-1.png\" class=\"attachment-full size-full wp-image-9254\" alt=\"\" srcset=\"https:\/\/food-zone.eu\/wp-content\/uploads\/2025\/04\/Eurakom_Piloting-2-e1745618104404-1.png 535w, https:\/\/food-zone.eu\/wp-content\/uploads\/2025\/04\/Eurakom_Piloting-2-e1745618104404-1-300x238.png 300w\" sizes=\"(max-width: 535px) 100vw, 535px\" \/>\t\t\t\t\t\t\t\t\t\t\t\t\t\t\t<\/div>\n\t\t\t\t<\/div>\n\t\t\t\t<div class=\"elementor-element elementor-element-f9cf4c8 elementor-widget elementor-widget-text-editor\" data-id=\"f9cf4c8\" data-element_type=\"widget\" data-e-type=\"widget\" data-settings=\"{&quot;_animation_tablet&quot;:&quot;fadeInUp&quot;}\" data-widget_type=\"text-editor.default\">\n\t\t\t\t<div class=\"elementor-widget-container\">\n\t\t\t\t\t\t\t\t\t<p>L&rsquo;\u00e9v\u00e9nement pilote FOOD ZONE \u00e0 Abbeville a r\u00e9uni des professionnels du tourisme, des \u00e9ducateurs et des producteurs locaux des Hauts-de-France, tous d\u00e9sireux de comprendre l\u2019approche r\u00e9g\u00e9n\u00e9rative et d&rsquo;explorer ensemble comment elle peut transformer les \u00e9cosyst\u00e8mes alimentaires et touristiques. Nos \u00e9changes, et l\u2019\u00e9v\u00e9nement dans son ensemble, ont mis en lumi\u00e8re des opportunit\u00e9s de collaboration et les d\u00e9fis li\u00e9s \u00e0 la r\u00e9g\u00e9n\u00e9ration.<\/p>\t\t\t\t\t\t\t\t<\/div>\n\t\t\t\t<\/div>\n\t\t\t\t\t<\/div>\n\t\t<\/div>\n\t\t\t\t<div class=\"elementor-column elementor-col-50 elementor-inner-column elementor-element elementor-element-283c7f1\" data-id=\"283c7f1\" data-element_type=\"column\" data-e-type=\"column\">\n\t\t\t<div class=\"elementor-widget-wrap elementor-element-populated\">\n\t\t\t\t\t\t<div class=\"elementor-element elementor-element-a03436e elementor-widget elementor-widget-heading\" data-id=\"a03436e\" data-element_type=\"widget\" data-e-type=\"widget\" data-widget_type=\"heading.default\">\n\t\t\t\t<div class=\"elementor-widget-container\">\n\t\t\t\t\t<h2 class=\"elementor-heading-title elementor-size-default\">Nicosia Tourism Board<\/h2>\t\t\t\t<\/div>\n\t\t\t\t<\/div>\n\t\t\t\t<div class=\"elementor-element elementor-element-03369d1 elementor-widget elementor-widget-image\" data-id=\"03369d1\" data-element_type=\"widget\" data-e-type=\"widget\" data-widget_type=\"image.default\">\n\t\t\t\t<div class=\"elementor-widget-container\">\n\t\t\t\t\t\t\t\t\t\t\t\t\t\t\t<img loading=\"lazy\" decoding=\"async\" width=\"960\" height=\"777\" src=\"https:\/\/food-zone.eu\/wp-content\/uploads\/2025\/04\/Piloting-NTB-1-e1745617999325-1.jpeg\" class=\"attachment-full size-full wp-image-9275\" alt=\"\" srcset=\"https:\/\/food-zone.eu\/wp-content\/uploads\/2025\/04\/Piloting-NTB-1-e1745617999325-1.jpeg 960w, https:\/\/food-zone.eu\/wp-content\/uploads\/2025\/04\/Piloting-NTB-1-e1745617999325-1-300x243.jpeg 300w, https:\/\/food-zone.eu\/wp-content\/uploads\/2025\/04\/Piloting-NTB-1-e1745617999325-1-768x622.jpeg 768w\" sizes=\"(max-width: 960px) 100vw, 960px\" \/>\t\t\t\t\t\t\t\t\t\t\t\t\t\t\t<\/div>\n\t\t\t\t<\/div>\n\t\t\t\t<div class=\"elementor-element elementor-element-6026098 elementor-widget elementor-widget-text-editor\" data-id=\"6026098\" data-element_type=\"widget\" data-e-type=\"widget\" data-settings=\"{&quot;_animation_tablet&quot;:&quot;fadeInUp&quot;}\" data-widget_type=\"text-editor.default\">\n\t\t\t\t<div class=\"elementor-widget-container\">\n\t\t\t\t\t\t\t\t\t<p>L\u2019\u00e9v\u00e9nement pilote \u00e0 Nicosie a favoris\u00e9 une forte implication et un riche \u00e9change de connaissances autour du tourisme culinaire r\u00e9g\u00e9n\u00e9ratif, atteignant un taux de satisfaction de 90 %. Les participants ont acquis des connaissances pratiques et exprim\u00e9 une volont\u00e9 claire de mettre en \u0153uvre les apprentissages, renfor\u00e7ant ainsi la port\u00e9e et l\u2019impact de nos actions de formation.<\/p>\t\t\t\t\t\t\t\t<\/div>\n\t\t\t\t<\/div>\n\t\t\t\t\t<\/div>\n\t\t<\/div>\n\t\t\t\t\t<\/div>\n\t\t<\/section>\n\t\t\t\t<section class=\"elementor-section elementor-inner-section elementor-element elementor-element-6973194 elementor-section-boxed elementor-section-height-default elementor-section-height-default\" data-id=\"6973194\" data-element_type=\"section\" data-e-type=\"section\" data-settings=\"{&quot;jet_parallax_layout_list&quot;:[]}\">\n\t\t\t\t\t\t<div class=\"elementor-container elementor-column-gap-default\">\n\t\t\t\t\t<div class=\"elementor-column elementor-col-50 elementor-inner-column elementor-element elementor-element-d6f51e9\" data-id=\"d6f51e9\" data-element_type=\"column\" data-e-type=\"column\">\n\t\t\t<div class=\"elementor-widget-wrap elementor-element-populated\">\n\t\t\t\t\t\t<div class=\"elementor-element elementor-element-b36bea1 elementor-widget elementor-widget-heading\" data-id=\"b36bea1\" data-element_type=\"widget\" data-e-type=\"widget\" data-widget_type=\"heading.default\">\n\t\t\t\t<div class=\"elementor-widget-container\">\n\t\t\t\t\t<h2 class=\"elementor-heading-title elementor-size-default\">University of Aveiro<\/h2>\t\t\t\t<\/div>\n\t\t\t\t<\/div>\n\t\t\t\t<div class=\"elementor-element elementor-element-190f5cf elementor-widget elementor-widget-image\" data-id=\"190f5cf\" data-element_type=\"widget\" data-e-type=\"widget\" data-widget_type=\"image.default\">\n\t\t\t\t<div class=\"elementor-widget-container\">\n\t\t\t\t\t\t\t\t\t\t\t\t\t\t\t<img loading=\"lazy\" decoding=\"async\" width=\"825\" height=\"619\" src=\"https:\/\/food-zone.eu\/wp-content\/uploads\/2025\/04\/Piloting_Aveiro_1-1.jpg\" class=\"attachment-full size-full wp-image-9310\" alt=\"\" srcset=\"https:\/\/food-zone.eu\/wp-content\/uploads\/2025\/04\/Piloting_Aveiro_1-1.jpg 825w, https:\/\/food-zone.eu\/wp-content\/uploads\/2025\/04\/Piloting_Aveiro_1-1-300x225.jpg 300w, https:\/\/food-zone.eu\/wp-content\/uploads\/2025\/04\/Piloting_Aveiro_1-1-768x576.jpg 768w\" sizes=\"(max-width: 825px) 100vw, 825px\" \/>\t\t\t\t\t\t\t\t\t\t\t\t\t\t\t<\/div>\n\t\t\t\t<\/div>\n\t\t\t\t<div class=\"elementor-element elementor-element-408095d elementor-widget elementor-widget-text-editor\" data-id=\"408095d\" data-element_type=\"widget\" data-e-type=\"widget\" data-settings=\"{&quot;_animation_tablet&quot;:&quot;fadeInUp&quot;}\" data-widget_type=\"text-editor.default\">\n\t\t\t\t<div class=\"elementor-widget-container\">\n\t\t\t\t\t\t\t\t\t<p>Le 30 septembre 2024, l\u2019Universit\u00e9 d\u2019Aveiro a accueilli un \u00e9v\u00e9nement pilote visant \u00e0 tester les Mat\u00e9riels de Formation sur le Tourisme Alimentaire R\u00e9g\u00e9n\u00e9ratif pour les PME. Avec 21 participants et 2 formateurs, la session a confirm\u00e9 la pertinence de la formation et son potentiel pour l\u2019enseignement sup\u00e9rieur et les PME touristiques ax\u00e9es sur la durabilit\u00e9.<\/p>\t\t\t\t\t\t\t\t<\/div>\n\t\t\t\t<\/div>\n\t\t\t\t\t<\/div>\n\t\t<\/div>\n\t\t\t\t<div class=\"elementor-column elementor-col-50 elementor-inner-column elementor-element elementor-element-d322e51\" data-id=\"d322e51\" data-element_type=\"column\" data-e-type=\"column\">\n\t\t\t<div class=\"elementor-widget-wrap elementor-element-populated\">\n\t\t\t\t\t\t<div class=\"elementor-element elementor-element-8f3cda3 elementor-widget elementor-widget-heading\" data-id=\"8f3cda3\" data-element_type=\"widget\" data-e-type=\"widget\" data-widget_type=\"heading.default\">\n\t\t\t\t<div class=\"elementor-widget-container\">\n\t\t\t\t\t<h2 class=\"elementor-heading-title elementor-size-default\">LANARA Consulting<\/h2>\t\t\t\t<\/div>\n\t\t\t\t<\/div>\n\t\t\t\t<div class=\"elementor-element elementor-element-92dfe99 elementor-widget elementor-widget-image\" data-id=\"92dfe99\" data-element_type=\"widget\" data-e-type=\"widget\" data-widget_type=\"image.default\">\n\t\t\t\t<div class=\"elementor-widget-container\">\n\t\t\t\t\t\t\t\t\t\t\t\t\t\t\t<img loading=\"lazy\" decoding=\"async\" width=\"943\" height=\"708\" src=\"https:\/\/food-zone.eu\/wp-content\/uploads\/2025\/04\/LANARA_Piloting-1.png\" class=\"attachment-full size-full wp-image-9352\" alt=\"\" srcset=\"https:\/\/food-zone.eu\/wp-content\/uploads\/2025\/04\/LANARA_Piloting-1.png 943w, https:\/\/food-zone.eu\/wp-content\/uploads\/2025\/04\/LANARA_Piloting-1-300x225.png 300w, https:\/\/food-zone.eu\/wp-content\/uploads\/2025\/04\/LANARA_Piloting-1-768x577.png 768w\" sizes=\"(max-width: 943px) 100vw, 943px\" \/>\t\t\t\t\t\t\t\t\t\t\t\t\t\t\t<\/div>\n\t\t\t\t<\/div>\n\t\t\t\t<div class=\"elementor-element elementor-element-ceb247a elementor-widget elementor-widget-text-editor\" data-id=\"ceb247a\" data-element_type=\"widget\" data-e-type=\"widget\" data-settings=\"{&quot;_animation_tablet&quot;:&quot;fadeInUp&quot;}\" data-widget_type=\"text-editor.default\">\n\t\t\t\t<div class=\"elementor-widget-container\">\n\t\t\t\t\t\t\t\t\t<p>LANARA Consulting a organis\u00e9 un \u00e9v\u00e9nement pilote en Slov\u00e9nie sur le tourisme culinaire r\u00e9g\u00e9n\u00e9ratif, suscitant un vif int\u00e9r\u00eat chez les \u00e9ducateurs et les PME. Les institutions \u00e9ducatives ont accueilli favorablement les supports pour les int\u00e9grer \u00e0 leurs cours, tandis que les petits producteurs les ont trouv\u00e9s utiles mais trop volumineux. Dans les zones touristiques moins d\u00e9velopp\u00e9es, les OGD jouent un r\u00f4le cl\u00e9 dans la sensibilisation.<\/p>\t\t\t\t\t\t\t\t<\/div>\n\t\t\t\t<\/div>\n\t\t\t\t\t<\/div>\n\t\t<\/div>\n\t\t\t\t\t<\/div>\n\t\t<\/section>\n\t\t\t\t<section class=\"elementor-section elementor-inner-section elementor-element elementor-element-acccd56 elementor-section-boxed elementor-section-height-default elementor-section-height-default\" data-id=\"acccd56\" data-element_type=\"section\" data-e-type=\"section\" data-settings=\"{&quot;jet_parallax_layout_list&quot;:[]}\">\n\t\t\t\t\t\t<div class=\"elementor-container elementor-column-gap-default\">\n\t\t\t\t\t<div class=\"elementor-column elementor-col-33 elementor-inner-column elementor-element elementor-element-66c6d63 elementor-hidden-tablet elementor-hidden-mobile\" data-id=\"66c6d63\" data-element_type=\"column\" data-e-type=\"column\">\n\t\t\t<div class=\"elementor-widget-wrap\">\n\t\t\t\t\t\t\t<\/div>\n\t\t<\/div>\n\t\t\t\t<div class=\"elementor-column elementor-col-33 elementor-inner-column elementor-element elementor-element-5ef58f2\" data-id=\"5ef58f2\" data-element_type=\"column\" data-e-type=\"column\">\n\t\t\t<div class=\"elementor-widget-wrap elementor-element-populated\">\n\t\t\t\t\t\t<div class=\"elementor-element elementor-element-8dae216 elementor-widget elementor-widget-heading\" data-id=\"8dae216\" data-element_type=\"widget\" data-e-type=\"widget\" data-widget_type=\"heading.default\">\n\t\t\t\t<div class=\"elementor-widget-container\">\n\t\t\t\t\t<h2 class=\"elementor-heading-title elementor-size-default\">The Municipality of Tivat<\/h2>\t\t\t\t<\/div>\n\t\t\t\t<\/div>\n\t\t\t\t<div class=\"elementor-element elementor-element-21563de elementor-widget elementor-widget-image\" data-id=\"21563de\" data-element_type=\"widget\" data-e-type=\"widget\" data-widget_type=\"image.default\">\n\t\t\t\t<div class=\"elementor-widget-container\">\n\t\t\t\t\t\t\t\t\t\t\t\t\t\t\t<img loading=\"lazy\" decoding=\"async\" width=\"2560\" height=\"1920\" src=\"https:\/\/food-zone.eu\/wp-content\/uploads\/2025\/04\/Tivat_Piloting-scaled-1.jpeg\" class=\"attachment-full size-full wp-image-9394\" alt=\"\" srcset=\"https:\/\/food-zone.eu\/wp-content\/uploads\/2025\/04\/Tivat_Piloting-scaled-1.jpeg 2560w, https:\/\/food-zone.eu\/wp-content\/uploads\/2025\/04\/Tivat_Piloting-scaled-1-300x225.jpeg 300w, https:\/\/food-zone.eu\/wp-content\/uploads\/2025\/04\/Tivat_Piloting-scaled-1-1024x768.jpeg 1024w, https:\/\/food-zone.eu\/wp-content\/uploads\/2025\/04\/Tivat_Piloting-scaled-1-768x576.jpeg 768w, https:\/\/food-zone.eu\/wp-content\/uploads\/2025\/04\/Tivat_Piloting-scaled-1-1536x1152.jpeg 1536w, https:\/\/food-zone.eu\/wp-content\/uploads\/2025\/04\/Tivat_Piloting-scaled-1-2048x1536.jpeg 2048w\" sizes=\"(max-width: 2560px) 100vw, 2560px\" \/>\t\t\t\t\t\t\t\t\t\t\t\t\t\t\t<\/div>\n\t\t\t\t<\/div>\n\t\t\t\t<div class=\"elementor-element elementor-element-48ffedc elementor-widget elementor-widget-text-editor\" data-id=\"48ffedc\" data-element_type=\"widget\" data-e-type=\"widget\" data-settings=\"{&quot;_animation_tablet&quot;:&quot;fadeInUp&quot;}\" data-widget_type=\"text-editor.default\">\n\t\t\t\t<div class=\"elementor-widget-container\">\n\t\t\t\t\t\t\t\t\t<p>Le 17 janvier 2025, la Municipalit\u00e9 de Tivat a pilot\u00e9 le cours en ligne sur le tourisme alimentaire r\u00e9g\u00e9n\u00e9ratif. La session \u00e9tait interactive, avec une forte participation, des questions et des \u00e9changes d&rsquo;exp\u00e9riences. Plusieurs participants pratiquent d\u00e9j\u00e0 ce type de tourisme et ont trouv\u00e9 la formation utile pour aller plus loin. Les retours \u00e9taient tr\u00e8s positifs.<\/p>\t\t\t\t\t\t\t\t<\/div>\n\t\t\t\t<\/div>\n\t\t\t\t\t<\/div>\n\t\t<\/div>\n\t\t\t\t<div class=\"elementor-column elementor-col-33 elementor-inner-column elementor-element elementor-element-16e73ef elementor-hidden-tablet elementor-hidden-mobile\" data-id=\"16e73ef\" data-element_type=\"column\" data-e-type=\"column\">\n\t\t\t<div class=\"elementor-widget-wrap\">\n\t\t\t\t\t\t\t<\/div>\n\t\t<\/div>\n\t\t\t\t\t<\/div>\n\t\t<\/section>\n\t\t\t\t\t<\/div>\n\t\t<\/div>\n\t\t\t\t\t<\/div>\n\t\t<\/section>\n\t\t\t\t<\/div>\n\t\t","protected":false},"excerpt":{"rendered":"<p>Incubateur Dans le cadre du projet, des ateliers pilotes ont \u00e9t\u00e9 organis\u00e9s en Espagne, en Slov\u00e9nie, \u00e0 Chypre, en France, au Portugal et au Mont\u00e9n\u00e9gro avec des producteurs locaux et des acteurs cl\u00e9s du secteur touristique. Lors de ces sessions, les partenaires du projet ont pr\u00e9sent\u00e9 le cours en ligne sur le tourisme r\u00e9g\u00e9n\u00e9ratif. Dom [&hellip;]<\/p>\n","protected":false},"author":2,"featured_media":0,"parent":0,"menu_order":0,"comment_status":"closed","ping_status":"closed","template":"","meta":{"footnotes":""},"class_list":["post-7343","page","type-page","status-publish","hentry"],"_links":{"self":[{"href":"https:\/\/food-zone.eu\/fr\/wp-json\/wp\/v2\/pages\/7343","targetHints":{"allow":["GET"]}}],"collection":[{"href":"https:\/\/food-zone.eu\/fr\/wp-json\/wp\/v2\/pages"}],"about":[{"href":"https:\/\/food-zone.eu\/fr\/wp-json\/wp\/v2\/types\/page"}],"author":[{"embeddable":true,"href":"https:\/\/food-zone.eu\/fr\/wp-json\/wp\/v2\/users\/2"}],"replies":[{"embeddable":true,"href":"https:\/\/food-zone.eu\/fr\/wp-json\/wp\/v2\/comments?post=7343"}],"version-history":[{"count":4,"href":"https:\/\/food-zone.eu\/fr\/wp-json\/wp\/v2\/pages\/7343\/revisions"}],"predecessor-version":[{"id":9452,"href":"https:\/\/food-zone.eu\/fr\/wp-json\/wp\/v2\/pages\/7343\/revisions\/9452"}],"wp:attachment":[{"href":"https:\/\/food-zone.eu\/fr\/wp-json\/wp\/v2\/media?parent=7343"}],"curies":[{"name":"wp","href":"https:\/\/api.w.org\/{rel}","templated":true}]}}