{"id":6176,"date":"2023-12-19T09:18:38","date_gmt":"2023-12-19T08:18:38","guid":{"rendered":"https:\/\/food-zone.eu\/acerca\/what-is-regenerative-food-tourism\/"},"modified":"2024-08-25T00:21:55","modified_gmt":"2024-08-24T22:21:55","slug":"o-que-e-o-turismo-alimentar-regenerativo","status":"publish","type":"page","link":"https:\/\/food-zone.eu\/pt-pt\/acerca\/o-que-e-o-turismo-alimentar-regenerativo\/","title":{"rendered":"O que \u00e9 o Turismo Alimentar Regenerativo"},"content":{"rendered":"\t\t<div data-elementor-type=\"wp-page\" data-elementor-id=\"6176\" class=\"elementor elementor-6176 elementor-2274\" data-elementor-post-type=\"page\">\n\t\t\t\t\t\t<section class=\"elementor-section elementor-top-section elementor-element elementor-element-3cd6dce elementor-section-full_width elementor-section-height-default elementor-section-height-default\" data-id=\"3cd6dce\" data-element_type=\"section\" data-e-type=\"section\" data-settings=\"{&quot;jet_parallax_layout_list&quot;:[]}\">\n\t\t\t\t\t\t<div class=\"elementor-container elementor-column-gap-default\">\n\t\t\t\t\t<div class=\"elementor-column elementor-col-100 elementor-top-column elementor-element elementor-element-2ce1a61\" data-id=\"2ce1a61\" data-element_type=\"column\" data-e-type=\"column\">\n\t\t\t<div class=\"elementor-widget-wrap elementor-element-populated\">\n\t\t\t\t\t\t<div class=\"elementor-element elementor-element-f460138 animated-fast elementor-invisible elementor-widget elementor-widget-heading\" data-id=\"f460138\" data-element_type=\"widget\" data-e-type=\"widget\" data-settings=\"{&quot;_animation&quot;:&quot;fadeInRight&quot;,&quot;_animation_delay&quot;:200}\" data-widget_type=\"heading.default\">\n\t\t\t\t<div class=\"elementor-widget-container\">\n\t\t\t\t\t<h2 class=\"elementor-heading-title elementor-size-default\">Acerca<\/h2>\t\t\t\t<\/div>\n\t\t\t\t<\/div>\n\t\t\t\t<div class=\"elementor-element elementor-element-4a7c319 animated-fast elementor-invisible elementor-widget elementor-widget-heading\" data-id=\"4a7c319\" data-element_type=\"widget\" data-e-type=\"widget\" data-settings=\"{&quot;_animation&quot;:&quot;fadeInRight&quot;,&quot;_animation_delay&quot;:200,&quot;_animation_tablet&quot;:&quot;fadeInUp&quot;}\" data-widget_type=\"heading.default\">\n\t\t\t\t<div class=\"elementor-widget-container\">\n\t\t\t\t\t<h3 class=\"elementor-heading-title elementor-size-default\">O que \u00e9 o Turismo Alimentar Regenerativo?<\/h3>\t\t\t\t<\/div>\n\t\t\t\t<\/div>\n\t\t\t\t<div class=\"elementor-element elementor-element-6255ea8 animated-fast elementor-invisible elementor-widget elementor-widget-text-editor\" data-id=\"6255ea8\" data-element_type=\"widget\" data-e-type=\"widget\" data-settings=\"{&quot;_animation&quot;:&quot;fadeInRight&quot;,&quot;_animation_tablet&quot;:&quot;fadeInUp&quot;,&quot;_animation_delay&quot;:&quot;300&quot;}\" data-widget_type=\"text-editor.default\">\n\t\t\t\t<div class=\"elementor-widget-container\">\n\t\t\t\t\t\t\t\t\t<p><span data-sheets-root=\"1\">Na atualidade, n\u00e3o existe uma defini\u00e7\u00e3o oficial sobre o que \u00e9 exatamente uma experi\u00eancia<br \/>de turismo alimentar regenerativo. Uma revis\u00e3o realizada pela Universidade de Aveiro revelou que<br \/>uma defini\u00e7\u00e3o universal de turismo regenerativo ainda n\u00e3o foi desenvolvida ou adotada. No<br \/>entanto, na literatura proveniente de nichos inovadores, podem ser identificados e extra\u00eddos v\u00e1rios<br \/>atributos do turismo regenerativo que formam um primeiro n\u00facleo concetual e permitem um maior<br \/>desenvolvimento do conceito.<\/span><\/p><p><strong>Ent\u00e3o, o que \u00e9 o turismo alimentar regenerativo?<\/strong><\/p><p>O turismo regenerativo afasta-se do paradigma do desenvolvimento sustent\u00e1vel ao posicionar as atividades tur\u00edsticas como interven\u00e7\u00f5es que desenvolvem as capacidades dos locais, das comunidades e dos seus h\u00f3spedes para operarem em harmonia com sistemas s\u00f3cio-ecol\u00f3gicos interligados. Por conseguinte, o turismo regenerativo alinha-se com o paradigma do desenvolvimento regenerativo, apesar de se assemelhar a abordagens de desenvolvimento sustent\u00e1vel.<\/p><p><em><strong>O turismo regenerativo \u00e9 uma abordagem transformacional que visa concretizar o potencial dos locais tur\u00edsticos para florescerem e criar efeitos positivos atrav\u00e9s do aumento da capacidade regenerativa das sociedades humanas e dos ecossistemas. Tendo por base uma vis\u00e3o ecol\u00f3gica do mundo, esta abordagem combina perspetivas e conhecimentos ind\u00edgenas e ocidentais. Os sistemas tur\u00edsticos s\u00e3o considerados insepar\u00e1veis da natureza e obrigados a respeitar os princ\u00edpios e as leis da Terra. Para al\u00e9m disso, as abordagens doturismo egenerativo evoluem e variam entre locais a longo prazo, harmonizando assim as pr\u00e1ticas com a regenera\u00e7\u00e3o de sistemas vivos interligados.<\/strong><\/em><\/p><p><span data-sheets-root=\"1\">Atrav\u00e9s da ado\u00e7\u00e3o de um paradigma regenerativo, o turismo regenerativo procura transformar o setor e prev\u00ea sistemas de turismo que facilitam encontros, criam liga\u00e7\u00f5es e desenvolvem rela\u00e7\u00f5es rec\u00edprocas e mutuamente ben\u00e9ficas, atrav\u00e9s de pr\u00e1ticas e experi\u00eancias de viagem, que reflitam de forma \u00fanica os locais de turismo. A regenera\u00e7\u00e3o pode ocorrer ao n\u00edvel mental, f\u00edsico, emocional, espiritual, cultural, social, ambiental e\/ou econ\u00f3mico.<\/span><\/p><p><span data-sheets-root=\"1\">A \u201ceconomia do visitante\u201d pode contar com o turismo regenerativo para garantir a sua resist\u00eancia a crises futuras. O turismo regenerativo cria um equil\u00edbrio significativo entre a cultura local, os ecossistemas naturais, os anfitri\u00f5es e os h\u00f3spedes. O seu objetivo \u00e9 melhorar a comunidade de forma hol\u00edstica, em vez de minimizar o impacto do turismo, e deixar o local melhor do que foi encontrado.<\/span><\/p><p><span data-sheets-root=\"1\">A este respeito, a comida desempenha um papel importante. Cada destino tem um patrim\u00f3nio culin\u00e1rio distinto que est\u00e1 na origem de experi\u00eancias gastron\u00f3micas \u00fanicas. O turismo gastron\u00f3mico permite que os viajantes descubram um local atrav\u00e9s das suas cozinhas, ao mesmo tempo que criam liga\u00e7\u00f5es significativas e um conhecimento mais profundo da cultura local.<\/span><\/p><p><span data-sheets-root=\"1\">As experi\u00eancias de turismo alimentar regenerativo envolvem as pessoas com as culturas locais, por exemplo, aprendendo a cozinhar receitas ind\u00edgenas, e com a natureza, incluindo a apanha dos seus pr\u00f3prios ingredientes numa floresta. Al\u00e9m disso, muitos restaurantes olham para a natureza como fonte de inspira\u00e7\u00e3o culin\u00e1ria, com menus que s\u00e3o sazonais e locais culturalmente significativos.<\/span><\/p><p><span data-sheets-root=\"1\">As altera\u00e7\u00f5es clim\u00e1ticas afetaram a agricultura e os regimes alimentares locais. Podemos adaptar-nos melhor se consumirmos produtos locais sazonais. Os chefes de cozinha locais desempenham um papel importante nesta mudan\u00e7a de depend\u00eancia de produtos importados.<\/span><\/p><p><span data-sheets-root=\"1\">Contudo, existe uma vasta gama de experi\u00eancias alimentares em que cada uma delas pode contribuir para os fundamentos do turismo regenerativo. Por exemplo, comprar num mercado de agricultores ou provar comida de rua pode tamb\u00e9m resultar em impactos tang\u00edveis (econ\u00f3micos e ambientais) e intang\u00edveis (culturais e sociais).<\/span><\/p><p><span data-sheets-root=\"1\">A produ\u00e7\u00e3o sustent\u00e1vel de alimentos e o desenvolvimento do consumo contribuem para o turismo regenerativo e para o futuro do nosso planeta.<\/span><\/p><p><span data-sheets-root=\"1\">O objetivo principal do turismo regenerativo \u00e9 que os visitantes tenham um impacto positivo no seu destino de f\u00e9rias, ou seja, que o deixem num estado melhor do que o encontraram. Um conceito que vai al\u00e9m de \u201cn\u00e3o danificar\u201d o ambiente e que visa revitaliz\u00e1-lo e regener\u00e1-lo ativamente, resultando num ciclo positivo de impactos nas comunidades e economias locais: a regenera\u00e7\u00e3o sustent\u00e1vel. O \u201cturismo regenerativo\u201d sugere que o turismo deve deixar um lugar melhor do que antes. (Em compara\u00e7\u00e3o, a sustentabilidade consiste em deixar algo como est\u00e1, de modo a que se mantenha igual; por outras palavras, n\u00e3o est\u00e1 a causar danos adicionais). Assim, vai para al\u00e9m das pr\u00e1ticas de sustentabilidade. O turismo regenerativo oferece um conjunto importante de solu\u00e7\u00f5es para repensar e reconstruir a ind\u00fastria do turismo. Al\u00e9m disso, melhora as economias locais e preserva as culturas e a biodiversidade locais, ao mesmo tempo que oferece aos h\u00f3spedes experi\u00eancias memor\u00e1veis e aut\u00eanticas que mudam a sua vida e permite melhorar os destinos.<\/span><\/p>\t\t\t\t\t\t\t\t<\/div>\n\t\t\t\t<\/div>\n\t\t\t\t\t<\/div>\n\t\t<\/div>\n\t\t\t\t\t<\/div>\n\t\t<\/section>\n\t\t\t\t<\/div>\n\t\t","protected":false},"excerpt":{"rendered":"<p>Acerca O que \u00e9 o Turismo Alimentar Regenerativo? Na atualidade, n\u00e3o existe uma defini\u00e7\u00e3o oficial sobre o que \u00e9 exatamente uma experi\u00eanciade turismo alimentar regenerativo. Uma revis\u00e3o realizada pela Universidade de Aveiro revelou queuma defini\u00e7\u00e3o universal de turismo regenerativo ainda n\u00e3o foi desenvolvida ou adotada. Noentanto, na literatura proveniente de nichos inovadores, podem ser identificados [&hellip;]<\/p>\n","protected":false},"author":2,"featured_media":0,"parent":6140,"menu_order":0,"comment_status":"closed","ping_status":"closed","template":"","meta":{"footnotes":""},"class_list":["post-6176","page","type-page","status-publish","hentry"],"_links":{"self":[{"href":"https:\/\/food-zone.eu\/pt-pt\/wp-json\/wp\/v2\/pages\/6176","targetHints":{"allow":["GET"]}}],"collection":[{"href":"https:\/\/food-zone.eu\/pt-pt\/wp-json\/wp\/v2\/pages"}],"about":[{"href":"https:\/\/food-zone.eu\/pt-pt\/wp-json\/wp\/v2\/types\/page"}],"author":[{"embeddable":true,"href":"https:\/\/food-zone.eu\/pt-pt\/wp-json\/wp\/v2\/users\/2"}],"replies":[{"embeddable":true,"href":"https:\/\/food-zone.eu\/pt-pt\/wp-json\/wp\/v2\/comments?post=6176"}],"version-history":[{"count":7,"href":"https:\/\/food-zone.eu\/pt-pt\/wp-json\/wp\/v2\/pages\/6176\/revisions"}],"predecessor-version":[{"id":6206,"href":"https:\/\/food-zone.eu\/pt-pt\/wp-json\/wp\/v2\/pages\/6176\/revisions\/6206"}],"up":[{"embeddable":true,"href":"https:\/\/food-zone.eu\/pt-pt\/wp-json\/wp\/v2\/pages\/6140"}],"wp:attachment":[{"href":"https:\/\/food-zone.eu\/pt-pt\/wp-json\/wp\/v2\/media?parent=6176"}],"curies":[{"name":"wp","href":"https:\/\/api.w.org\/{rel}","templated":true}]}}