{"id":6621,"date":"2023-12-19T13:23:20","date_gmt":"2023-12-19T12:23:20","guid":{"rendered":"https:\/\/food-zone.eu\/challenges-and-barriers\/"},"modified":"2025-04-26T00:41:30","modified_gmt":"2025-04-25T22:41:30","slug":"desafios-e-barreiras","status":"publish","type":"page","link":"https:\/\/food-zone.eu\/pt-pt\/desafios-e-barreiras\/","title":{"rendered":"Desafios e barreiras"},"content":{"rendered":"\t\t<div data-elementor-type=\"wp-page\" data-elementor-id=\"6621\" class=\"elementor elementor-6621 elementor-2324\" data-elementor-post-type=\"page\">\n\t\t\t\t\t\t<section class=\"elementor-section elementor-top-section elementor-element elementor-element-4e5fb90 elementor-section-boxed elementor-section-height-default elementor-section-height-default\" data-id=\"4e5fb90\" data-element_type=\"section\" data-e-type=\"section\" data-settings=\"{&quot;jet_parallax_layout_list&quot;:[],&quot;background_background&quot;:&quot;classic&quot;}\">\n\t\t\t\t\t\t\t<div class=\"elementor-background-overlay\"><\/div>\n\t\t\t\t\t\t\t<div class=\"elementor-container elementor-column-gap-default\">\n\t\t\t\t\t<div class=\"elementor-column elementor-col-100 elementor-top-column elementor-element elementor-element-86c92fa\" data-id=\"86c92fa\" data-element_type=\"column\" data-e-type=\"column\">\n\t\t\t<div class=\"elementor-widget-wrap elementor-element-populated\">\n\t\t\t\t\t\t<div class=\"elementor-element elementor-element-b55354f animated-fast elementor-invisible elementor-widget elementor-widget-heading\" data-id=\"b55354f\" data-element_type=\"widget\" data-e-type=\"widget\" data-settings=\"{&quot;_animation&quot;:&quot;fadeInRight&quot;,&quot;_animation_delay&quot;:200}\" data-widget_type=\"heading.default\">\n\t\t\t\t<div class=\"elementor-widget-container\">\n\t\t\t\t\t<h2 class=\"elementor-heading-title elementor-size-default\">Incubadora<\/h2>\t\t\t\t<\/div>\n\t\t\t\t<\/div>\n\t\t\t\t<div class=\"elementor-element elementor-element-33c50c0 animated-fast elementor-invisible elementor-widget elementor-widget-heading\" data-id=\"33c50c0\" data-element_type=\"widget\" data-e-type=\"widget\" data-settings=\"{&quot;_animation&quot;:&quot;fadeInRight&quot;,&quot;_animation_delay&quot;:200,&quot;_animation_tablet&quot;:&quot;fadeInUp&quot;}\" data-widget_type=\"heading.default\">\n\t\t\t\t<div class=\"elementor-widget-container\">\n\t\t\t\t\t<h3 class=\"elementor-heading-title elementor-size-default\">Desafios e barreiras<\/h3>\t\t\t\t<\/div>\n\t\t\t\t<\/div>\n\t\t\t\t<div class=\"elementor-element elementor-element-e63e969 animated-fast elementor-invisible elementor-widget elementor-widget-text-editor\" data-id=\"e63e969\" data-element_type=\"widget\" data-e-type=\"widget\" data-settings=\"{&quot;_animation&quot;:&quot;fadeInRight&quot;,&quot;_animation_tablet&quot;:&quot;fadeInUp&quot;,&quot;_animation_delay&quot;:&quot;300&quot;}\" data-widget_type=\"text-editor.default\">\n\t\t\t\t<div class=\"elementor-widget-container\">\n\t\t\t\t\t\t\t\t\t<p>As PME do turismo gastron\u00f4mico enfrentam desafios financeiros, regulat\u00f3rios e de capacidade que limitam sua capacidade de inovar. Com base em entrevistas e pesquisas com produtores, este recurso identifica as principais barreiras, incluindo o acesso a financiamento, a burocracia administrativa e as lacunas de compet\u00eancias (como habilidades digitais e ecol\u00f3gicas). Utilizando o mapeamento do ecossistema e o feedback das partes interessadas, explora solu\u00e7\u00f5es pr\u00e1ticas para apoiar as PME na supera\u00e7\u00e3o desses desafios e no desenvolvimento de experi\u00eancias tur\u00edsticas economicamente vi\u00e1veis e sustent\u00e1veis.<\/p>\t\t\t\t\t\t\t\t<\/div>\n\t\t\t\t<\/div>\n\t\t\t\t<div class=\"elementor-element elementor-element-1e84774 elementor-widget elementor-widget-shortcode\" data-id=\"1e84774\" data-element_type=\"widget\" data-e-type=\"widget\" data-widget_type=\"shortcode.default\">\n\t\t\t\t<div class=\"elementor-widget-container\">\n\t\t\t\t\t\t\t<div class=\"elementor-shortcode\"><div class=\"_df_book df-lite\" id=\"df_6607\"  _slug=\"challenges-and-barriers-pt\" data-title=\"challenges-and-barriers-pt\" wpoptions=\"true\" thumbtype=\"\" ><\/div><script class=\"df-shortcode-script\" nowprocket type=\"application\/javascript\">window.option_df_6607 = {\"outline\":[],\"autoEnableOutline\":\"false\",\"autoEnableThumbnail\":\"false\",\"overwritePDFOutline\":\"false\",\"direction\":\"1\",\"pageSize\":\"0\",\"source\":\"https:\\\/\\\/food-zone.eu\\\/wp-content\\\/uploads\\\/2025\\\/04\\\/CB-PT.pdf\",\"wpOptions\":\"true\"}; if(window.DFLIP && window.DFLIP.parseBooks){window.DFLIP.parseBooks();}<\/script><\/div>\n\t\t\t\t\t\t<\/div>\n\t\t\t\t<\/div>\n\t\t\t\t\t<\/div>\n\t\t<\/div>\n\t\t\t\t\t<\/div>\n\t\t<\/section>\n\t\t\t\t<\/div>\n\t\t","protected":false},"excerpt":{"rendered":"<p>Incubadora As PME do turismo gastron\u00f4mico enfrentam desafios financeiros, regulat\u00f3rios e de capacidade que limitam sua capacidade de inovar. Com base em entrevistas e pesquisas com produtores, este recurso identifica as principais barreiras, incluindo o acesso a financiamento, a burocracia administrativa e as lacunas de compet\u00eancias (como habilidades digitais e ecol\u00f3gicas). Utilizando o mapeamento do [&hellip;]<\/p>\n","protected":false},"author":2,"featured_media":0,"parent":0,"menu_order":0,"comment_status":"closed","ping_status":"closed","template":"","meta":{"footnotes":""},"class_list":["post-6621","page","type-page","status-publish","hentry"],"_links":{"self":[{"href":"https:\/\/food-zone.eu\/pt-pt\/wp-json\/wp\/v2\/pages\/6621","targetHints":{"allow":["GET"]}}],"collection":[{"href":"https:\/\/food-zone.eu\/pt-pt\/wp-json\/wp\/v2\/pages"}],"about":[{"href":"https:\/\/food-zone.eu\/pt-pt\/wp-json\/wp\/v2\/types\/page"}],"author":[{"embeddable":true,"href":"https:\/\/food-zone.eu\/pt-pt\/wp-json\/wp\/v2\/users\/2"}],"replies":[{"embeddable":true,"href":"https:\/\/food-zone.eu\/pt-pt\/wp-json\/wp\/v2\/comments?post=6621"}],"version-history":[{"count":10,"href":"https:\/\/food-zone.eu\/pt-pt\/wp-json\/wp\/v2\/pages\/6621\/revisions"}],"predecessor-version":[{"id":9554,"href":"https:\/\/food-zone.eu\/pt-pt\/wp-json\/wp\/v2\/pages\/6621\/revisions\/9554"}],"wp:attachment":[{"href":"https:\/\/food-zone.eu\/pt-pt\/wp-json\/wp\/v2\/media?parent=6621"}],"curies":[{"name":"wp","href":"https:\/\/api.w.org\/{rel}","templated":true}]}}