{"id":6968,"date":"2023-12-19T13:24:43","date_gmt":"2023-12-19T12:24:43","guid":{"rendered":"https:\/\/food-zone.eu\/policy-recommendations\/"},"modified":"2025-04-26T00:33:52","modified_gmt":"2025-04-25T22:33:52","slug":"recomendacoes-de-politicas-publicas","status":"publish","type":"page","link":"https:\/\/food-zone.eu\/pt-pt\/recomendacoes-de-politicas-publicas\/","title":{"rendered":"Recomenda\u00e7\u00f5es de pol\u00edticas p\u00fablicas"},"content":{"rendered":"\t\t<div data-elementor-type=\"wp-page\" data-elementor-id=\"6968\" class=\"elementor elementor-6968 elementor-2336\" data-elementor-post-type=\"page\">\n\t\t\t\t\t\t<section class=\"elementor-section elementor-top-section elementor-element elementor-element-cce5e3b elementor-section-boxed elementor-section-height-default elementor-section-height-default\" data-id=\"cce5e3b\" data-element_type=\"section\" data-e-type=\"section\" data-settings=\"{&quot;jet_parallax_layout_list&quot;:[],&quot;background_background&quot;:&quot;classic&quot;}\">\n\t\t\t\t\t\t\t<div class=\"elementor-background-overlay\"><\/div>\n\t\t\t\t\t\t\t<div class=\"elementor-container elementor-column-gap-default\">\n\t\t\t\t\t<div class=\"elementor-column elementor-col-100 elementor-top-column elementor-element elementor-element-da689b9\" data-id=\"da689b9\" data-element_type=\"column\" data-e-type=\"column\">\n\t\t\t<div class=\"elementor-widget-wrap elementor-element-populated\">\n\t\t\t\t\t\t<div class=\"elementor-element elementor-element-64ecf4e animated-fast elementor-invisible elementor-widget elementor-widget-heading\" data-id=\"64ecf4e\" data-element_type=\"widget\" data-e-type=\"widget\" data-settings=\"{&quot;_animation&quot;:&quot;fadeInRight&quot;,&quot;_animation_delay&quot;:200}\" data-widget_type=\"heading.default\">\n\t\t\t\t<div class=\"elementor-widget-container\">\n\t\t\t\t\t<h2 class=\"elementor-heading-title elementor-size-default\">Incubadora<\/h2>\t\t\t\t<\/div>\n\t\t\t\t<\/div>\n\t\t\t\t<div class=\"elementor-element elementor-element-d65244d animated-fast elementor-invisible elementor-widget elementor-widget-heading\" data-id=\"d65244d\" data-element_type=\"widget\" data-e-type=\"widget\" data-settings=\"{&quot;_animation&quot;:&quot;fadeInRight&quot;,&quot;_animation_delay&quot;:200,&quot;_animation_tablet&quot;:&quot;fadeInUp&quot;}\" data-widget_type=\"heading.default\">\n\t\t\t\t<div class=\"elementor-widget-container\">\n\t\t\t\t\t<h3 class=\"elementor-heading-title elementor-size-default\">Recomenda\u00e7\u00f5es de pol\u00edticas p\u00fablicas<\/h3>\t\t\t\t<\/div>\n\t\t\t\t<\/div>\n\t\t\t\t<div class=\"elementor-element elementor-element-81a37c2 animated-fast elementor-invisible elementor-widget elementor-widget-text-editor\" data-id=\"81a37c2\" data-element_type=\"widget\" data-e-type=\"widget\" data-settings=\"{&quot;_animation&quot;:&quot;fadeInRight&quot;,&quot;_animation_tablet&quot;:&quot;fadeInUp&quot;,&quot;_animation_delay&quot;:&quot;300&quot;}\" data-widget_type=\"text-editor.default\">\n\t\t\t\t<div class=\"elementor-widget-container\">\n\t\t\t\t\t\t\t\t\t<p>O turismo gastron\u00f4mico regenerativo exige mudan\u00e7as sist\u00eamicas e alinhamento de pol\u00edticas. Estas recomenda\u00e7\u00f5es abordam lacunas em financiamento, desenvolvimento de compet\u00eancias e apoio regulat\u00f3rio para as PMEs no setor do turismo gastron\u00f4mico. Elas prop\u00f5em medidas para fortalecer a liga\u00e7\u00e3o entre os ecossistemas alimentares e tur\u00edsticos, promover a inova\u00e7\u00e3o e incentivar a transforma\u00e7\u00e3o sustent\u00e1vel. Formuladores de pol\u00edticas, grupos de defesa e partes interessadas do setor podem usar este recurso para tomar decis\u00f5es informadas que apoiem pr\u00e1ticas regenerativas de longo prazo.<\/p>\t\t\t\t\t\t\t\t<\/div>\n\t\t\t\t<\/div>\n\t\t\t\t<div class=\"elementor-element elementor-element-b7df8a7 elementor-widget elementor-widget-shortcode\" data-id=\"b7df8a7\" data-element_type=\"widget\" data-e-type=\"widget\" data-widget_type=\"shortcode.default\">\n\t\t\t\t<div class=\"elementor-widget-container\">\n\t\t\t\t\t\t\t<div class=\"elementor-shortcode\"><div class=\"_df_book df-lite\" id=\"df_6915\"  _slug=\"policy-recommendation-pt\" data-title=\"policy-recommendation-pt\" wpoptions=\"true\" thumbtype=\"\" ><\/div><script class=\"df-shortcode-script\" nowprocket type=\"application\/javascript\">window.option_df_6915 = {\"outline\":[],\"autoEnableOutline\":\"false\",\"autoEnableThumbnail\":\"false\",\"overwritePDFOutline\":\"false\",\"direction\":\"1\",\"pageSize\":\"0\",\"source\":\"https:\\\/\\\/food-zone.eu\\\/wp-content\\\/uploads\\\/2025\\\/03\\\/Policy-recommendation-PT.pdf\",\"wpOptions\":\"true\"}; if(window.DFLIP && window.DFLIP.parseBooks){window.DFLIP.parseBooks();}<\/script><\/div>\n\t\t\t\t\t\t<\/div>\n\t\t\t\t<\/div>\n\t\t\t\t\t<\/div>\n\t\t<\/div>\n\t\t\t\t\t<\/div>\n\t\t<\/section>\n\t\t\t\t<\/div>\n\t\t","protected":false},"excerpt":{"rendered":"<p>Incubadora O turismo gastron\u00f4mico regenerativo exige mudan\u00e7as sist\u00eamicas e alinhamento de pol\u00edticas. Estas recomenda\u00e7\u00f5es abordam lacunas em financiamento, desenvolvimento de compet\u00eancias e apoio regulat\u00f3rio para as PMEs no setor do turismo gastron\u00f4mico. Elas prop\u00f5em medidas para fortalecer a liga\u00e7\u00e3o entre os ecossistemas alimentares e tur\u00edsticos, promover a inova\u00e7\u00e3o e incentivar a transforma\u00e7\u00e3o sustent\u00e1vel. Formuladores de [&hellip;]<\/p>\n","protected":false},"author":2,"featured_media":0,"parent":0,"menu_order":0,"comment_status":"closed","ping_status":"closed","template":"","meta":{"footnotes":""},"class_list":["post-6968","page","type-page","status-publish","hentry"],"_links":{"self":[{"href":"https:\/\/food-zone.eu\/pt-pt\/wp-json\/wp\/v2\/pages\/6968","targetHints":{"allow":["GET"]}}],"collection":[{"href":"https:\/\/food-zone.eu\/pt-pt\/wp-json\/wp\/v2\/pages"}],"about":[{"href":"https:\/\/food-zone.eu\/pt-pt\/wp-json\/wp\/v2\/types\/page"}],"author":[{"embeddable":true,"href":"https:\/\/food-zone.eu\/pt-pt\/wp-json\/wp\/v2\/users\/2"}],"replies":[{"embeddable":true,"href":"https:\/\/food-zone.eu\/pt-pt\/wp-json\/wp\/v2\/comments?post=6968"}],"version-history":[{"count":7,"href":"https:\/\/food-zone.eu\/pt-pt\/wp-json\/wp\/v2\/pages\/6968\/revisions"}],"predecessor-version":[{"id":9509,"href":"https:\/\/food-zone.eu\/pt-pt\/wp-json\/wp\/v2\/pages\/6968\/revisions\/9509"}],"wp:attachment":[{"href":"https:\/\/food-zone.eu\/pt-pt\/wp-json\/wp\/v2\/media?parent=6968"}],"curies":[{"name":"wp","href":"https:\/\/api.w.org\/{rel}","templated":true}]}}