{"id":7075,"date":"2023-12-19T13:24:36","date_gmt":"2023-12-19T12:24:36","guid":{"rendered":"https:\/\/food-zone.eu\/call-to-action\/"},"modified":"2025-04-26T00:33:49","modified_gmt":"2025-04-25T22:33:49","slug":"chamada-para-a-acao","status":"publish","type":"page","link":"https:\/\/food-zone.eu\/pt-pt\/chamada-para-a-acao\/","title":{"rendered":"Chamada para a a\u00e7\u00e3o"},"content":{"rendered":"\t\t<div data-elementor-type=\"wp-page\" data-elementor-id=\"7075\" class=\"elementor elementor-7075 elementor-2335\" data-elementor-post-type=\"page\">\n\t\t\t\t\t\t<section class=\"elementor-section elementor-top-section elementor-element elementor-element-5098ac2 elementor-section-boxed elementor-section-height-default elementor-section-height-default\" data-id=\"5098ac2\" data-element_type=\"section\" data-e-type=\"section\" data-settings=\"{&quot;jet_parallax_layout_list&quot;:[],&quot;background_background&quot;:&quot;classic&quot;}\">\n\t\t\t\t\t\t\t<div class=\"elementor-background-overlay\"><\/div>\n\t\t\t\t\t\t\t<div class=\"elementor-container elementor-column-gap-default\">\n\t\t\t\t\t<div class=\"elementor-column elementor-col-100 elementor-top-column elementor-element elementor-element-ab80263\" data-id=\"ab80263\" data-element_type=\"column\" data-e-type=\"column\">\n\t\t\t<div class=\"elementor-widget-wrap elementor-element-populated\">\n\t\t\t\t\t\t<div class=\"elementor-element elementor-element-0665dbf animated-fast elementor-invisible elementor-widget elementor-widget-heading\" data-id=\"0665dbf\" data-element_type=\"widget\" data-e-type=\"widget\" data-settings=\"{&quot;_animation&quot;:&quot;fadeInRight&quot;,&quot;_animation_delay&quot;:200}\" data-widget_type=\"heading.default\">\n\t\t\t\t<div class=\"elementor-widget-container\">\n\t\t\t\t\t<h2 class=\"elementor-heading-title elementor-size-default\">Incubadora<\/h2>\t\t\t\t<\/div>\n\t\t\t\t<\/div>\n\t\t\t\t<div class=\"elementor-element elementor-element-af229c0 animated-fast elementor-invisible elementor-widget elementor-widget-heading\" data-id=\"af229c0\" data-element_type=\"widget\" data-e-type=\"widget\" data-settings=\"{&quot;_animation&quot;:&quot;fadeInRight&quot;,&quot;_animation_delay&quot;:200,&quot;_animation_tablet&quot;:&quot;fadeInUp&quot;}\" data-widget_type=\"heading.default\">\n\t\t\t\t<div class=\"elementor-widget-container\">\n\t\t\t\t\t<h3 class=\"elementor-heading-title elementor-size-default\">Chamada para a a\u00e7\u00e3o<\/h3>\t\t\t\t<\/div>\n\t\t\t\t<\/div>\n\t\t\t\t<div class=\"elementor-element elementor-element-c3b9633 animated-fast elementor-invisible elementor-widget elementor-widget-text-editor\" data-id=\"c3b9633\" data-element_type=\"widget\" data-e-type=\"widget\" data-settings=\"{&quot;_animation&quot;:&quot;fadeInRight&quot;,&quot;_animation_tablet&quot;:&quot;fadeInUp&quot;,&quot;_animation_delay&quot;:&quot;300&quot;}\" data-widget_type=\"text-editor.default\">\n\t\t\t\t<div class=\"elementor-widget-container\">\n\t\t\t\t\t\t\t\t\t<p>Para promover o Turismo Gastron\u00f4mico Regenerativo, o projeto lan\u00e7ou uma campanha de sensibiliza\u00e7\u00e3o, incluindo webinars nacionais e regionais, al\u00e9m de um evento internacional (25 de mar\u00e7o de 2025). Essas iniciativas destacam os benef\u00edcios do turismo culin\u00e1rio para o desenvolvimento rural e a resili\u00eancia. A campanha promove a colabora\u00e7\u00e3o entre formuladores de pol\u00edticas, PMEs e outras partes interessadas, defendendo pol\u00edticas de apoio, financiamento acess\u00edvel e parcerias mais fortes para impulsionar a transforma\u00e7\u00e3o sustent\u00e1vel do turismo gastron\u00f4mico.<\/p>\t\t\t\t\t\t\t\t<\/div>\n\t\t\t\t<\/div>\n\t\t\t\t<div class=\"elementor-element elementor-element-0cf12ec elementor-widget elementor-widget-shortcode\" data-id=\"0cf12ec\" data-element_type=\"widget\" data-e-type=\"widget\" data-widget_type=\"shortcode.default\">\n\t\t\t\t<div class=\"elementor-widget-container\">\n\t\t\t\t\t\t\t<div class=\"elementor-shortcode\"><div class=\"_df_book df-lite\" id=\"df_7266\"  _slug=\"call-to-action-pt\" data-title=\"call-to-action-pt\" wpoptions=\"true\" thumbtype=\"\" ><\/div><script class=\"df-shortcode-script\" nowprocket type=\"application\/javascript\">window.option_df_7266 = {\"outline\":[],\"autoEnableOutline\":\"false\",\"autoEnableThumbnail\":\"false\",\"overwritePDFOutline\":\"false\",\"direction\":\"1\",\"pageSize\":\"0\",\"source\":\"https:\\\/\\\/food-zone.eu\\\/wp-content\\\/uploads\\\/2025\\\/03\\\/Call-to-Action-PT.pdf\",\"wpOptions\":\"true\"}; if(window.DFLIP && window.DFLIP.parseBooks){window.DFLIP.parseBooks();}<\/script><\/div>\n\t\t\t\t\t\t<\/div>\n\t\t\t\t<\/div>\n\t\t\t\t<div class=\"elementor-element elementor-element-bc1664d animated-fast elementor-invisible elementor-widget elementor-widget-text-editor\" data-id=\"bc1664d\" data-element_type=\"widget\" data-e-type=\"widget\" data-settings=\"{&quot;_animation&quot;:&quot;fadeInRight&quot;,&quot;_animation_tablet&quot;:&quot;fadeInUp&quot;,&quot;_animation_delay&quot;:&quot;300&quot;}\" data-widget_type=\"text-editor.default\">\n\t\t\t\t<div class=\"elementor-widget-container\">\n\t\t\t\t\t\t\t\t\t<p>No dia 25 de mar\u00e7o, realiz\u00e1mos o nosso \u00faltimo webinar internacional, centrado na colabora\u00e7\u00e3o, educa\u00e7\u00e3o e pol\u00edticas no turismo gastron\u00f3mico regenerativo. Os parceiros da LANARA Consulting, DomSpain, Universidade de Aveiro, Munic\u00edpio de Tivat, C\u00e2mara de Com\u00e9rcio de C\u00e1ceres e EURAKOM partilharam ideias, boas pr\u00e1ticas e recomenda\u00e7\u00f5es de pol\u00edticas.<\/p>\t\t\t\t\t\t\t\t<\/div>\n\t\t\t\t<\/div>\n\t\t\t\t<div class=\"elementor-element elementor-element-3c5b991 elementor-widget elementor-widget-video\" data-id=\"3c5b991\" data-element_type=\"widget\" data-e-type=\"widget\" data-settings=\"{&quot;youtube_url&quot;:&quot;https:\\\/\\\/www.youtube.com\\\/embed\\\/bBN9FkBtJYw?si=AM3tf16sSJ_zQXoX&quot;,&quot;yt_privacy&quot;:&quot;yes&quot;,&quot;video_type&quot;:&quot;youtube&quot;,&quot;controls&quot;:&quot;yes&quot;}\" data-widget_type=\"video.default\">\n\t\t\t\t<div class=\"elementor-widget-container\">\n\t\t\t\t\t\t\t<div class=\"elementor-wrapper elementor-open-inline\">\n\t\t\t<div class=\"elementor-video\"><\/div>\t\t<\/div>\n\t\t\t\t\t\t<\/div>\n\t\t\t\t<\/div>\n\t\t\t\t<div class=\"elementor-element elementor-element-b41fb42 animated-fast elementor-invisible elementor-widget elementor-widget-text-editor\" data-id=\"b41fb42\" data-element_type=\"widget\" data-e-type=\"widget\" data-settings=\"{&quot;_animation&quot;:&quot;fadeInRight&quot;,&quot;_animation_tablet&quot;:&quot;fadeInUp&quot;,&quot;_animation_delay&quot;:&quot;300&quot;}\" data-widget_type=\"text-editor.default\">\n\t\t\t\t<div class=\"elementor-widget-container\">\n\t\t\t\t\t\t\t\t\t<p>Acreditamos que \u00e9 necess\u00e1rio fazer muito mais para derrubar barreiras, enfrentar desafios e apoiar o desenvolvimento do turismo regenerativo. Defenderemos a forma\u00e7\u00e3o e o apoio no setor do turismo alimentar, uma maior colabora\u00e7\u00e3o entre setores para garantir que os produtores de alimentos e as PME sejam integrados no ecossistema tur\u00edstico.<\/p>\t\t\t\t\t\t\t\t<\/div>\n\t\t\t\t<\/div>\n\t\t\t\t\t<\/div>\n\t\t<\/div>\n\t\t\t\t\t<\/div>\n\t\t<\/section>\n\t\t\t\t<\/div>\n\t\t","protected":false},"excerpt":{"rendered":"<p>Incubadora Para promover o Turismo Gastron\u00f4mico Regenerativo, o projeto lan\u00e7ou uma campanha de sensibiliza\u00e7\u00e3o, incluindo webinars nacionais e regionais, al\u00e9m de um evento internacional (25 de mar\u00e7o de 2025). Essas iniciativas destacam os benef\u00edcios do turismo culin\u00e1rio para o desenvolvimento rural e a resili\u00eancia. A campanha promove a colabora\u00e7\u00e3o entre formuladores de pol\u00edticas, PMEs e [&hellip;]<\/p>\n","protected":false},"author":2,"featured_media":0,"parent":0,"menu_order":0,"comment_status":"closed","ping_status":"closed","template":"","meta":{"footnotes":""},"class_list":["post-7075","page","type-page","status-publish","hentry"],"_links":{"self":[{"href":"https:\/\/food-zone.eu\/pt-pt\/wp-json\/wp\/v2\/pages\/7075","targetHints":{"allow":["GET"]}}],"collection":[{"href":"https:\/\/food-zone.eu\/pt-pt\/wp-json\/wp\/v2\/pages"}],"about":[{"href":"https:\/\/food-zone.eu\/pt-pt\/wp-json\/wp\/v2\/types\/page"}],"author":[{"embeddable":true,"href":"https:\/\/food-zone.eu\/pt-pt\/wp-json\/wp\/v2\/users\/2"}],"replies":[{"embeddable":true,"href":"https:\/\/food-zone.eu\/pt-pt\/wp-json\/wp\/v2\/comments?post=7075"}],"version-history":[{"count":13,"href":"https:\/\/food-zone.eu\/pt-pt\/wp-json\/wp\/v2\/pages\/7075\/revisions"}],"predecessor-version":[{"id":9506,"href":"https:\/\/food-zone.eu\/pt-pt\/wp-json\/wp\/v2\/pages\/7075\/revisions\/9506"}],"wp:attachment":[{"href":"https:\/\/food-zone.eu\/pt-pt\/wp-json\/wp\/v2\/media?parent=7075"}],"curies":[{"name":"wp","href":"https:\/\/api.w.org\/{rel}","templated":true}]}}