{"id":7126,"date":"2023-12-19T13:24:05","date_gmt":"2023-12-19T12:24:05","guid":{"rendered":"https:\/\/food-zone.eu\/guide-for-educators\/"},"modified":"2025-04-26T00:33:45","modified_gmt":"2025-04-25T22:33:45","slug":"guia-para-professores-e-formadores","status":"publish","type":"page","link":"https:\/\/food-zone.eu\/pt-pt\/guia-para-professores-e-formadores\/","title":{"rendered":"Guia para professores e formadores"},"content":{"rendered":"\t\t<div data-elementor-type=\"wp-page\" data-elementor-id=\"7126\" class=\"elementor elementor-7126 elementor-2330\" data-elementor-post-type=\"page\">\n\t\t\t\t\t\t<section class=\"elementor-section elementor-top-section elementor-element elementor-element-3af8d41 elementor-section-boxed elementor-section-height-default elementor-section-height-default\" data-id=\"3af8d41\" data-element_type=\"section\" data-e-type=\"section\" data-settings=\"{&quot;jet_parallax_layout_list&quot;:[],&quot;background_background&quot;:&quot;classic&quot;}\">\n\t\t\t\t\t\t\t<div class=\"elementor-background-overlay\"><\/div>\n\t\t\t\t\t\t\t<div class=\"elementor-container elementor-column-gap-default\">\n\t\t\t\t\t<div class=\"elementor-column elementor-col-100 elementor-top-column elementor-element elementor-element-fe4c5a4\" data-id=\"fe4c5a4\" data-element_type=\"column\" data-e-type=\"column\">\n\t\t\t<div class=\"elementor-widget-wrap elementor-element-populated\">\n\t\t\t\t\t\t<div class=\"elementor-element elementor-element-e983225 animated-fast elementor-invisible elementor-widget elementor-widget-heading\" data-id=\"e983225\" data-element_type=\"widget\" data-e-type=\"widget\" data-settings=\"{&quot;_animation&quot;:&quot;fadeInRight&quot;,&quot;_animation_delay&quot;:200}\" data-widget_type=\"heading.default\">\n\t\t\t\t<div class=\"elementor-widget-container\">\n\t\t\t\t\t<h2 class=\"elementor-heading-title elementor-size-default\">Incubadora<\/h2>\t\t\t\t<\/div>\n\t\t\t\t<\/div>\n\t\t\t\t<div class=\"elementor-element elementor-element-88a5633 animated-fast elementor-invisible elementor-widget elementor-widget-heading\" data-id=\"88a5633\" data-element_type=\"widget\" data-e-type=\"widget\" data-settings=\"{&quot;_animation&quot;:&quot;fadeInRight&quot;,&quot;_animation_delay&quot;:200,&quot;_animation_tablet&quot;:&quot;fadeInUp&quot;}\" data-widget_type=\"heading.default\">\n\t\t\t\t<div class=\"elementor-widget-container\">\n\t\t\t\t\t<h3 class=\"elementor-heading-title elementor-size-default\">Guia para professores e formadores<\/h3>\t\t\t\t<\/div>\n\t\t\t\t<\/div>\n\t\t\t\t<div class=\"elementor-element elementor-element-3d218d9 animated-fast elementor-invisible elementor-widget elementor-widget-text-editor\" data-id=\"3d218d9\" data-element_type=\"widget\" data-e-type=\"widget\" data-settings=\"{&quot;_animation&quot;:&quot;fadeInRight&quot;,&quot;_animation_tablet&quot;:&quot;fadeInUp&quot;,&quot;_animation_delay&quot;:&quot;300&quot;}\" data-widget_type=\"text-editor.default\">\n\t\t\t\t<div class=\"elementor-widget-container\">\n\t\t\t\t\t\t\t\t\t<p>Os educadores desempenham um papel fundamental na prepara\u00e7\u00e3o dos futuros profissionais para o turismo regenerativo. Estas diretrizes apoiam as institui\u00e7\u00f5es de ensino superior e de forma\u00e7\u00e3o profissional na integra\u00e7\u00e3o de conte\u00fados focados na sustentabilidade nos seus curr\u00edculos. Fornecem uma vis\u00e3o geral dos principais materiais de aprendizagem, dos resultados esperados e das metodologias para aprendizagem ativa. Al\u00e9m disso, o guia apresenta recomenda\u00e7\u00f5es para o desenvolvimento de experi\u00eancias de aprendizagem interativas e baseadas na realidade, ajudando os estudantes a enfrentar desafios de sustentabilidade nos setores da alimenta\u00e7\u00e3o e do turismo.<\/p>\t\t\t\t\t\t\t\t<\/div>\n\t\t\t\t<\/div>\n\t\t\t\t<div class=\"elementor-element elementor-element-ec9724c elementor-widget elementor-widget-shortcode\" data-id=\"ec9724c\" data-element_type=\"widget\" data-e-type=\"widget\" data-widget_type=\"shortcode.default\">\n\t\t\t\t<div class=\"elementor-widget-container\">\n\t\t\t\t\t\t\t<div class=\"elementor-shortcode\"><div class=\"_df_book df-lite\" id=\"df_7180\"  _slug=\"guide-for-educators-pt\" data-title=\"guide-for-educators-pt\" wpoptions=\"true\" thumbtype=\"\" ><\/div><script class=\"df-shortcode-script\" nowprocket type=\"application\/javascript\">window.option_df_7180 = {\"outline\":[],\"autoEnableOutline\":\"false\",\"autoEnableThumbnail\":\"false\",\"overwritePDFOutline\":\"false\",\"direction\":\"1\",\"pageSize\":\"0\",\"source\":\"https:\\\/\\\/food-zone.eu\\\/wp-content\\\/uploads\\\/2025\\\/03\\\/Guide-for-Educators-PT.pdf\",\"wpOptions\":\"true\"}; if(window.DFLIP && window.DFLIP.parseBooks){window.DFLIP.parseBooks();}<\/script><\/div>\n\t\t\t\t\t\t<\/div>\n\t\t\t\t<\/div>\n\t\t\t\t\t<\/div>\n\t\t<\/div>\n\t\t\t\t\t<\/div>\n\t\t<\/section>\n\t\t\t\t<\/div>\n\t\t","protected":false},"excerpt":{"rendered":"<p>Incubadora Os educadores desempenham um papel fundamental na prepara\u00e7\u00e3o dos futuros profissionais para o turismo regenerativo. Estas diretrizes apoiam as institui\u00e7\u00f5es de ensino superior e de forma\u00e7\u00e3o profissional na integra\u00e7\u00e3o de conte\u00fados focados na sustentabilidade nos seus curr\u00edculos. Fornecem uma vis\u00e3o geral dos principais materiais de aprendizagem, dos resultados esperados e das metodologias para aprendizagem [&hellip;]<\/p>\n","protected":false},"author":2,"featured_media":0,"parent":0,"menu_order":0,"comment_status":"closed","ping_status":"closed","template":"","meta":{"footnotes":""},"class_list":["post-7126","page","type-page","status-publish","hentry"],"_links":{"self":[{"href":"https:\/\/food-zone.eu\/pt-pt\/wp-json\/wp\/v2\/pages\/7126","targetHints":{"allow":["GET"]}}],"collection":[{"href":"https:\/\/food-zone.eu\/pt-pt\/wp-json\/wp\/v2\/pages"}],"about":[{"href":"https:\/\/food-zone.eu\/pt-pt\/wp-json\/wp\/v2\/types\/page"}],"author":[{"embeddable":true,"href":"https:\/\/food-zone.eu\/pt-pt\/wp-json\/wp\/v2\/users\/2"}],"replies":[{"embeddable":true,"href":"https:\/\/food-zone.eu\/pt-pt\/wp-json\/wp\/v2\/comments?post=7126"}],"version-history":[{"count":7,"href":"https:\/\/food-zone.eu\/pt-pt\/wp-json\/wp\/v2\/pages\/7126\/revisions"}],"predecessor-version":[{"id":9503,"href":"https:\/\/food-zone.eu\/pt-pt\/wp-json\/wp\/v2\/pages\/7126\/revisions\/9503"}],"wp:attachment":[{"href":"https:\/\/food-zone.eu\/pt-pt\/wp-json\/wp\/v2\/media?parent=7126"}],"curies":[{"name":"wp","href":"https:\/\/api.w.org\/{rel}","templated":true}]}}