{"id":6702,"date":"2023-12-19T13:23:31","date_gmt":"2023-12-19T12:23:31","guid":{"rendered":"https:\/\/food-zone.eu\/regenerative-guide\/"},"modified":"2025-03-18T11:03:04","modified_gmt":"2025-03-18T10:03:04","slug":"regenerativni-vodnik","status":"publish","type":"page","link":"https:\/\/food-zone.eu\/sl\/regenerativni-vodnik\/","title":{"rendered":"Regenerativni vodnik"},"content":{"rendered":"\t\t<div data-elementor-type=\"wp-page\" data-elementor-id=\"6702\" class=\"elementor elementor-6702 elementor-2327\" data-elementor-post-type=\"page\">\n\t\t\t\t\t\t<section class=\"elementor-section elementor-top-section elementor-element elementor-element-7ce0eb9 elementor-section-boxed elementor-section-height-default elementor-section-height-default\" data-id=\"7ce0eb9\" data-element_type=\"section\" data-e-type=\"section\" data-settings=\"{&quot;jet_parallax_layout_list&quot;:[],&quot;background_background&quot;:&quot;classic&quot;}\">\n\t\t\t\t\t\t\t<div class=\"elementor-background-overlay\"><\/div>\n\t\t\t\t\t\t\t<div class=\"elementor-container elementor-column-gap-default\">\n\t\t\t\t\t<div class=\"elementor-column elementor-col-100 elementor-top-column elementor-element elementor-element-9288248\" data-id=\"9288248\" data-element_type=\"column\" data-e-type=\"column\">\n\t\t\t<div class=\"elementor-widget-wrap elementor-element-populated\">\n\t\t\t\t\t\t<div class=\"elementor-element elementor-element-064f07d animated-fast elementor-invisible elementor-widget elementor-widget-heading\" data-id=\"064f07d\" data-element_type=\"widget\" data-e-type=\"widget\" data-settings=\"{&quot;_animation&quot;:&quot;fadeInRight&quot;,&quot;_animation_delay&quot;:200}\" data-widget_type=\"heading.default\">\n\t\t\t\t<div class=\"elementor-widget-container\">\n\t\t\t\t\t<h2 class=\"elementor-heading-title elementor-size-default\">Inkubator<\/h2>\t\t\t\t<\/div>\n\t\t\t\t<\/div>\n\t\t\t\t<div class=\"elementor-element elementor-element-c55d1ca animated-fast elementor-invisible elementor-widget elementor-widget-heading\" data-id=\"c55d1ca\" data-element_type=\"widget\" data-e-type=\"widget\" data-settings=\"{&quot;_animation&quot;:&quot;fadeInRight&quot;,&quot;_animation_delay&quot;:200,&quot;_animation_tablet&quot;:&quot;fadeInUp&quot;}\" data-widget_type=\"heading.default\">\n\t\t\t\t<div class=\"elementor-widget-container\">\n\t\t\t\t\t<h3 class=\"elementor-heading-title elementor-size-default\">Regenerativni vodnik<\/h3>\t\t\t\t<\/div>\n\t\t\t\t<\/div>\n\t\t\t\t<div class=\"elementor-element elementor-element-96340f7 animated-fast elementor-invisible elementor-widget elementor-widget-text-editor\" data-id=\"96340f7\" data-element_type=\"widget\" data-e-type=\"widget\" data-settings=\"{&quot;_animation&quot;:&quot;fadeInRight&quot;,&quot;_animation_tablet&quot;:&quot;fadeInUp&quot;,&quot;_animation_delay&quot;:&quot;300&quot;}\" data-widget_type=\"text-editor.default\">\n\t\t\t\t<div class=\"elementor-widget-container\">\n\t\t\t\t\t\t\t\t\t<p>Regenerativni vodnik za ustvarjanje do\u017eivetij pode\u017eelskega kulinari\u010dnega turizma je bil razvit z velikim poudarkom na ustvarjanju regenerativnih in trajnostnih do\u017eivetij, ki imajo pozitiven vpliv na lokalno skupnost in planet. \u010ce ste pridelovalci\/predelovalci hrane, turisti\u010dni ali kulturni delavci, pedagogi ali \u0161tudentje ter \u017eelite izvedeti ve\u010d o razvoju regenerativnih turisti\u010dnih do\u017eivetij, je ta vodnik namenjen prav vam.<\/p>\t\t\t\t\t\t\t\t<\/div>\n\t\t\t\t<\/div>\n\t\t\t\t<div class=\"elementor-element elementor-element-8679a9a elementor-widget elementor-widget-shortcode\" data-id=\"8679a9a\" data-element_type=\"widget\" data-e-type=\"widget\" data-widget_type=\"shortcode.default\">\n\t\t\t\t<div class=\"elementor-widget-container\">\n\t\t\t\t\t\t\t<div class=\"elementor-shortcode\"><div class=\"_df_book df-lite\" id=\"df_7390\"  _slug=\"regenerative-guide-sl\" data-title=\"regenerative-guide-sl\" wpoptions=\"true\" thumbtype=\"\" ><\/div><script class=\"df-shortcode-script\" nowprocket type=\"application\/javascript\">window.option_df_7390 = {\"outline\":[],\"autoEnableOutline\":\"false\",\"autoEnableThumbnail\":\"false\",\"overwritePDFOutline\":\"false\",\"direction\":\"1\",\"pageSize\":\"0\",\"source\":\"https:\\\/\\\/food-zone.eu\\\/wp-content\\\/uploads\\\/2025\\\/03\\\/Regenerative-Guide-SL.pdf\",\"wpOptions\":\"true\"}; if(window.DFLIP && window.DFLIP.parseBooks){window.DFLIP.parseBooks();}<\/script><\/div>\n\t\t\t\t\t\t<\/div>\n\t\t\t\t<\/div>\n\t\t\t\t\t<\/div>\n\t\t<\/div>\n\t\t\t\t\t<\/div>\n\t\t<\/section>\n\t\t\t\t<\/div>\n\t\t","protected":false},"excerpt":{"rendered":"<p>Inkubator Regenerativni vodnik za ustvarjanje do\u017eivetij pode\u017eelskega kulinari\u010dnega turizma je bil razvit z velikim poudarkom na ustvarjanju regenerativnih in trajnostnih do\u017eivetij, ki imajo pozitiven vpliv na lokalno skupnost in planet. \u010ce ste pridelovalci\/predelovalci hrane, turisti\u010dni ali kulturni delavci, pedagogi ali \u0161tudentje ter \u017eelite izvedeti ve\u010d o razvoju regenerativnih turisti\u010dnih do\u017eivetij, je ta vodnik namenjen prav [&hellip;]<\/p>\n","protected":false},"author":2,"featured_media":0,"parent":0,"menu_order":0,"comment_status":"closed","ping_status":"closed","template":"","meta":{"footnotes":""},"class_list":["post-6702","page","type-page","status-publish","hentry"],"_links":{"self":[{"href":"https:\/\/food-zone.eu\/sl\/wp-json\/wp\/v2\/pages\/6702","targetHints":{"allow":["GET"]}}],"collection":[{"href":"https:\/\/food-zone.eu\/sl\/wp-json\/wp\/v2\/pages"}],"about":[{"href":"https:\/\/food-zone.eu\/sl\/wp-json\/wp\/v2\/types\/page"}],"author":[{"embeddable":true,"href":"https:\/\/food-zone.eu\/sl\/wp-json\/wp\/v2\/users\/2"}],"replies":[{"embeddable":true,"href":"https:\/\/food-zone.eu\/sl\/wp-json\/wp\/v2\/comments?post=6702"}],"version-history":[{"count":7,"href":"https:\/\/food-zone.eu\/sl\/wp-json\/wp\/v2\/pages\/6702\/revisions"}],"predecessor-version":[{"id":7462,"href":"https:\/\/food-zone.eu\/sl\/wp-json\/wp\/v2\/pages\/6702\/revisions\/7462"}],"wp:attachment":[{"href":"https:\/\/food-zone.eu\/sl\/wp-json\/wp\/v2\/media?parent=6702"}],"curies":[{"name":"wp","href":"https:\/\/api.w.org\/{rel}","templated":true}]}}