{"id":7076,"date":"2023-12-19T13:24:36","date_gmt":"2023-12-19T12:24:36","guid":{"rendered":"https:\/\/food-zone.eu\/call-to-action\/"},"modified":"2025-04-26T00:35:15","modified_gmt":"2025-04-25T22:35:15","slug":"poziv-k-dejanjem","status":"publish","type":"page","link":"https:\/\/food-zone.eu\/sl\/poziv-k-dejanjem\/","title":{"rendered":"Poziv k dejanjem"},"content":{"rendered":"\t\t<div data-elementor-type=\"wp-page\" data-elementor-id=\"7076\" class=\"elementor elementor-7076 elementor-2335\" data-elementor-post-type=\"page\">\n\t\t\t\t\t\t<section class=\"elementor-section elementor-top-section elementor-element elementor-element-5098ac2 elementor-section-boxed elementor-section-height-default elementor-section-height-default\" data-id=\"5098ac2\" data-element_type=\"section\" data-e-type=\"section\" data-settings=\"{&quot;jet_parallax_layout_list&quot;:[],&quot;background_background&quot;:&quot;classic&quot;}\">\n\t\t\t\t\t\t\t<div class=\"elementor-background-overlay\"><\/div>\n\t\t\t\t\t\t\t<div class=\"elementor-container elementor-column-gap-default\">\n\t\t\t\t\t<div class=\"elementor-column elementor-col-100 elementor-top-column elementor-element elementor-element-ab80263\" data-id=\"ab80263\" data-element_type=\"column\" data-e-type=\"column\">\n\t\t\t<div class=\"elementor-widget-wrap elementor-element-populated\">\n\t\t\t\t\t\t<div class=\"elementor-element elementor-element-0665dbf animated-fast elementor-invisible elementor-widget elementor-widget-heading\" data-id=\"0665dbf\" data-element_type=\"widget\" data-e-type=\"widget\" data-settings=\"{&quot;_animation&quot;:&quot;fadeInRight&quot;,&quot;_animation_delay&quot;:200}\" data-widget_type=\"heading.default\">\n\t\t\t\t<div class=\"elementor-widget-container\">\n\t\t\t\t\t<h2 class=\"elementor-heading-title elementor-size-default\">Inkubator<\/h2>\t\t\t\t<\/div>\n\t\t\t\t<\/div>\n\t\t\t\t<div class=\"elementor-element elementor-element-af229c0 animated-fast elementor-invisible elementor-widget elementor-widget-heading\" data-id=\"af229c0\" data-element_type=\"widget\" data-e-type=\"widget\" data-settings=\"{&quot;_animation&quot;:&quot;fadeInRight&quot;,&quot;_animation_delay&quot;:200,&quot;_animation_tablet&quot;:&quot;fadeInUp&quot;}\" data-widget_type=\"heading.default\">\n\t\t\t\t<div class=\"elementor-widget-container\">\n\t\t\t\t\t<h3 class=\"elementor-heading-title elementor-size-default\">Poziv k dejanjem<\/h3>\t\t\t\t<\/div>\n\t\t\t\t<\/div>\n\t\t\t\t<div class=\"elementor-element elementor-element-c3b9633 animated-fast elementor-invisible elementor-widget elementor-widget-text-editor\" data-id=\"c3b9633\" data-element_type=\"widget\" data-e-type=\"widget\" data-settings=\"{&quot;_animation&quot;:&quot;fadeInRight&quot;,&quot;_animation_tablet&quot;:&quot;fadeInUp&quot;,&quot;_animation_delay&quot;:&quot;300&quot;}\" data-widget_type=\"text-editor.default\">\n\t\t\t\t<div class=\"elementor-widget-container\">\n\t\t\t\t\t\t\t\t\t<p>Za spodbujanje regenerativnega gastronomskega turizma je projekt za\u010del kampanjo ozave\u0161\u010danja, ki vklju\u010duje nacionalne in regionalne spletne seminarje ter mednarodni dogodek (25. marec 2025). Te pobude poudarjajo prednosti kulinari\u010dnega turizma za razvoj pode\u017eelja in odpornost skupnosti. Kampanja spodbuja sodelovanje med oblikovalci politik, MSP-ji in dele\u017eniki ter zagovarja podporne politike, dostopno financiranje in mo\u010dnej\u0161a partnerstva za trajnostno preobrazbo gastronomskega turizma.<\/p>\t\t\t\t\t\t\t\t<\/div>\n\t\t\t\t<\/div>\n\t\t\t\t<div class=\"elementor-element elementor-element-1f6f310 elementor-widget elementor-widget-shortcode\" data-id=\"1f6f310\" data-element_type=\"widget\" data-e-type=\"widget\" data-widget_type=\"shortcode.default\">\n\t\t\t\t<div class=\"elementor-widget-container\">\n\t\t\t\t\t\t\t<div class=\"elementor-shortcode\"><div class=\"_df_book df-lite\" id=\"df_7267\"  _slug=\"call-to-action-sl\" data-title=\"call-to-action-sl\" wpoptions=\"true\" thumbtype=\"\" ><\/div><script class=\"df-shortcode-script\" nowprocket type=\"application\/javascript\">window.option_df_7267 = {\"outline\":[],\"autoEnableOutline\":\"false\",\"autoEnableThumbnail\":\"false\",\"overwritePDFOutline\":\"false\",\"direction\":\"1\",\"pageSize\":\"0\",\"source\":\"https:\\\/\\\/food-zone.eu\\\/wp-content\\\/uploads\\\/2025\\\/03\\\/Call-to-Action-SL.pdf\",\"wpOptions\":\"true\"}; if(window.DFLIP && window.DFLIP.parseBooks){window.DFLIP.parseBooks();}<\/script><\/div>\n\t\t\t\t\t\t<\/div>\n\t\t\t\t<\/div>\n\t\t\t\t<div class=\"elementor-element elementor-element-9dd1955 animated-fast elementor-invisible elementor-widget elementor-widget-text-editor\" data-id=\"9dd1955\" data-element_type=\"widget\" data-e-type=\"widget\" data-settings=\"{&quot;_animation&quot;:&quot;fadeInRight&quot;,&quot;_animation_tablet&quot;:&quot;fadeInUp&quot;,&quot;_animation_delay&quot;:&quot;300&quot;}\" data-widget_type=\"text-editor.default\">\n\t\t\t\t<div class=\"elementor-widget-container\">\n\t\t\t\t\t\t\t\t\t<p>25 marca smo gostili na\u0161 zadnji mednarodni spletni seminar, osredoto\u010den na sodelovanje, izobra\u017eevanje in politike na podro\u010dju regenerativnega gastronomskega turizma. Partnerji iz LANARA Consulting, DomSpain, Universidade de Aveiro, Ob\u010dine Tivat, Gospodarske zbornice C\u00e1ceres in EURAKOM so delili vpoglede, dobre prakse in priporo\u010dila za oblikovanje politik.<\/p>\t\t\t\t\t\t\t\t<\/div>\n\t\t\t\t<\/div>\n\t\t\t\t<div class=\"elementor-element elementor-element-a649ef1 elementor-widget elementor-widget-video\" data-id=\"a649ef1\" data-element_type=\"widget\" data-e-type=\"widget\" data-settings=\"{&quot;youtube_url&quot;:&quot;https:\\\/\\\/www.youtube.com\\\/embed\\\/bBN9FkBtJYw?si=AM3tf16sSJ_zQXoX&quot;,&quot;yt_privacy&quot;:&quot;yes&quot;,&quot;video_type&quot;:&quot;youtube&quot;,&quot;controls&quot;:&quot;yes&quot;}\" data-widget_type=\"video.default\">\n\t\t\t\t<div class=\"elementor-widget-container\">\n\t\t\t\t\t\t\t<div class=\"elementor-wrapper elementor-open-inline\">\n\t\t\t<div class=\"elementor-video\"><\/div>\t\t<\/div>\n\t\t\t\t\t\t<\/div>\n\t\t\t\t<\/div>\n\t\t\t\t<div class=\"elementor-element elementor-element-b278f6c animated-fast elementor-invisible elementor-widget elementor-widget-text-editor\" data-id=\"b278f6c\" data-element_type=\"widget\" data-e-type=\"widget\" data-settings=\"{&quot;_animation&quot;:&quot;fadeInRight&quot;,&quot;_animation_tablet&quot;:&quot;fadeInUp&quot;,&quot;_animation_delay&quot;:&quot;300&quot;}\" data-widget_type=\"text-editor.default\">\n\t\t\t\t<div class=\"elementor-widget-container\">\n\t\t\t\t\t\t\t\t\t<p>Prepri\u010dani smo, da je treba storiti \u0161e veliko ve\u010d za odpravljanje ovir, soo\u010danje z izzivi in podpiranje razvoja regenerativnega turizma. Zavzemali se bomo za usposabljanja in podporo v sektorju kulinari\u010dnega turizma ter ve\u010dje sodelovanje med sektorji, da bi zagotovili vklju\u010ditev pridelovalcev hrane ter malih in srednjih podjetij v prehrambenem sektorju v turisti\u010dni ekosistem.<\/p>\t\t\t\t\t\t\t\t<\/div>\n\t\t\t\t<\/div>\n\t\t\t\t\t<\/div>\n\t\t<\/div>\n\t\t\t\t\t<\/div>\n\t\t<\/section>\n\t\t\t\t<\/div>\n\t\t","protected":false},"excerpt":{"rendered":"<p>Inkubator Za spodbujanje regenerativnega gastronomskega turizma je projekt za\u010del kampanjo ozave\u0161\u010danja, ki vklju\u010duje nacionalne in regionalne spletne seminarje ter mednarodni dogodek (25. marec 2025). Te pobude poudarjajo prednosti kulinari\u010dnega turizma za razvoj pode\u017eelja in odpornost skupnosti. Kampanja spodbuja sodelovanje med oblikovalci politik, MSP-ji in dele\u017eniki ter zagovarja podporne politike, dostopno financiranje in mo\u010dnej\u0161a partnerstva za [&hellip;]<\/p>\n","protected":false},"author":2,"featured_media":0,"parent":0,"menu_order":0,"comment_status":"closed","ping_status":"closed","template":"","meta":{"footnotes":""},"class_list":["post-7076","page","type-page","status-publish","hentry"],"_links":{"self":[{"href":"https:\/\/food-zone.eu\/sl\/wp-json\/wp\/v2\/pages\/7076","targetHints":{"allow":["GET"]}}],"collection":[{"href":"https:\/\/food-zone.eu\/sl\/wp-json\/wp\/v2\/pages"}],"about":[{"href":"https:\/\/food-zone.eu\/sl\/wp-json\/wp\/v2\/types\/page"}],"author":[{"embeddable":true,"href":"https:\/\/food-zone.eu\/sl\/wp-json\/wp\/v2\/users\/2"}],"replies":[{"embeddable":true,"href":"https:\/\/food-zone.eu\/sl\/wp-json\/wp\/v2\/comments?post=7076"}],"version-history":[{"count":13,"href":"https:\/\/food-zone.eu\/sl\/wp-json\/wp\/v2\/pages\/7076\/revisions"}],"predecessor-version":[{"id":9524,"href":"https:\/\/food-zone.eu\/sl\/wp-json\/wp\/v2\/pages\/7076\/revisions\/9524"}],"wp:attachment":[{"href":"https:\/\/food-zone.eu\/sl\/wp-json\/wp\/v2\/media?parent=7076"}],"curies":[{"name":"wp","href":"https:\/\/api.w.org\/{rel}","templated":true}]}}