{"id":7127,"date":"2023-12-19T13:24:05","date_gmt":"2023-12-19T12:24:05","guid":{"rendered":"https:\/\/food-zone.eu\/guide-for-educators\/"},"modified":"2025-04-26T00:35:11","modified_gmt":"2025-04-25T22:35:11","slug":"vodnik-za-izobrazevalno-osebje","status":"publish","type":"page","link":"https:\/\/food-zone.eu\/sl\/vodnik-za-izobrazevalno-osebje\/","title":{"rendered":"Vodnik za izobra\u017eevalno osebje"},"content":{"rendered":"\t\t<div data-elementor-type=\"wp-page\" data-elementor-id=\"7127\" class=\"elementor elementor-7127 elementor-2330\" data-elementor-post-type=\"page\">\n\t\t\t\t\t\t<section class=\"elementor-section elementor-top-section elementor-element elementor-element-3af8d41 elementor-section-boxed elementor-section-height-default elementor-section-height-default\" data-id=\"3af8d41\" data-element_type=\"section\" data-e-type=\"section\" data-settings=\"{&quot;jet_parallax_layout_list&quot;:[],&quot;background_background&quot;:&quot;classic&quot;}\">\n\t\t\t\t\t\t\t<div class=\"elementor-background-overlay\"><\/div>\n\t\t\t\t\t\t\t<div class=\"elementor-container elementor-column-gap-default\">\n\t\t\t\t\t<div class=\"elementor-column elementor-col-100 elementor-top-column elementor-element elementor-element-fe4c5a4\" data-id=\"fe4c5a4\" data-element_type=\"column\" data-e-type=\"column\">\n\t\t\t<div class=\"elementor-widget-wrap elementor-element-populated\">\n\t\t\t\t\t\t<div class=\"elementor-element elementor-element-e983225 animated-fast elementor-invisible elementor-widget elementor-widget-heading\" data-id=\"e983225\" data-element_type=\"widget\" data-e-type=\"widget\" data-settings=\"{&quot;_animation&quot;:&quot;fadeInRight&quot;,&quot;_animation_delay&quot;:200}\" data-widget_type=\"heading.default\">\n\t\t\t\t<div class=\"elementor-widget-container\">\n\t\t\t\t\t<h2 class=\"elementor-heading-title elementor-size-default\">Inkubator<\/h2>\t\t\t\t<\/div>\n\t\t\t\t<\/div>\n\t\t\t\t<div class=\"elementor-element elementor-element-88a5633 animated-fast elementor-invisible elementor-widget elementor-widget-heading\" data-id=\"88a5633\" data-element_type=\"widget\" data-e-type=\"widget\" data-settings=\"{&quot;_animation&quot;:&quot;fadeInRight&quot;,&quot;_animation_delay&quot;:200,&quot;_animation_tablet&quot;:&quot;fadeInUp&quot;}\" data-widget_type=\"heading.default\">\n\t\t\t\t<div class=\"elementor-widget-container\">\n\t\t\t\t\t<h3 class=\"elementor-heading-title elementor-size-default\">Vodnik za izobra\u017eevalno osebje<\/h3>\t\t\t\t<\/div>\n\t\t\t\t<\/div>\n\t\t\t\t<div class=\"elementor-element elementor-element-3d218d9 animated-fast elementor-invisible elementor-widget elementor-widget-text-editor\" data-id=\"3d218d9\" data-element_type=\"widget\" data-e-type=\"widget\" data-settings=\"{&quot;_animation&quot;:&quot;fadeInRight&quot;,&quot;_animation_tablet&quot;:&quot;fadeInUp&quot;,&quot;_animation_delay&quot;:&quot;300&quot;}\" data-widget_type=\"text-editor.default\">\n\t\t\t\t<div class=\"elementor-widget-container\">\n\t\t\t\t\t\t\t\t\t<p>Izobra\u017eevalci igrajo klju\u010dno vlogo pri pripravi prihodnjih strokovnjakov za regenerativni turizem. Te smernice podpirajo visoko\u0161olske ustanove in poklicno izobra\u017eevanje in usposabljanje pri vklju\u010devanju vsebin, osredoto\u010denih na trajnost, v njihove u\u010dne na\u010drte. Zagotavljajo pregled klju\u010dnih u\u010dnih gradiv, pri\u010dakovanih rezultatov in metodologij za aktivno u\u010denje. Poleg tega vodi\u010d ponuja priporo\u010dila za razvoj interaktivnih in prakti\u010dnih u\u010dnih izku\u0161enj, ki pomagajo \u0161tudentom pri soo\u010danju z izzivi trajnosti v prehranskem in turisti\u010dnem sektorju.<\/p>\t\t\t\t\t\t\t\t<\/div>\n\t\t\t\t<\/div>\n\t\t\t\t<div class=\"elementor-element elementor-element-ce47e4a elementor-widget elementor-widget-shortcode\" data-id=\"ce47e4a\" data-element_type=\"widget\" data-e-type=\"widget\" data-widget_type=\"shortcode.default\">\n\t\t\t\t<div class=\"elementor-widget-container\">\n\t\t\t\t\t\t\t<div class=\"elementor-shortcode\"><div class=\"_df_book df-lite\" id=\"df_7179\"  _slug=\"guide-for-educators-sl\" data-title=\"guide-for-educators-sl\" wpoptions=\"true\" thumbtype=\"\" ><\/div><script class=\"df-shortcode-script\" nowprocket type=\"application\/javascript\">window.option_df_7179 = {\"outline\":[],\"autoEnableOutline\":\"false\",\"autoEnableThumbnail\":\"false\",\"overwritePDFOutline\":\"false\",\"direction\":\"1\",\"pageSize\":\"0\",\"source\":\"https:\\\/\\\/food-zone.eu\\\/wp-content\\\/uploads\\\/2025\\\/03\\\/Guide-for-Educators-SL.pdf\",\"wpOptions\":\"true\"}; if(window.DFLIP && window.DFLIP.parseBooks){window.DFLIP.parseBooks();}<\/script><\/div>\n\t\t\t\t\t\t<\/div>\n\t\t\t\t<\/div>\n\t\t\t\t\t<\/div>\n\t\t<\/div>\n\t\t\t\t\t<\/div>\n\t\t<\/section>\n\t\t\t\t<\/div>\n\t\t","protected":false},"excerpt":{"rendered":"<p>Inkubator Izobra\u017eevalci igrajo klju\u010dno vlogo pri pripravi prihodnjih strokovnjakov za regenerativni turizem. Te smernice podpirajo visoko\u0161olske ustanove in poklicno izobra\u017eevanje in usposabljanje pri vklju\u010devanju vsebin, osredoto\u010denih na trajnost, v njihove u\u010dne na\u010drte. Zagotavljajo pregled klju\u010dnih u\u010dnih gradiv, pri\u010dakovanih rezultatov in metodologij za aktivno u\u010denje. Poleg tega vodi\u010d ponuja priporo\u010dila za razvoj interaktivnih in prakti\u010dnih u\u010dnih [&hellip;]<\/p>\n","protected":false},"author":2,"featured_media":0,"parent":0,"menu_order":0,"comment_status":"closed","ping_status":"closed","template":"","meta":{"footnotes":""},"class_list":["post-7127","page","type-page","status-publish","hentry"],"_links":{"self":[{"href":"https:\/\/food-zone.eu\/sl\/wp-json\/wp\/v2\/pages\/7127","targetHints":{"allow":["GET"]}}],"collection":[{"href":"https:\/\/food-zone.eu\/sl\/wp-json\/wp\/v2\/pages"}],"about":[{"href":"https:\/\/food-zone.eu\/sl\/wp-json\/wp\/v2\/types\/page"}],"author":[{"embeddable":true,"href":"https:\/\/food-zone.eu\/sl\/wp-json\/wp\/v2\/users\/2"}],"replies":[{"embeddable":true,"href":"https:\/\/food-zone.eu\/sl\/wp-json\/wp\/v2\/comments?post=7127"}],"version-history":[{"count":7,"href":"https:\/\/food-zone.eu\/sl\/wp-json\/wp\/v2\/pages\/7127\/revisions"}],"predecessor-version":[{"id":9521,"href":"https:\/\/food-zone.eu\/sl\/wp-json\/wp\/v2\/pages\/7127\/revisions\/9521"}],"wp:attachment":[{"href":"https:\/\/food-zone.eu\/sl\/wp-json\/wp\/v2\/media?parent=7127"}],"curies":[{"name":"wp","href":"https:\/\/api.w.org\/{rel}","templated":true}]}}