{"id":7346,"date":"2023-12-19T13:23:57","date_gmt":"2023-12-19T12:23:57","guid":{"rendered":"https:\/\/food-zone.eu\/pilot-workshops\/"},"modified":"2025-04-26T00:28:43","modified_gmt":"2025-04-25T22:28:43","slug":"pilotne-delavnice","status":"publish","type":"page","link":"https:\/\/food-zone.eu\/sl\/pilotne-delavnice\/","title":{"rendered":"Pilotne delavnice"},"content":{"rendered":"\t\t<div data-elementor-type=\"wp-page\" data-elementor-id=\"7346\" class=\"elementor elementor-7346 elementor-2329\" data-elementor-post-type=\"page\">\n\t\t\t\t\t\t<section class=\"elementor-section elementor-top-section elementor-element elementor-element-7d9e4eb elementor-section-boxed elementor-section-height-default elementor-section-height-default\" data-id=\"7d9e4eb\" data-element_type=\"section\" data-e-type=\"section\" data-settings=\"{&quot;jet_parallax_layout_list&quot;:[],&quot;background_background&quot;:&quot;classic&quot;}\">\n\t\t\t\t\t\t\t<div class=\"elementor-background-overlay\"><\/div>\n\t\t\t\t\t\t\t<div class=\"elementor-container elementor-column-gap-default\">\n\t\t\t\t\t<div class=\"elementor-column elementor-col-100 elementor-top-column elementor-element elementor-element-e4bea8d\" data-id=\"e4bea8d\" data-element_type=\"column\" data-e-type=\"column\">\n\t\t\t<div class=\"elementor-widget-wrap elementor-element-populated\">\n\t\t\t\t\t\t<div class=\"elementor-element elementor-element-d9b5b28 animated-fast elementor-invisible elementor-widget elementor-widget-heading\" data-id=\"d9b5b28\" data-element_type=\"widget\" data-e-type=\"widget\" data-settings=\"{&quot;_animation&quot;:&quot;fadeInRight&quot;,&quot;_animation_delay&quot;:200}\" data-widget_type=\"heading.default\">\n\t\t\t\t<div class=\"elementor-widget-container\">\n\t\t\t\t\t<h2 class=\"elementor-heading-title elementor-size-default\">Inkubator<\/h2>\t\t\t\t<\/div>\n\t\t\t\t<\/div>\n\t\t\t\t<div class=\"elementor-element elementor-element-9d13894 animated-fast elementor-invisible elementor-widget elementor-widget-heading\" data-id=\"9d13894\" data-element_type=\"widget\" data-e-type=\"widget\" data-settings=\"{&quot;_animation&quot;:&quot;fadeInRight&quot;,&quot;_animation_delay&quot;:200,&quot;_animation_tablet&quot;:&quot;fadeInUp&quot;}\" data-widget_type=\"heading.default\">\n\t\t\t\t<div class=\"elementor-widget-container\">\n\t\t\t\t\t<h3 class=\"elementor-heading-title elementor-size-default\">Pilotne delavnice<\/h3>\t\t\t\t<\/div>\n\t\t\t\t<\/div>\n\t\t\t\t<div class=\"elementor-element elementor-element-ee47435 animated-fast elementor-invisible elementor-widget elementor-widget-text-editor\" data-id=\"ee47435\" data-element_type=\"widget\" data-e-type=\"widget\" data-settings=\"{&quot;_animation&quot;:&quot;fadeInRight&quot;,&quot;_animation_tablet&quot;:&quot;fadeInUp&quot;,&quot;_animation_delay&quot;:&quot;300&quot;}\" data-widget_type=\"text-editor.default\">\n\t\t\t\t<div class=\"elementor-widget-container\">\n\t\t\t\t\t\t\t\t\t<p>V okviru projekta so bili v \u0160paniji, Sloveniji, Cipru, Franciji, na Portugalskem in v \u010crni gori izvedeni pilotni delavnice z lokalnimi pridelovalci in klju\u010dnimi dele\u017eniki v turizmu. Med delavnicami so partnerji projekta predstavili spletni te\u010daj o regenerativnem turizmu.<\/p>\t\t\t\t\t\t\t\t<\/div>\n\t\t\t\t<\/div>\n\t\t\t\t<section class=\"elementor-section elementor-inner-section elementor-element elementor-element-1b14f62 elementor-section-boxed elementor-section-height-default elementor-section-height-default\" data-id=\"1b14f62\" data-element_type=\"section\" data-e-type=\"section\" data-settings=\"{&quot;jet_parallax_layout_list&quot;:[]}\">\n\t\t\t\t\t\t<div class=\"elementor-container elementor-column-gap-default\">\n\t\t\t\t\t<div class=\"elementor-column elementor-col-50 elementor-inner-column elementor-element elementor-element-638da35\" data-id=\"638da35\" data-element_type=\"column\" data-e-type=\"column\">\n\t\t\t<div class=\"elementor-widget-wrap elementor-element-populated\">\n\t\t\t\t\t\t<div class=\"elementor-element elementor-element-deff494 elementor-widget elementor-widget-heading\" data-id=\"deff494\" data-element_type=\"widget\" data-e-type=\"widget\" data-widget_type=\"heading.default\">\n\t\t\t\t<div class=\"elementor-widget-container\">\n\t\t\t\t\t<h2 class=\"elementor-heading-title elementor-size-default\">Dom Spain<\/h2>\t\t\t\t<\/div>\n\t\t\t\t<\/div>\n\t\t\t\t<div class=\"elementor-element elementor-element-f4ae4c9 elementor-widget elementor-widget-image\" data-id=\"f4ae4c9\" data-element_type=\"widget\" data-e-type=\"widget\" data-widget_type=\"image.default\">\n\t\t\t\t<div class=\"elementor-widget-container\">\n\t\t\t\t\t\t\t\t\t\t\t\t\t\t\t<img fetchpriority=\"high\" decoding=\"async\" width=\"2048\" height=\"1536\" src=\"https:\/\/food-zone.eu\/wp-content\/uploads\/2025\/04\/Piloting-DomSpain-1.jpeg\" class=\"attachment-full size-full wp-image-9201\" alt=\"\" srcset=\"https:\/\/food-zone.eu\/wp-content\/uploads\/2025\/04\/Piloting-DomSpain-1.jpeg 2048w, https:\/\/food-zone.eu\/wp-content\/uploads\/2025\/04\/Piloting-DomSpain-1-300x225.jpeg 300w, https:\/\/food-zone.eu\/wp-content\/uploads\/2025\/04\/Piloting-DomSpain-1-1024x768.jpeg 1024w, https:\/\/food-zone.eu\/wp-content\/uploads\/2025\/04\/Piloting-DomSpain-1-768x576.jpeg 768w, https:\/\/food-zone.eu\/wp-content\/uploads\/2025\/04\/Piloting-DomSpain-1-1536x1152.jpeg 1536w\" sizes=\"(max-width: 2048px) 100vw, 2048px\" \/>\t\t\t\t\t\t\t\t\t\t\t\t\t\t\t<\/div>\n\t\t\t\t<\/div>\n\t\t\t\t<div class=\"elementor-element elementor-element-ed81738 elementor-widget elementor-widget-text-editor\" data-id=\"ed81738\" data-element_type=\"widget\" data-e-type=\"widget\" data-settings=\"{&quot;_animation_tablet&quot;:&quot;fadeInUp&quot;}\" data-widget_type=\"text-editor.default\">\n\t\t\t\t<div class=\"elementor-widget-container\">\n\t\t\t\t\t\t\t\t\t<p>24. januarja 2025 je Espai Boule (Reus, \u0160panija) gostil pilotni dogodek za preizkus u\u010dnih gradiv o regenerativnem prehrambenem turizmu za mala in srednje velika podjetja. Dogodka se je udele\u017eilo 24 dijakov poklicnega izobra\u017eevanja in 2 u\u010ditelja. Razprave z udele\u017eenci so potrdile pomembnost regenerativnega prehrambenega turizma v poklicnem izobra\u017eevanju, poudarjajo\u010d njegov potencial za izbolj\u0161anje usposabljanja, osredoto\u010denega na trajnost.<\/p>\t\t\t\t\t\t\t\t<\/div>\n\t\t\t\t<\/div>\n\t\t\t\t\t<\/div>\n\t\t<\/div>\n\t\t\t\t<div class=\"elementor-column elementor-col-50 elementor-inner-column elementor-element elementor-element-41be2ab\" data-id=\"41be2ab\" data-element_type=\"column\" data-e-type=\"column\">\n\t\t\t<div class=\"elementor-widget-wrap elementor-element-populated\">\n\t\t\t\t\t\t<div class=\"elementor-element elementor-element-909ebc7 elementor-widget elementor-widget-heading\" data-id=\"909ebc7\" data-element_type=\"widget\" data-e-type=\"widget\" data-widget_type=\"heading.default\">\n\t\t\t\t<div class=\"elementor-widget-container\">\n\t\t\t\t\t<h2 class=\"elementor-heading-title elementor-size-default\">C\u00e1mara de Comercio de C\u00e1ceres<\/h2>\t\t\t\t<\/div>\n\t\t\t\t<\/div>\n\t\t\t\t<div class=\"elementor-element elementor-element-8b651cb elementor-widget elementor-widget-image\" data-id=\"8b651cb\" data-element_type=\"widget\" data-e-type=\"widget\" data-widget_type=\"image.default\">\n\t\t\t\t<div class=\"elementor-widget-container\">\n\t\t\t\t\t\t\t\t\t\t\t\t\t\t\t<img decoding=\"async\" width=\"1600\" height=\"1200\" src=\"https:\/\/food-zone.eu\/wp-content\/uploads\/2025\/04\/Piloting_CCIC-2-1.jpeg\" class=\"attachment-full size-full wp-image-9236\" alt=\"\" srcset=\"https:\/\/food-zone.eu\/wp-content\/uploads\/2025\/04\/Piloting_CCIC-2-1.jpeg 1600w, https:\/\/food-zone.eu\/wp-content\/uploads\/2025\/04\/Piloting_CCIC-2-1-300x225.jpeg 300w, https:\/\/food-zone.eu\/wp-content\/uploads\/2025\/04\/Piloting_CCIC-2-1-1024x768.jpeg 1024w, https:\/\/food-zone.eu\/wp-content\/uploads\/2025\/04\/Piloting_CCIC-2-1-768x576.jpeg 768w, https:\/\/food-zone.eu\/wp-content\/uploads\/2025\/04\/Piloting_CCIC-2-1-1536x1152.jpeg 1536w\" sizes=\"(max-width: 1600px) 100vw, 1600px\" \/>\t\t\t\t\t\t\t\t\t\t\t\t\t\t\t<\/div>\n\t\t\t\t<\/div>\n\t\t\t\t<div class=\"elementor-element elementor-element-c170dbb elementor-widget elementor-widget-text-editor\" data-id=\"c170dbb\" data-element_type=\"widget\" data-e-type=\"widget\" data-settings=\"{&quot;_animation_tablet&quot;:&quot;fadeInUp&quot;}\" data-widget_type=\"text-editor.default\">\n\t\t\t\t<div class=\"elementor-widget-container\">\n\t\t\t\t\t\t\t\t\t<p>16. januarja je bil v ESHAEX v M\u00e9ridi, Extremadura, izveden regionalni pilotni dogodek, osredoto\u010den na evropske projekte in regenerativni prehrambeni turizem. Luis Gonz\u00e1lez in Mar\u00eda M\u00e1rquez sta vodila interaktivno sejo, v kateri sta razpravljala o vlogi Gospodarske zbornice C\u00e1ceres pri spodbujanju rasti lokalnih podjetij in izzivih v trajnostnem prehrambenem turizmu. Udele\u017eenci so bili aktivno vklju\u010deni in u\u017eivali v kvizu Kahoot.<\/p>\t\t\t\t\t\t\t\t<\/div>\n\t\t\t\t<\/div>\n\t\t\t\t\t<\/div>\n\t\t<\/div>\n\t\t\t\t\t<\/div>\n\t\t<\/section>\n\t\t\t\t<section class=\"elementor-section elementor-inner-section elementor-element elementor-element-8d360be elementor-section-boxed elementor-section-height-default elementor-section-height-default\" data-id=\"8d360be\" data-element_type=\"section\" data-e-type=\"section\" data-settings=\"{&quot;jet_parallax_layout_list&quot;:[]}\">\n\t\t\t\t\t\t<div class=\"elementor-container elementor-column-gap-default\">\n\t\t\t\t\t<div class=\"elementor-column elementor-col-50 elementor-inner-column elementor-element elementor-element-e7d07da\" data-id=\"e7d07da\" data-element_type=\"column\" data-e-type=\"column\">\n\t\t\t<div class=\"elementor-widget-wrap elementor-element-populated\">\n\t\t\t\t\t\t<div class=\"elementor-element elementor-element-dbf80d6 elementor-widget elementor-widget-heading\" data-id=\"dbf80d6\" data-element_type=\"widget\" data-e-type=\"widget\" data-widget_type=\"heading.default\">\n\t\t\t\t<div class=\"elementor-widget-container\">\n\t\t\t\t\t<h2 class=\"elementor-heading-title elementor-size-default\">EURAKOM<\/h2>\t\t\t\t<\/div>\n\t\t\t\t<\/div>\n\t\t\t\t<div class=\"elementor-element elementor-element-85f2d77 elementor-widget elementor-widget-image\" data-id=\"85f2d77\" data-element_type=\"widget\" data-e-type=\"widget\" data-widget_type=\"image.default\">\n\t\t\t\t<div class=\"elementor-widget-container\">\n\t\t\t\t\t\t\t\t\t\t\t\t\t\t\t<img decoding=\"async\" width=\"535\" height=\"425\" src=\"https:\/\/food-zone.eu\/wp-content\/uploads\/2025\/04\/Eurakom_Piloting-2-e1745618104404-1.png\" class=\"attachment-full size-full wp-image-9257\" alt=\"\" srcset=\"https:\/\/food-zone.eu\/wp-content\/uploads\/2025\/04\/Eurakom_Piloting-2-e1745618104404-1.png 535w, https:\/\/food-zone.eu\/wp-content\/uploads\/2025\/04\/Eurakom_Piloting-2-e1745618104404-1-300x238.png 300w\" sizes=\"(max-width: 535px) 100vw, 535px\" \/>\t\t\t\t\t\t\t\t\t\t\t\t\t\t\t<\/div>\n\t\t\t\t<\/div>\n\t\t\t\t<div class=\"elementor-element elementor-element-fef1554 elementor-widget elementor-widget-text-editor\" data-id=\"fef1554\" data-element_type=\"widget\" data-e-type=\"widget\" data-settings=\"{&quot;_animation_tablet&quot;:&quot;fadeInUp&quot;}\" data-widget_type=\"text-editor.default\">\n\t\t\t\t<div class=\"elementor-widget-container\">\n\t\t\t\t\t\t\t\t\t<p>Pilotni dogodek FOOD ZONE v Abbevilleu je zbral turisti\u010dne strokovnjake, izobra\u017eevalce in lokalne proizvajalce iz Hauts-de-France, ki so \u017eeleli razumeti regenerativni pristop in skupaj raziskati, kako lahko preoblikuje prehrambene in turisti\u010dne ekosisteme. Na\u0161e razprave in na splo\u0161no dogodek so poudarili prilo\u017enosti za sodelovanje in izzive glede regeneracije.<\/p>\t\t\t\t\t\t\t\t<\/div>\n\t\t\t\t<\/div>\n\t\t\t\t\t<\/div>\n\t\t<\/div>\n\t\t\t\t<div class=\"elementor-column elementor-col-50 elementor-inner-column elementor-element elementor-element-992f6fc\" data-id=\"992f6fc\" data-element_type=\"column\" data-e-type=\"column\">\n\t\t\t<div class=\"elementor-widget-wrap elementor-element-populated\">\n\t\t\t\t\t\t<div class=\"elementor-element elementor-element-bfd887b elementor-widget elementor-widget-heading\" data-id=\"bfd887b\" data-element_type=\"widget\" data-e-type=\"widget\" data-widget_type=\"heading.default\">\n\t\t\t\t<div class=\"elementor-widget-container\">\n\t\t\t\t\t<h2 class=\"elementor-heading-title elementor-size-default\">Nicosia Tourism Board<\/h2>\t\t\t\t<\/div>\n\t\t\t\t<\/div>\n\t\t\t\t<div class=\"elementor-element elementor-element-9c737d7 elementor-widget elementor-widget-image\" data-id=\"9c737d7\" data-element_type=\"widget\" data-e-type=\"widget\" data-widget_type=\"image.default\">\n\t\t\t\t<div class=\"elementor-widget-container\">\n\t\t\t\t\t\t\t\t\t\t\t\t\t\t\t<img loading=\"lazy\" decoding=\"async\" width=\"960\" height=\"777\" src=\"https:\/\/food-zone.eu\/wp-content\/uploads\/2025\/04\/Piloting-NTB-1-e1745617999325-1.jpeg\" class=\"attachment-full size-full wp-image-9278\" alt=\"\" srcset=\"https:\/\/food-zone.eu\/wp-content\/uploads\/2025\/04\/Piloting-NTB-1-e1745617999325-1.jpeg 960w, https:\/\/food-zone.eu\/wp-content\/uploads\/2025\/04\/Piloting-NTB-1-e1745617999325-1-300x243.jpeg 300w, https:\/\/food-zone.eu\/wp-content\/uploads\/2025\/04\/Piloting-NTB-1-e1745617999325-1-768x622.jpeg 768w\" sizes=\"(max-width: 960px) 100vw, 960px\" \/>\t\t\t\t\t\t\t\t\t\t\t\t\t\t\t<\/div>\n\t\t\t\t<\/div>\n\t\t\t\t<div class=\"elementor-element elementor-element-c67a01c elementor-widget elementor-widget-text-editor\" data-id=\"c67a01c\" data-element_type=\"widget\" data-e-type=\"widget\" data-settings=\"{&quot;_animation_tablet&quot;:&quot;fadeInUp&quot;}\" data-widget_type=\"text-editor.default\">\n\t\t\t\t<div class=\"elementor-widget-container\">\n\t\t\t\t\t\t\t\t\t<p>Pilotni dogodek v Nikoziji je spodbudil visoko stopnjo sodelovanja in izmenjave znanja o regenerativnem kulinari\u010dnem turizmu ter dosegel 90-odstotno stopnjo zadovoljstva. Udele\u017eenci so pridobili prakti\u010dne vpoglede in izrazili mo\u010dno namero za uporabo pridobljenega znanja, kar izbolj\u0161uje doseg in vpliv usposabljanja na\u0161e organizacije.<\/p>\t\t\t\t\t\t\t\t<\/div>\n\t\t\t\t<\/div>\n\t\t\t\t\t<\/div>\n\t\t<\/div>\n\t\t\t\t\t<\/div>\n\t\t<\/section>\n\t\t\t\t<section class=\"elementor-section elementor-inner-section elementor-element elementor-element-122414e elementor-section-boxed elementor-section-height-default elementor-section-height-default\" data-id=\"122414e\" data-element_type=\"section\" data-e-type=\"section\" data-settings=\"{&quot;jet_parallax_layout_list&quot;:[]}\">\n\t\t\t\t\t\t<div class=\"elementor-container elementor-column-gap-default\">\n\t\t\t\t\t<div class=\"elementor-column elementor-col-50 elementor-inner-column elementor-element elementor-element-38a888a\" data-id=\"38a888a\" data-element_type=\"column\" data-e-type=\"column\">\n\t\t\t<div class=\"elementor-widget-wrap elementor-element-populated\">\n\t\t\t\t\t\t<div class=\"elementor-element elementor-element-c60bc5b elementor-widget elementor-widget-heading\" data-id=\"c60bc5b\" data-element_type=\"widget\" data-e-type=\"widget\" data-widget_type=\"heading.default\">\n\t\t\t\t<div class=\"elementor-widget-container\">\n\t\t\t\t\t<h2 class=\"elementor-heading-title elementor-size-default\">University of Aveiro<\/h2>\t\t\t\t<\/div>\n\t\t\t\t<\/div>\n\t\t\t\t<div class=\"elementor-element elementor-element-473d637 elementor-widget elementor-widget-image\" data-id=\"473d637\" data-element_type=\"widget\" data-e-type=\"widget\" data-widget_type=\"image.default\">\n\t\t\t\t<div class=\"elementor-widget-container\">\n\t\t\t\t\t\t\t\t\t\t\t\t\t\t\t<img loading=\"lazy\" decoding=\"async\" width=\"825\" height=\"619\" src=\"https:\/\/food-zone.eu\/wp-content\/uploads\/2025\/04\/Piloting_Aveiro_1-2.jpg\" class=\"attachment-full size-full wp-image-9322\" alt=\"\" srcset=\"https:\/\/food-zone.eu\/wp-content\/uploads\/2025\/04\/Piloting_Aveiro_1-2.jpg 825w, https:\/\/food-zone.eu\/wp-content\/uploads\/2025\/04\/Piloting_Aveiro_1-2-300x225.jpg 300w, https:\/\/food-zone.eu\/wp-content\/uploads\/2025\/04\/Piloting_Aveiro_1-2-768x576.jpg 768w\" sizes=\"(max-width: 825px) 100vw, 825px\" \/>\t\t\t\t\t\t\t\t\t\t\t\t\t\t\t<\/div>\n\t\t\t\t<\/div>\n\t\t\t\t<div class=\"elementor-element elementor-element-f1f45ce elementor-widget elementor-widget-text-editor\" data-id=\"f1f45ce\" data-element_type=\"widget\" data-e-type=\"widget\" data-settings=\"{&quot;_animation_tablet&quot;:&quot;fadeInUp&quot;}\" data-widget_type=\"text-editor.default\">\n\t\t\t\t<div class=\"elementor-widget-container\">\n\t\t\t\t\t\t\t\t\t<p>30. septembra 2024 je Univerza v Aveiru gostila pilotni dogodek za preizkus u\u010dnih gradiv o regenerativnem prehranskem turizmu za MSP-je. S 21 udele\u017eencem in 2 trenerjema je dogodek potrdil ustreznost usposabljanja in njegov potencial za visoko\u0161olsko izobra\u017eevanje ter turisti\u010dna MSP, usmerjena v trajnost.<\/p>\t\t\t\t\t\t\t\t<\/div>\n\t\t\t\t<\/div>\n\t\t\t\t\t<\/div>\n\t\t<\/div>\n\t\t\t\t<div class=\"elementor-column elementor-col-50 elementor-inner-column elementor-element elementor-element-8424766\" data-id=\"8424766\" data-element_type=\"column\" data-e-type=\"column\">\n\t\t\t<div class=\"elementor-widget-wrap elementor-element-populated\">\n\t\t\t\t\t\t<div class=\"elementor-element elementor-element-9d8c25d elementor-widget elementor-widget-heading\" data-id=\"9d8c25d\" data-element_type=\"widget\" data-e-type=\"widget\" data-widget_type=\"heading.default\">\n\t\t\t\t<div class=\"elementor-widget-container\">\n\t\t\t\t\t<h2 class=\"elementor-heading-title elementor-size-default\">LANARA Consulting<\/h2>\t\t\t\t<\/div>\n\t\t\t\t<\/div>\n\t\t\t\t<div class=\"elementor-element elementor-element-bb4d6d4 elementor-widget elementor-widget-image\" data-id=\"bb4d6d4\" data-element_type=\"widget\" data-e-type=\"widget\" data-widget_type=\"image.default\">\n\t\t\t\t<div class=\"elementor-widget-container\">\n\t\t\t\t\t\t\t\t\t\t\t\t\t\t\t<img loading=\"lazy\" decoding=\"async\" width=\"943\" height=\"708\" src=\"https:\/\/food-zone.eu\/wp-content\/uploads\/2025\/04\/LANARA_Piloting-2.png\" class=\"attachment-full size-full wp-image-9362\" alt=\"\" srcset=\"https:\/\/food-zone.eu\/wp-content\/uploads\/2025\/04\/LANARA_Piloting-2.png 943w, https:\/\/food-zone.eu\/wp-content\/uploads\/2025\/04\/LANARA_Piloting-2-300x225.png 300w, https:\/\/food-zone.eu\/wp-content\/uploads\/2025\/04\/LANARA_Piloting-2-768x577.png 768w\" sizes=\"(max-width: 943px) 100vw, 943px\" \/>\t\t\t\t\t\t\t\t\t\t\t\t\t\t\t<\/div>\n\t\t\t\t<\/div>\n\t\t\t\t<div class=\"elementor-element elementor-element-b18dc72 elementor-widget elementor-widget-text-editor\" data-id=\"b18dc72\" data-element_type=\"widget\" data-e-type=\"widget\" data-settings=\"{&quot;_animation_tablet&quot;:&quot;fadeInUp&quot;}\" data-widget_type=\"text-editor.default\">\n\t\t\t\t<div class=\"elementor-widget-container\">\n\t\t\t\t\t\t\t\t\t<p>LANARA Consulting je v Sloveniji izvedla pilotni dogodek na temo regenerativnega kulinari\u010dnega turizma, ki je vzbudil veliko zanimanja med izobra\u017eevalci in MSP-ji. Izobra\u017eevalne ustanove so gradiva z veseljem sprejele za vklju\u010ditev v u\u010dne procese, medtem ko so jih mali proizvajalci ocenili kot koristne, a obse\u017ene. V manj razvitih turisti\u010dnih obmo\u010djih imajo DMO-ji klju\u010dno vlogo pri \u0161irjenju znanja.<\/p>\t\t\t\t\t\t\t\t<\/div>\n\t\t\t\t<\/div>\n\t\t\t\t\t<\/div>\n\t\t<\/div>\n\t\t\t\t\t<\/div>\n\t\t<\/section>\n\t\t\t\t<section class=\"elementor-section elementor-inner-section elementor-element elementor-element-d16fa83 elementor-section-boxed elementor-section-height-default elementor-section-height-default\" data-id=\"d16fa83\" data-element_type=\"section\" data-e-type=\"section\" data-settings=\"{&quot;jet_parallax_layout_list&quot;:[]}\">\n\t\t\t\t\t\t<div class=\"elementor-container elementor-column-gap-default\">\n\t\t\t\t\t<div class=\"elementor-column elementor-col-33 elementor-inner-column elementor-element elementor-element-d6c542f elementor-hidden-tablet elementor-hidden-mobile\" data-id=\"d6c542f\" data-element_type=\"column\" data-e-type=\"column\">\n\t\t\t<div class=\"elementor-widget-wrap\">\n\t\t\t\t\t\t\t<\/div>\n\t\t<\/div>\n\t\t\t\t<div class=\"elementor-column elementor-col-33 elementor-inner-column elementor-element elementor-element-b4e9ff6\" data-id=\"b4e9ff6\" data-element_type=\"column\" data-e-type=\"column\">\n\t\t\t<div class=\"elementor-widget-wrap elementor-element-populated\">\n\t\t\t\t\t\t<div class=\"elementor-element elementor-element-e0cf830 elementor-widget elementor-widget-heading\" data-id=\"e0cf830\" data-element_type=\"widget\" data-e-type=\"widget\" data-widget_type=\"heading.default\">\n\t\t\t\t<div class=\"elementor-widget-container\">\n\t\t\t\t\t<h2 class=\"elementor-heading-title elementor-size-default\">The Municipality of Tivat<\/h2>\t\t\t\t<\/div>\n\t\t\t\t<\/div>\n\t\t\t\t<div class=\"elementor-element elementor-element-b8c0edd elementor-widget elementor-widget-image\" data-id=\"b8c0edd\" data-element_type=\"widget\" data-e-type=\"widget\" data-widget_type=\"image.default\">\n\t\t\t\t<div class=\"elementor-widget-container\">\n\t\t\t\t\t\t\t\t\t\t\t\t\t\t\t<img loading=\"lazy\" decoding=\"async\" width=\"2560\" height=\"1920\" src=\"https:\/\/food-zone.eu\/wp-content\/uploads\/2025\/04\/Tivat_Piloting-scaled-2.jpeg\" class=\"attachment-full size-full wp-image-9404\" alt=\"\" srcset=\"https:\/\/food-zone.eu\/wp-content\/uploads\/2025\/04\/Tivat_Piloting-scaled-2.jpeg 2560w, https:\/\/food-zone.eu\/wp-content\/uploads\/2025\/04\/Tivat_Piloting-scaled-2-300x225.jpeg 300w, https:\/\/food-zone.eu\/wp-content\/uploads\/2025\/04\/Tivat_Piloting-scaled-2-1024x768.jpeg 1024w, https:\/\/food-zone.eu\/wp-content\/uploads\/2025\/04\/Tivat_Piloting-scaled-2-768x576.jpeg 768w, https:\/\/food-zone.eu\/wp-content\/uploads\/2025\/04\/Tivat_Piloting-scaled-2-1536x1152.jpeg 1536w, https:\/\/food-zone.eu\/wp-content\/uploads\/2025\/04\/Tivat_Piloting-scaled-2-2048x1536.jpeg 2048w\" sizes=\"(max-width: 2560px) 100vw, 2560px\" \/>\t\t\t\t\t\t\t\t\t\t\t\t\t\t\t<\/div>\n\t\t\t\t<\/div>\n\t\t\t\t<div class=\"elementor-element elementor-element-5330561 elementor-widget elementor-widget-text-editor\" data-id=\"5330561\" data-element_type=\"widget\" data-e-type=\"widget\" data-settings=\"{&quot;_animation_tablet&quot;:&quot;fadeInUp&quot;}\" data-widget_type=\"text-editor.default\">\n\t\t\t\t<div class=\"elementor-widget-container\">\n\t\t\t\t\t\t\t\t\t<p>17. januarja 2025 izvedla pilotni preizkus spletnega te\u010daja o regenerativnem prehranskem turizmu. Seja je bila interaktivna z aktivno udele\u017ebo, vpra\u0161anji in izmenjavo izku\u0161enj. Ve\u010d udele\u017eencev \u017ee uporablja regenerativni turizem in so usposabljanje ocenili kot koristno za poglobitev pristopa. Povratne informacije so bile zelo pozitivne.<\/p>\t\t\t\t\t\t\t\t<\/div>\n\t\t\t\t<\/div>\n\t\t\t\t\t<\/div>\n\t\t<\/div>\n\t\t\t\t<div class=\"elementor-column elementor-col-33 elementor-inner-column elementor-element elementor-element-4128a35 elementor-hidden-tablet elementor-hidden-mobile\" data-id=\"4128a35\" data-element_type=\"column\" data-e-type=\"column\">\n\t\t\t<div class=\"elementor-widget-wrap\">\n\t\t\t\t\t\t\t<\/div>\n\t\t<\/div>\n\t\t\t\t\t<\/div>\n\t\t<\/section>\n\t\t\t\t\t<\/div>\n\t\t<\/div>\n\t\t\t\t\t<\/div>\n\t\t<\/section>\n\t\t\t\t<\/div>\n\t\t","protected":false},"excerpt":{"rendered":"<p>Inkubator V okviru projekta so bili v \u0160paniji, Sloveniji, Cipru, Franciji, na Portugalskem in v \u010crni gori izvedeni pilotni delavnice z lokalnimi pridelovalci in klju\u010dnimi dele\u017eniki v turizmu. Med delavnicami so partnerji projekta predstavili spletni te\u010daj o regenerativnem turizmu. Dom Spain 24. januarja 2025 je Espai Boule (Reus, \u0160panija) gostil pilotni dogodek za preizkus u\u010dnih [&hellip;]<\/p>\n","protected":false},"author":2,"featured_media":0,"parent":0,"menu_order":0,"comment_status":"closed","ping_status":"closed","template":"","meta":{"footnotes":""},"class_list":["post-7346","page","type-page","status-publish","hentry"],"_links":{"self":[{"href":"https:\/\/food-zone.eu\/sl\/wp-json\/wp\/v2\/pages\/7346","targetHints":{"allow":["GET"]}}],"collection":[{"href":"https:\/\/food-zone.eu\/sl\/wp-json\/wp\/v2\/pages"}],"about":[{"href":"https:\/\/food-zone.eu\/sl\/wp-json\/wp\/v2\/types\/page"}],"author":[{"embeddable":true,"href":"https:\/\/food-zone.eu\/sl\/wp-json\/wp\/v2\/users\/2"}],"replies":[{"embeddable":true,"href":"https:\/\/food-zone.eu\/sl\/wp-json\/wp\/v2\/comments?post=7346"}],"version-history":[{"count":4,"href":"https:\/\/food-zone.eu\/sl\/wp-json\/wp\/v2\/pages\/7346\/revisions"}],"predecessor-version":[{"id":9461,"href":"https:\/\/food-zone.eu\/sl\/wp-json\/wp\/v2\/pages\/7346\/revisions\/9461"}],"wp:attachment":[{"href":"https:\/\/food-zone.eu\/sl\/wp-json\/wp\/v2\/media?parent=7346"}],"curies":[{"name":"wp","href":"https:\/\/api.w.org\/{rel}","templated":true}]}}